{"id":23173,"date":"2019-11-09T04:33:13","date_gmt":"2019-11-09T07:33:13","guid":{"rendered":"http:\/\/furlanjet.com.br\/?post_type=product&#038;p=23173"},"modified":"2019-11-09T04:36:38","modified_gmt":"2019-11-09T07:36:38","slug":"impressora-tanque-de-tinta-pixma-mega-tank-g1100-canon","status":"publish","type":"product","link":"https:\/\/furlanjet.com.br\/?product=impressora-tanque-de-tinta-pixma-mega-tank-g1100-canon","title":{"rendered":"Impressora Tanque de Tinta Pixma Mega Tank G1100 Canon"},"content":{"rendered":"<p>IMPRESSORA TANQUE DE TINTA PIXMA MEGA TANK G1100 CANON<\/p>\n<p>&nbsp;<\/p>\n<p>A nova linha de impressoras Mega Tank \u00e9 ideal para quem procura impressora de alta produtividade e baixo custo de impress\u00e3o por p\u00e1gina e com alta qualidade de imagem. Possui sistema de tinta h\u00edbrido: preto pigmento e colorido corante, que oferece uma qualidade superior na impress\u00e3o de fotos e textos, al\u00e9m da confiabilidade das tintas originais Canon.<\/p>\n<p>Benef\u00edcios: Compacta e f\u00e1cil de recarregar, com sistema de tinta integrado. Maior volume de impress\u00e3o e baixo custo por p\u00e1gina. Imprime at\u00e9 6.000 p\u00e1ginas em preto e branco e at\u00e9 7.000 p\u00e1ginas coloridas. Fun\u00e7\u00e3o copiadora e scanner (dispon\u00edvel nos modelos G2100, G3100 e G3102) e conex\u00e3o wifi (dispon\u00edvel nos modelos G3100 e G3102).<\/p>\n","protected":false},"excerpt":{"rendered":"<p>ESPECIFICA\u00c7\u00d5ES:<\/p>\n<p>&nbsp;<\/p>\n<p>Cartuchos e Rendimentos:<\/p>\n<p>Cartuchos de tinta padr\u00e3o:<\/p>\n<p>&#8211; GI &#8211; 190 Frasco de tinta pigmento preta<\/p>\n<p>&#8211; GI &#8211; 190 Frasco de tinta ciano<\/p>\n<p>&#8211; GI &#8211; 190 Frasco de tinta magenta<\/p>\n<p>&#8211; GI &#8211; 190 Frasco de tinta amarela<\/p>\n<p>&nbsp;<\/p>\n<p>Rendimento do cartucho (Papel normal):\u00a0Preto: 6.000 \/ Colorido: 7.000<\/p>\n<p>&nbsp;<\/p>\n<p>Rendimento do cartucho (Impress\u00e3o fotogr\u00e1fica):\u00a0ND<\/p>\n<p>&nbsp;<\/p>\n<p>Suporte de Papel:<\/p>\n<p>Tipos de papel:<\/p>\n<p>&#8211; Papel comum,papel de alta resolu\u00e7\u00e3o; Brilhante: papel fotografico Plus Glossy II, papel fotografico Glossy; Fosco: Papel para foto fosco; Envelope: Envelope americano n\u00ba10<\/p>\n<p>&nbsp;<\/p>\n<p>Entrada m\u00e1xima de papel:\u00a0100 folhas de papel comum &#8211; ou &#8211; 20 folhas de papel para foto em 4&#8242; x 6&#8242; (10,16 cm x 15,24 cm)<\/p>\n<p>&nbsp;<\/p>\n<p>Tamanhos de papel:\u00a0A4, A5, B5, carta, oficio, envelopes n\u00ba 10,10&#215;15 cm,13&#215;18, tamanho personalizado (largura 101,6 mm: comprimento 152,4 mm &#8211; 676mm)<\/p>\n<p>&nbsp;<\/p>\n<p>Peso do papel:<\/p>\n<p>Papel normal: 64 a 105 g\/m\u00b2 \/ Pap\u00e9is fotogr\u00e1ficos Canon at\u00e9 275 g\/m\u00b2<\/p>\n<p>&nbsp;<\/p>\n<p>Interface:<\/p>\n<p>Tipo de interface &#8211; PC \/ Mac: USB de alta velocidade (porta tipo &#8220;B&#8221;)<\/p>\n<p>&nbsp;<\/p>\n<p>Software:<\/p>\n<p>Sistemas operacionais suportados:\u00a0Windows 8.1 \/ 8 \/ 7 \/ Vista SP1 e SP2 \/ XP SP3 32 bits<\/p>\n<p>Mac OS X v10.6.8 ou posterior<\/p>\n<p>&nbsp;<\/p>\n<p>Sistemas m\u00f3veis suportados:\u00a0iOS \/ Android \/ Windows RT<\/p>\n<p>&nbsp;<\/p>\n<p>Requisitos M\u00ednimos do Sistema:<\/p>\n<p>&#8211; USB<\/p>\n<p>&#8211; WINDOWS 10,<\/p>\n<p>&#8211; WINDOWS 8.1,<\/p>\n<p>&#8211; WINDOWS 8,<\/p>\n<p>&#8211; WINDOWS 7,<\/p>\n<p>&#8211; VISTA OU XP PR\u00c9 INSTALADOS<\/p>\n<p>&nbsp;<\/p>\n<p>Software Inclu\u00eddo:<\/p>\n<p>&#8211; Pixma G1100 printer driver<\/p>\n<p>&#8211; CD &#8211; Rom com o guia do usu\u00e1rio<\/p>\n<p>&#8211; My Image garden<\/p>\n<p>&nbsp;<\/p>\n<p>Especifica\u00e7\u00f5es:\u00a0Fonte de Alimenta\u00e7\u00e3o: 100-240 V AC,50\/60 Hz<\/p>\n<p>&nbsp;<\/p>\n<p>Fun\u00e7\u00f5es:\u00a0Impressora jato de tinta Resolu\u00e7\u00e3o de Impress\u00e3o:<\/p>\n<p>&#8211; Color: at\u00e9 4800 x 1200 dpi<\/p>\n<p>&#8211; Preto: at\u00e9 600 x 600 dpi<\/p>\n<p>&nbsp;<\/p>\n<p>Tecnologia de impress\u00e3o:\u00a04 jatos de tinta: preto (pigmento BK) e cores (C,Y,M)<\/p>\n<p>Tecnologia de impress\u00e3o:\u00a04 jatos de tinta: 3 garrafas preto (pigmento BK) e cores (C,Y,M)<\/p>\n<p>Velocidade de Impress\u00e3o Monocrom\u00e1tica:\u00a0Aprox. 8,8 ipm (IMAGENS POR MINUTO)<\/p>\n<p>Velocidade de Impress\u00e3o a Cores:\u00a0Aprox. 5,0 ipm (IMAGENS POR MINUTO)<\/p>\n<p>Velocidade de impress\u00e3o de fotografias:\u00a0Aprox. 60 seg (papel 10&#215;15)<\/p>\n<p>Impress\u00e3o Sem Margens:\u00a0Impress\u00e3o sem bordas at\u00e9 21,5 x 28 cm \/ A4<\/p>\n<p>Impress\u00e3o Frente e Verso:\u00a0Dispon\u00edvel apenas atrav\u00e9s de utiliza\u00e7\u00e3o manual<\/p>\n<p>Impress\u00e3o Direta em Disco (DVD\/CD):\u00a0N\u00c3O<\/p>\n","protected":false},"featured_media":23174,"comment_status":"closed","ping_status":"closed","template":"","meta":{"_joinchat":[]},"product_brand":[],"product_cat":[168],"product_tag":[],"class_list":{"0":"post-23173","1":"product","2":"type-product","3":"status-publish","6":"product_cat-impressora-jato-de-tinta","8":"first","9":"instock","10":"taxable","11":"shipping-taxable","12":"product-type-simple"},"_links":{"self":[{"href":"https:\/\/furlanjet.com.br\/index.php?rest_route=\/wp\/v2\/product\/23173","targetHints":{"allow":["GET"]}}],"collection":[{"href":"https:\/\/furlanjet.com.br\/index.php?rest_route=\/wp\/v2\/product"}],"about":[{"href":"https:\/\/furlanjet.com.br\/index.php?rest_route=\/wp\/v2\/types\/product"}],"replies":[{"embeddable":true,"href":"https:\/\/furlanjet.com.br\/index.php?rest_route=%2Fwp%2Fv2%2Fcomments&post=23173"}],"version-history":[{"count":0,"href":"https:\/\/furlanjet.com.br\/index.php?rest_route=\/wp\/v2\/product\/23173\/revisions"}],"wp:featuredmedia":[{"embeddable":true,"href":"https:\/\/furlanjet.com.br\/index.php?rest_route=\/wp\/v2\/media\/23174"}],"wp:attachment":[{"href":"https:\/\/furlanjet.com.br\/index.php?rest_route=%2Fwp%2Fv2%2Fmedia&parent=23173"}],"wp:term":[{"taxonomy":"product_brand","embeddable":true,"href":"https:\/\/furlanjet.com.br\/index.php?rest_route=%2Fwp%2Fv2%2Fproduct_brand&post=23173"},{"taxonomy":"product_cat","embeddable":true,"href":"https:\/\/furlanjet.com.br\/index.php?rest_route=%2Fwp%2Fv2%2Fproduct_cat&post=23173"},{"taxonomy":"product_tag","embeddable":true,"href":"https:\/\/furlanjet.com.br\/index.php?rest_route=%2Fwp%2Fv2%2Fproduct_tag&post=23173"}],"curies":[{"name":"wp","href":"https:\/\/api.w.org\/{rel}","templated":true}]}}