{"id":23169,"date":"2019-11-09T04:27:34","date_gmt":"2019-11-09T07:27:34","guid":{"rendered":"http:\/\/furlanjet.com.br\/?post_type=product&#038;p=23169"},"modified":"2019-11-09T04:32:31","modified_gmt":"2019-11-09T07:32:31","slug":"impressora-mono-ecotank-m1180-epson","status":"publish","type":"product","link":"https:\/\/furlanjet.com.br\/?product=impressora-mono-ecotank-m1180-epson","title":{"rendered":"Impressora Mono EcoTank M1180 &#8211; Epson"},"content":{"rendered":"<p>Impressora Mono EcoTank M1180 &#8211; Epson<\/p>\n","protected":false},"excerpt":{"rendered":"<p>Especica\u00e7\u00f5es t\u00e9cnicas<\/p>\n<p>&nbsp;<\/p>\n<p>Impress\u00e3o<\/p>\n<p>Tecnologia de impress\u00e3o: Jato de tinta PrecisionCore\u00ae monocrom\u00e1tica otimizada;<\/p>\n<p>Linguagem de impress\u00e3o: Epson ESC\/P-R, emula\u00e7\u00e3o PCL\u00ae 51, emula\u00e7\u00e3o PCL\u00ae 61;<\/p>\n<p>N\u00famero de injetores: 800 injetores pretos (2 las de 400 injetores);<\/p>\n<p>Tamanho m\u00ednimo da gota de tinta: 2.8 pl, com tecnologia de gotas de tinta de tamanho vari\u00e1vel;<\/p>\n<p>Resolu\u00e7\u00e3o m\u00e1xima de impress\u00e3o: 1200 dpi x 2400 dpi;<\/p>\n<p>Velocidade de impress\u00e3o ISO: Simples:20 ISO ppm, dupla: 9 ISO ppm;<\/p>\n<p>Velocidade m\u00e1xima de impress\u00e3o: 39 ppm (preto);<\/p>\n<p>Ciclo de trabalho mensal m\u00e1ximo: At\u00e9 20.000 p\u00e1ginas;<\/p>\n<p>Tempo de sa\u00edda da primeira p\u00e1gina: 6 segundos ap\u00f3s receber os dados em modo preparado;<\/p>\n<p>Duplex autom\u00e1tica: Sim.<\/p>\n<p>&nbsp;<\/p>\n<p>Impress\u00e3o e digitaliza\u00e7\u00e3o Wireless<\/p>\n<p>Solu\u00e7\u00f5es Epson: Epson ConnectTM4 Solutions, Epson Email Print\u00ae, Remote Print Driver:<\/p>\n<p>Outros: Epson iPrintTM App (iOSTM, AndroidTM, Google Cloud PrintTM , Mopria Print ServiceTM.<\/p>\n<p>&nbsp;<\/p>\n<p>Conectividade<\/p>\n<p>Conectividade padr\u00e3o: USB de alta velocidade (compat\u00edvel com especi\u00adca\u00e7\u00f5es USB 2.0), LAN Wireless IEEE 802.11 b\/g\/n), Interface Ethernet (100 Base-TX\/10 Base-T), Wi-Fi Direct\u00ae;<\/p>\n<p>Protocolos de rede: TCP\/IP v4, TCP\/IP v6;<\/p>\n<p>Protocolos de impress\u00e3o em rede: LPD, IPP, Porta 9100, WSD;<\/p>\n<p>Protocolos de gerenciamento de redes: SNMP, HTTP, DHCP, BOOTP, APIPA, PING, DDNS, mDNS, SNTP, SLP, WSD, LLTD;<\/p>\n<p>Seguran\u00e7a WLAN: WEP (64 \/ 128 Bits), WPA-PSK (TKIP), WPA-PSK (AES);<\/p>\n<p>Sistemas operacionais: Windows Vista\u2122 \/ Windows\u00ae 7 \/ Windows\u00ae 8 \/ Windows\u00ae 8.1 \/ Windows\u00ae 201610 Mac OS\u00aeX 10.6.8 \/ Mac OS\u00ae 10.14.x1110 (32 bits, 64 bits) Windows Server\u00ae 20032\/Windows Server\u00ae.<\/p>\n","protected":false},"featured_media":23170,"comment_status":"closed","ping_status":"closed","template":"","meta":{"_joinchat":[]},"product_brand":[],"product_cat":[168],"product_tag":[],"class_list":{"0":"post-23169","1":"product","2":"type-product","3":"status-publish","6":"product_cat-impressora-jato-de-tinta","8":"first","9":"instock","10":"taxable","11":"shipping-taxable","12":"product-type-simple"},"_links":{"self":[{"href":"https:\/\/furlanjet.com.br\/index.php?rest_route=\/wp\/v2\/product\/23169","targetHints":{"allow":["GET"]}}],"collection":[{"href":"https:\/\/furlanjet.com.br\/index.php?rest_route=\/wp\/v2\/product"}],"about":[{"href":"https:\/\/furlanjet.com.br\/index.php?rest_route=\/wp\/v2\/types\/product"}],"replies":[{"embeddable":true,"href":"https:\/\/furlanjet.com.br\/index.php?rest_route=%2Fwp%2Fv2%2Fcomments&post=23169"}],"version-history":[{"count":0,"href":"https:\/\/furlanjet.com.br\/index.php?rest_route=\/wp\/v2\/product\/23169\/revisions"}],"wp:featuredmedia":[{"embeddable":true,"href":"https:\/\/furlanjet.com.br\/index.php?rest_route=\/wp\/v2\/media\/23170"}],"wp:attachment":[{"href":"https:\/\/furlanjet.com.br\/index.php?rest_route=%2Fwp%2Fv2%2Fmedia&parent=23169"}],"wp:term":[{"taxonomy":"product_brand","embeddable":true,"href":"https:\/\/furlanjet.com.br\/index.php?rest_route=%2Fwp%2Fv2%2Fproduct_brand&post=23169"},{"taxonomy":"product_cat","embeddable":true,"href":"https:\/\/furlanjet.com.br\/index.php?rest_route=%2Fwp%2Fv2%2Fproduct_cat&post=23169"},{"taxonomy":"product_tag","embeddable":true,"href":"https:\/\/furlanjet.com.br\/index.php?rest_route=%2Fwp%2Fv2%2Fproduct_tag&post=23169"}],"curies":[{"name":"wp","href":"https:\/\/api.w.org\/{rel}","templated":true}]}}