{"id":23165,"date":"2019-11-09T04:20:28","date_gmt":"2019-11-09T07:20:28","guid":{"rendered":"http:\/\/furlanjet.com.br\/?post_type=product&#038;p=23165"},"modified":"2019-11-09T04:26:20","modified_gmt":"2019-11-09T07:26:20","slug":"impressora-movel-compacta-sem-fio-ip110-canon","status":"publish","type":"product","link":"https:\/\/furlanjet.com.br\/?product=impressora-movel-compacta-sem-fio-ip110-canon","title":{"rendered":"Impressora m\u00f3vel compacta sem fio iP110 &#8211; Canon"},"content":{"rendered":"<p>IMPRESSORA M\u00d3VEL COMPACTA SEM FIO IP110 &#8211; CANON<\/p>\n<p>&nbsp;<\/p>\n<p>A\u00a0Impressora m\u00f3vel compacta sem fio iP110 &#8211; Canon\u00a0sem fio; oferece conveni\u00eancia e qualidade de imagem superior. Seu design compacto e leve a torna ideal para o profissional que sempre est\u00e1 em ambientes diferentes. E com dpi m\u00e1ximo de cores de 9600 x 24002; com tecnologia de 1 pl, proporciona fotos excelentes e documentos empresariais n\u00edtidos em at\u00e9 21.59 x 27.94 cm. PIXMA iP110 oferece impress\u00e3o a partir de smartphones e tablets, principalmente para os profissionais que precisam conduzir neg\u00f3cios fora do escrit\u00f3rio, atrav\u00e9s do aplicativo PIXMA Printing Solutions (PPS).; PPS facilita a impress\u00e3o de fotos e documentos diretamente a partir de seu dispositivo m\u00f3vel em qualquer lugar onde voc\u00ea estiver. Com a fun\u00e7\u00e3o de impress\u00e3o a partir da nuvem \u00e9 poss\u00edvel imprimir documentos dos servi\u00e7os especiais em nuvem online como Facebook\u00ae, Twitter\u00ae, Dropbox\u2122, One Drive\u2122, Google Drive\u00ae.. E para os usu\u00e1rios dos dispositivos m\u00f3veis da Apple, iP110 \u00e9 compat\u00edvel com AirPrint\u2122. Para as ocasi\u00f5es em que precisar imprimir recursos de fotos como Easy-PhotoPrint+ fica f\u00e1cil editar e imprimir suas fotos de qualquer lugar onde houver acesso \u00e0 Internet. iP110 tamb\u00e9m vem com o software My Image Garden6, que facilita a organiza\u00e7\u00e3o e impress\u00e3o de suas fotos com \u00f3timo reconhecimento facial, filtros especiais, organiza\u00e7\u00e3o de calend\u00e1rios, sugest\u00f5es autom\u00e1ticas de layout e muito mais. O not\u00e1vel PIXMA iP110 \u00e9 o companheiro de impress\u00e3o perfeito para os profissionais que est\u00e3o sempre em movimento.<\/p>\n<p>&nbsp;<\/p>\n<p>VANTAGENS<\/p>\n<p>&nbsp;<\/p>\n<ul>\n<li>Ligue-se e imprima em viagem com a melhor impressora Wi-Fi port\u00e1til<\/li>\n<li>Impressione com documentos de excecional qualidade e alta resolu\u00e7\u00e3o a 9600 ppp<\/li>\n<li>Sinta a liberdade criativa da impress\u00e3o na cloud com o PIXMA Cloud Link<\/li>\n<li>Prepara-se para a impress\u00e3o sem complica\u00e7\u00f5es a partir de dispositivos inteligentes utilizando a aplica\u00e7\u00e3o Canon PRINT<\/li>\n<li>Desfrute de impress\u00e3o de fotografias e documentos de incr\u00edvel qualidade onde quer que esteja<\/li>\n<\/ul>\n<p>&nbsp;<\/p>\n","protected":false},"excerpt":{"rendered":"<p>DESCRI\u00c7\u00c3O GERAL:<\/p>\n<p>&nbsp;<\/p>\n<p>Fun\u00e7\u00f5es:\u00a0Impress\u00e3o sem fios, Cloud<\/p>\n<p>&nbsp;<\/p>\n<p>ESPECIFICA\u00c7\u00d5ES DA IMPRESSORA<\/p>\n<p>&nbsp;<\/p>\n<p>Resolu\u00e7\u00e3o de Impress\u00e3o:\u00a0At\u00e9 9600\u00b9 x 2400 ppp<\/p>\n<p>Motor de Impress\u00e3o:\u00a02 tinteiros: preto (pigmento BK) e Cores (BK, C, M, Y) Cabe\u00e7a de impress\u00e3o FINE de jato de tinta com 1 pl (m\u00edn.) de gotas de tinta; Tintas ChromaLife100<\/p>\n<p>Velocidade de Impress\u00e3o com Qualidade de Laborat\u00f3rio Fotogr\u00e1fico:\u00a010 x 15 cm sem margens: aprox. 50 segundos (Standard)<\/p>\n<p>Velocidade de Impress\u00e3o Monocrom\u00e1tica:\u00a0aprox. 9,0 ipm \u00b9<\/p>\n<p>Velocidade de Impress\u00e3o a Cores:\u00a0aprox. 5,8 ipm \u00b9<\/p>\n<p>Velocidade de impress\u00e3o de fotografias:\u00a0Sem margens de 10 x 15 cm: aprox. 53 seg. \u00b9<\/p>\n<p>Impress\u00e3o Sem Margens:\u00a0Sim (A4, Letter, 13 x 18 cm, 10 x 15 cm, 20 x 25 cm)<\/p>\n<p>Impress\u00e3o Frente e Verso:\u00a0Utiliza\u00e7\u00e3o manual<\/p>\n<p>&nbsp;<\/p>\n<p>CARTRIDGES E RENDIMENTOS<\/p>\n<p>&nbsp;<\/p>\n<p>TINTEIROS COMPAT\u00cdVEIS:<\/p>\n<p>PGI-35 Preto<\/p>\n<p>CLI-36 Cores<\/p>\n<p>&nbsp;<\/p>\n<p>Dura\u00e7\u00e3o dos tinteiros:<\/p>\n<p>PGI-35 preto: 191 p\u00e1ginas ou 1915 fotografias*<\/p>\n<p>CLI-36 Cores: 249 p\u00e1ginas ou 104 fotografias<\/p>\n<p>&nbsp;<\/p>\n<p>Padr\u00f5es de teste:<\/p>\n<p>ISO\/IEC 24711 para p\u00e1ginas de documentos A4 a cores<\/p>\n<p>ISO\/IEC 29102 para fotografias de formato 10 x 15 cm sem margens<\/p>\n<p>Valores obtidos ap\u00f3s impress\u00e3o cont\u00ednua<\/p>\n<p>* Capacidade suplementar estimada<\/p>\n<p>&nbsp;<\/p>\n<p>CARACTER\u00cdSTICAS GERAIS<\/p>\n<p>&nbsp;<\/p>\n<p>Fonte de alimenta\u00e7\u00e3o:\u00a0CA 100-240 V, 50\/60 Hz Bateria de i\u00f5es de l\u00edtio<\/p>\n<p>Consumo de Energia:\u00a0Desligado: aprox. 0,2 W<\/p>\n<p>Em espera (liga\u00e7\u00e3o sem fios a PC):\u00a0aprox. 1,8 W<\/p>\n<p>Em espera (todas as portas ligadas):\u00a0aprox. 2,2 W<\/p>\n<p>Tempo para entrar no modo de espera:\u00a02 minutos<\/p>\n<p>A imprimir:\u00a0aprox. 10 W (liga\u00e7\u00e3o sem fios a PC) \u00b9<\/p>\n<p>Ambiente de funcionamento recomendado:\u00a0Temperatura: 15-30 \u00b0C; Humidade: 10-80% de HR (sem condensa\u00e7\u00e3o)<\/p>\n<p>N\u00edveis de Ru\u00eddo Ac\u00fastico:\u00a0Aprox. 38,0 dB(A)\u00b9<\/p>\n<p>Dimens\u00f5es (L x P x A):\u00a0Aprox. 322 x 226 x 62 mm; Aprox. 322 x 185 x 62 mm (sem bateria)<\/p>\n<p>Peso:\u00a0Aprox. 2,2 kg; Aprox. 2,0 kg (sem bateria)<\/p>\n<p>&nbsp;<\/p>\n<p>SUPORTE DE PAPEL<\/p>\n<p>&nbsp;<\/p>\n<p>Tipos de papel:<\/p>\n<p>Papel normal<\/p>\n<p>Envelopes<\/p>\n<p>Papel fotogr\u00e1fico Glossy II (PP-201)<\/p>\n<p>Papel fotogr\u00e1fico brilhante (GP-501)<\/p>\n<p>Papel Fotogr\u00e1fico Mate (MP-101)<\/p>\n<p>Autocolantes fotogr\u00e1ficos (PS-101)<\/p>\n<p>Entrada m\u00e1xima de papel:\u00a0Alimentador de Folhas: m\u00e1x. 50 folhas<\/p>\n<p>Tamanhos de papel:\u00a0A4, B5, A5, Letter, Legal, Envelopes (tamanho DL ou Commercial 10), 10 x 15 cm, 13 x 18 cm, 20 x 25 cm<\/p>\n<p>Peso do papel:<\/p>\n<p>Papel normal: 64 a 105 g\/m\u00b2<\/p>\n<p>Pap\u00e9is fotogr\u00e1ficos Canon at\u00e9 275 g\/m\u00b2<\/p>\n<p>&nbsp;<\/p>\n<p>CONETIVIDADE<\/p>\n<p>&nbsp;<\/p>\n<p>Liga\u00e7\u00f5es com fios:\u00a0Hi-Speed USB (Porta B)<\/p>\n<p>Liga\u00e7\u00f5es sem fios:\u00a0Wi-Fi: IEEE802.11 b\/g\/n Seguran\u00e7a Wi-Fi: WPA-PSK, WPA2-PSK, WEP, Palavra-passe de administrador<\/p>\n<p>Banda de frequ\u00eancia da LAN sem fios:\u00a02,4 GHz<\/p>\n<p>Suporte de aplica\u00e7\u00f5es:<\/p>\n<p>PIXMA Cloud Link<\/p>\n<p>Aplica\u00e7\u00e3o Canon PRINT<\/p>\n<p>Canon Print Service Plugin (Android)<\/p>\n<p>Google Cloud Print<\/p>\n<p>Apple AirPrint<\/p>\n<p>Modo de ponto de acesso<\/p>\n<p>WLAN PictBridge<\/p>\n<p>Servi\u00e7o Mopria Print (Android)<\/p>\n<p>&nbsp;<\/p>\n<p>BATERIA PORT\u00c1TIL (OPCIONAL)<\/p>\n<p>&nbsp;<\/p>\n<p>Tipo:\u00a0I\u00f5es de L\u00edtio<\/p>\n<p>N\u00edvel de voltagem:\u00a011,1 V \u00a02110 mAh<\/p>\n<p>Tempo de carregamento (horas):\u00a0aprox. 3<\/p>\n<p>Indica\u00e7\u00e3o de restante:\u00a0LED 3 passos<\/p>\n<p>Impress\u00e3o de p\u00e1ginas:\u00a0aprox. 240 folhas (liga\u00e7\u00e3o ao PC por LAN sem fios) \u00b9; aprox. 290 folhas (liga\u00e7\u00e3o ao PC por USB) \u00b9<\/p>\n","protected":false},"featured_media":23166,"comment_status":"closed","ping_status":"closed","template":"","meta":{"_joinchat":[]},"product_brand":[],"product_cat":[168],"product_tag":[],"class_list":{"0":"post-23165","1":"product","2":"type-product","3":"status-publish","6":"product_cat-impressora-jato-de-tinta","8":"first","9":"instock","10":"taxable","11":"shipping-taxable","12":"product-type-simple"},"_links":{"self":[{"href":"https:\/\/furlanjet.com.br\/index.php?rest_route=\/wp\/v2\/product\/23165","targetHints":{"allow":["GET"]}}],"collection":[{"href":"https:\/\/furlanjet.com.br\/index.php?rest_route=\/wp\/v2\/product"}],"about":[{"href":"https:\/\/furlanjet.com.br\/index.php?rest_route=\/wp\/v2\/types\/product"}],"replies":[{"embeddable":true,"href":"https:\/\/furlanjet.com.br\/index.php?rest_route=%2Fwp%2Fv2%2Fcomments&post=23165"}],"version-history":[{"count":0,"href":"https:\/\/furlanjet.com.br\/index.php?rest_route=\/wp\/v2\/product\/23165\/revisions"}],"wp:featuredmedia":[{"embeddable":true,"href":"https:\/\/furlanjet.com.br\/index.php?rest_route=\/wp\/v2\/media\/23166"}],"wp:attachment":[{"href":"https:\/\/furlanjet.com.br\/index.php?rest_route=%2Fwp%2Fv2%2Fmedia&parent=23165"}],"wp:term":[{"taxonomy":"product_brand","embeddable":true,"href":"https:\/\/furlanjet.com.br\/index.php?rest_route=%2Fwp%2Fv2%2Fproduct_brand&post=23165"},{"taxonomy":"product_cat","embeddable":true,"href":"https:\/\/furlanjet.com.br\/index.php?rest_route=%2Fwp%2Fv2%2Fproduct_cat&post=23165"},{"taxonomy":"product_tag","embeddable":true,"href":"https:\/\/furlanjet.com.br\/index.php?rest_route=%2Fwp%2Fv2%2Fproduct_tag&post=23165"}],"curies":[{"name":"wp","href":"https:\/\/api.w.org\/{rel}","templated":true}]}}