{"id":23163,"date":"2019-11-09T04:14:52","date_gmt":"2019-11-09T07:14:52","guid":{"rendered":"http:\/\/furlanjet.com.br\/?post_type=product&#038;p=23163"},"modified":"2019-11-20T10:14:03","modified_gmt":"2019-11-20T13:14:03","slug":"impressora-colorida-ecosys-p7040cdn-kyocera","status":"publish","type":"product","link":"https:\/\/furlanjet.com.br\/?product=impressora-colorida-ecosys-p7040cdn-kyocera","title":{"rendered":"Impressora Colorida ECOSYS P7040CDN &#8211; Kyocera"},"content":{"rendered":"<p>IMPRESSORA COLORIDA ECOSYS P7040CDN &#8211; KYOCERA<\/p>\n<p>&nbsp;<\/p>\n<p>A\u00a0impressora colorida ECOSYS P7040cdn Kyocera\u00a0\u00a0oferece uma produ\u00e7\u00e3o excepcional de documentos coloridos, alta performance e um baixo custo de propriedade (TCO)voltados para a demanda atual pelo custo-benef\u00edcio, que \u00e9 uma exig\u00eancia do mercado. Com sua alta velocidade e performance em frente e verso e uma grande flexibilidade na variedade de m\u00eddias, a ECOSYS P7040cdn proporcionar\u00e1 a impress\u00e3o de uma maior quantidade de documentos permitindo uma veloz produ\u00e7\u00e3o sob demanda e reduzindo custos de terceiriza\u00e7\u00e3o. As impressoras ECOSYS oferecem uma rent\u00e1vel forma de utilizar a cor nas comunica\u00e7\u00f5es comerciais do dia a dia, ajudando a melhorar a produtividade dos documentos e reduzindo as despesas operacionais. Atrav\u00e9s da tecnologia avan\u00e7ada da KYOCERA, o uso de energia tem sido reduzida e mais pe\u00e7as de reposi\u00e7\u00e3o foram eliminados ou substitu\u00eddos por componentes de longa dura\u00e7\u00e3o, reduzindo o tempo de inatividade e os requerimentos de manuten\u00e7\u00e3o. E ao contr\u00e1rio dos produtos da concorr\u00eancia, a ECOSYS P7040cdn oferece um desempenho eficiente, reduzindo seus custos de suprimentos e de manuten\u00e7\u00e3o.<\/p>\n<p>&nbsp;<\/p>\n<ul>\n<li>At\u00e9 42 p\u00e1ginas por minuto em cores e monocrom\u00e1tico<\/li>\n<li>Ciclo de manuten\u00e7\u00e3o preventiva de at\u00e9 300.000 p\u00e1ginas<\/li>\n<li>512 MB de mem\u00f3ria padr\u00e3o, expans\u00edvel at\u00e9 2 GB, Gigabit Ethernet padr\u00e3o<\/li>\n<li>Volume mensal 150.000 p\u00e1ginas\/m\u00eas<\/li>\n<li>Interface USB padr\u00e3o para impress\u00e3o on-the-go<\/li>\n<li>Apple AirPrint e Google Cloud Print habilitado para Mobile Printing Solutions<\/li>\n<li>At\u00e9 9.600 x 600 dpi com 8 bit de profundidade de cores<\/li>\n<\/ul>\n","protected":false},"excerpt":{"rendered":"<p>ESPECIFICA\u00c7\u00d5ES B\u00c1SICAS<\/p>\n<p>&nbsp;<\/p>\n<p>Configura\u00e7\u00f5es:\u00a0KYOCERA ECOSYS\u00ae Impressora em rede colorida<\/p>\n<p>P\u00e1ginas por minuto (ppm):\u00a0Carta: 42 ppm; Of\u00edcio: 34 ppm; A4: 40 ppm<\/p>\n<p>Tempo de aquecimento:\u00a0At\u00e9 24 segundo com a energia ligada<\/p>\n<p>Primeira impress\u00e3o:\u00a0Preto e branco: At\u00e9 6 segundos; Colorida: At\u00e9 7 segundos<\/p>\n<p>Resolu\u00e7\u00e3o:\u00a0600 x 600 dpi, 9,600 x 600 de resolu\u00e7\u00e3o interpolada multi-bit<\/p>\n<p>Mem\u00f3ria:\u00a0Padr\u00e3o: Padr\u00e3o de 512 MB, expans\u00edvel at\u00e9 2 GB<\/p>\n<p>Unidade de disco r\u00edgido:<\/p>\n<p>HD-6 opcional (32 GB SSD)<\/p>\n<p>HD-7 opcional (128 GB SSD)<\/p>\n<p>Impress\u00e3o duplex:\u00a0Impress\u00e3o duplex sem empilhamento padr\u00e3o com suporte \u00e0 pap\u00e9is do tipo meio of\u00edcio at\u00e9 of\u00edcio (14 cm x 22\u00a0cm- 22 cm x 36 cm), de 60 a 163 g\/m2<\/p>\n<p>Bandeja de impress\u00e3o padr\u00e3o:\u00a0500 folhas<\/p>\n<p>Dimens\u00f5es\/peso:\u00a039 cm (L) x 53 cm (P) x 47 cm (A)\/29 kg<\/p>\n<p>Ru\u00eddos:\u00a0Impress\u00e3o: 53,5dB (A); Modo de espera: 30dB (A)<\/p>\n<p>Ciclo de funcionamento mensal m\u00e1ximo:\u00a0150.000 p\u00e1ginas por m\u00eas<\/p>\n<p>&nbsp;<\/p>\n<p>CONSUMO DE ENERGIA<\/p>\n<p>&nbsp;<\/p>\n<p>Alimenta\u00e7\u00e3o:\u00a0120v, 60Hz, 11,3A;<\/p>\n<p>Consumo t\u00edpico de energia:\u00a0120V: 2,59 KWh\/semana; M\u00e1ximo (incluindo op\u00e7\u00f5es) 120V: 1.329 W;<\/p>\n<p>Impress\u00e3o:\u00a0120V: 709 W;<\/p>\n<p>Modo de espera:\u00a0120V: 82 W;<\/p>\n<p>Modo de suspens\u00e3o:\u00a0120V: 2 W;<\/p>\n<p>Desligada:\u00a0120V: 0,3 W;<\/p>\n<p>&nbsp;<\/p>\n<p>ESPECIFICA\u00c7\u00d5ES DO PROCESSADOR<\/p>\n<p>&nbsp;<\/p>\n<p>Processador padr\u00e3o:\u00a0PowerPC 465S \/ 1GHz<\/p>\n<p>PDLs\/Emula\u00e7\u00f5es:\u00a0PRESCRIBE, PCL6 (PCLXL\/PCL5c), KPDL3 (compat\u00edvel com PS3), XPS<\/p>\n<p>Impress\u00e3o direta:\u00a0USB: TIFF, JPEG, XPS, Open XPS, PDF, PDF\/A, PDF criptografado<\/p>\n<p>Fontes:\u00a093 fontes escal\u00e1veis para PCL\/Postscript, 93 fontes para KPDL3(PS3), 8 fontes para Windows Vista, 1 fonte bitmap, PDF417<\/p>\n<p>C\u00f3digo de barras:\u00a0Unidimensional: 45, Bidimensional: 1 (PDF417)<\/p>\n<p>Compatibilidade com o SO Windows:\u00a0Windows XP\/Vista\/7\/8\/8.1\/ Server 2003\/Server 2008\/ Server 2008 R2 \/ Server 2012\/ Server 2012 R2<\/p>\n<p>Compatibilidade com o SO Mac:\u00a0Mac OS 10.5 e posteriores, compat\u00edvel com AirPrint<\/p>\n<p>Interfaces:\u00a0Padr\u00e3o: 10\/100\/1000BaseTX, USB 2.0 de alta velocidade, 2 interfaces USB Host, 1 slot de expans\u00e3o;<\/p>\n<p>Opcional:\u00a010\/100\/1000BaseTX (IB-50 para Dual NIC);<\/p>\n<p>Protocolos de rede:\u00a0TCP\/IP, IPv4, IPv6; HTTP, LPD, FTP, IPP, RawPort, LLTD, SNTP, DHCP, SMTP, POP3, DNS, SNMPv1\/v2, Impress\u00e3o por WSD<\/p>\n<p>Seguran\u00e7a:\u00a0Autentica\u00e7\u00e3o em rede, IPsec, SNMPv3, IEEE802.1x, IPP sobre SSL\/TLS, HTTPS, FTP sobre SSL\/TLS, POP3 sobre SSL\/TLS, WSD aprimorado sobre SSL\/TLS, ThinPrint sobre SSL\/TLS (com UG-33 opcional)<\/p>\n<p>Drivers: KX Driver, Mini Driver, KX Driver para XPS, Mac Driver, PPD para Linux<\/p>\n<p>Utilidades:\u00a0KYOCERA Net Admin, KYOCERA Net Viewer, KYOCERA Net Direct Print, Command Center RX<\/p>\n<p>Invent\u00e1rio departamental:\u00a0100 c\u00f3digos de departamento<\/p>\n<p>Recursos de de impress\u00e3o adicionais:\u00a0Impress\u00e3o confi dencial, teste e reten\u00e7\u00e3o, modo EcoPrint, Internet Printing IPP 1.1, armazenamento de\u00a0trabalhos*, c\u00f3pia r\u00e1pida*<\/p>\n<p>Suporte em m\u00faltiplos idiomas:\u00a0Ingl\u00eas, alem\u00e3o, italiano, franc\u00eas, espanhol, portugu\u00eas, holand\u00eas e russo<\/p>\n<p>&nbsp;<\/p>\n<p>ALIMENTA\u00c7\u00c3O DE PAPEL<\/p>\n<p>&nbsp;<\/p>\n<p>Fontes de papel padr\u00e3o:\u00a0Bandeja \u00fanica para 500 folhas, bandeja multiuso para 100 folhas<\/p>\n<p>Padr\u00e3o\/M\u00e1ximo de fontes de papel:\u00a02\/5 incluindo bandeja multiuso<\/p>\n<p>Padr\u00e3o\/M\u00e1ximo de capacidade de papel:\u00a0600 folhas\/2.100 folhas<\/p>\n<p>Tamanho\/gramatura do papel para a bandeja de papel:\u00a0Carta, of\u00edcio, meio of\u00edcio, A4, A5, A6, B5, personalizado\/60 a 163 g\/m2<\/p>\n<p>Tamanho\/gramatura do papel para a duplex padr\u00e3o:\u00a0Carta, of\u00edcio, meio of\u00edcio, A4, A5, B5, personalizado\/60 a 163 g\/m2<\/p>\n<p>Tamanho\/gramatura do papel para a bandeja multiuso:\u00a0Carta, of\u00edcio, meio of\u00edcio, A4, A5, A6, B5, B6, envelope, personalizado\/60 a 220 g\/m2<\/p>\n<p>Materiais de entrada:\u00a0Bandeja padr\u00e3o: papel comum, papel sulfite, papel reciclado; Bandejas opcionais: papel comum, papel sulfite, papel reciclado, revestido, envelopes, etiquetas; Bandeja<\/p>\n<p>multiuso (MPT):\u00a0cart\u00e3o, transpar\u00eancias, etiquetas, envelopes<\/p>\n<p>&nbsp;<\/p>\n<p>ALIMENTADOR DE PAPEL PF\/5100<\/p>\n<p>&nbsp;<\/p>\n<p>Capacidade de papel:\u00a0500 folhas<\/p>\n<p>Tamanho\/gramatura do papel:\u00a0Carta, of\u00edcio, meio of\u00edcio, A4, A5, B5, envelope, personalizado\/60 a 220 g\/m2<\/p>\n<p>Dimens\u00f5es\/peso:\u00a039 cm (L) x 53 cm (P) x 12 cm (A)\/4 kg<\/p>\n<p>&nbsp;<\/p>\n<p>SUPRIMENTOS<\/p>\n<p>&nbsp;<\/p>\n<p>Toner preto:\u00a0TK-5162K para 16.000 p\u00e1ginas**<\/p>\n<p>Toner ciano:\u00a0TK-5162C para 12.000 p\u00e1ginas**<\/p>\n<p>Toner magenta:\u00a0TK-5162M para 12,000 p\u00e1ginas**<\/p>\n<p>Toner amarelo:\u00a0TK-5162Y para 12,000 p\u00e1ginas**<\/p>\n","protected":false},"featured_media":23164,"comment_status":"closed","ping_status":"closed","template":"","meta":{"_joinchat":[]},"product_brand":[],"product_cat":[167],"product_tag":[],"class_list":{"0":"post-23163","1":"product","2":"type-product","3":"status-publish","6":"product_cat-impressora-laser-color","8":"first","9":"instock","10":"taxable","11":"shipping-taxable","12":"product-type-simple"},"_links":{"self":[{"href":"https:\/\/furlanjet.com.br\/index.php?rest_route=\/wp\/v2\/product\/23163","targetHints":{"allow":["GET"]}}],"collection":[{"href":"https:\/\/furlanjet.com.br\/index.php?rest_route=\/wp\/v2\/product"}],"about":[{"href":"https:\/\/furlanjet.com.br\/index.php?rest_route=\/wp\/v2\/types\/product"}],"replies":[{"embeddable":true,"href":"https:\/\/furlanjet.com.br\/index.php?rest_route=%2Fwp%2Fv2%2Fcomments&post=23163"}],"version-history":[{"count":0,"href":"https:\/\/furlanjet.com.br\/index.php?rest_route=\/wp\/v2\/product\/23163\/revisions"}],"wp:featuredmedia":[{"embeddable":true,"href":"https:\/\/furlanjet.com.br\/index.php?rest_route=\/wp\/v2\/media\/23164"}],"wp:attachment":[{"href":"https:\/\/furlanjet.com.br\/index.php?rest_route=%2Fwp%2Fv2%2Fmedia&parent=23163"}],"wp:term":[{"taxonomy":"product_brand","embeddable":true,"href":"https:\/\/furlanjet.com.br\/index.php?rest_route=%2Fwp%2Fv2%2Fproduct_brand&post=23163"},{"taxonomy":"product_cat","embeddable":true,"href":"https:\/\/furlanjet.com.br\/index.php?rest_route=%2Fwp%2Fv2%2Fproduct_cat&post=23163"},{"taxonomy":"product_tag","embeddable":true,"href":"https:\/\/furlanjet.com.br\/index.php?rest_route=%2Fwp%2Fv2%2Fproduct_tag&post=23163"}],"curies":[{"name":"wp","href":"https:\/\/api.w.org\/{rel}","templated":true}]}}