{"id":23161,"date":"2019-11-09T04:11:46","date_gmt":"2019-11-09T07:11:46","guid":{"rendered":"http:\/\/furlanjet.com.br\/?post_type=product&#038;p=23161"},"modified":"2019-11-20T10:18:11","modified_gmt":"2019-11-20T13:18:11","slug":"ecosys-p6235cdn-kyocera","status":"publish","type":"product","link":"https:\/\/furlanjet.com.br\/?product=ecosys-p6235cdn-kyocera","title":{"rendered":"Ecosys P6235CDN &#8211; Kyocera"},"content":{"rendered":"<p>A impressora A4 colorida ECOSYS P6235cdn possui velocidade de impress\u00e3o de at\u00e9 37 p\u00e1ginas por minuto. Com capacidade de papel de at\u00e9 2.100 folhas, a ECOSYS P6235cdn tem a capacidade de manter o ritmo de trabalho de sua empresa sem sacrificar os resultados, oferecendo a qualidade e o desempenho que seus neg\u00f3cios merecem.<\/p>\n<p>Os equipamentos multifuncionais ECOSYS possuem uma tecnologia de imagem que conta com cilindro de longa dura\u00e7\u00e3o patenteado, isso elimina a necessidade de substitui\u00e7\u00e3o do cilindro quando o toner acaba, reduzindo o custo por impress\u00e3o e a quantidade de res\u00edduos.<\/p>\n","protected":false},"excerpt":{"rendered":"<p>ESPECIFICA\u00c7\u00d5ES B\u00c1SICAS<\/p>\n<p>Configura\u00e7\u00f5es:\u00a0Impressora laser colorida<\/p>\n<p>P\u00e1ginas por minuto:\u00a0Preto e branco\/Cores &#8211; Carta: 37 ppm; Of\u00edcio: 30 ppm; A4: 35 ppm<\/p>\n<p>Impress\u00e3o duplex:\u00a0Carta 33 ppm; Of\u00edcio 26 ppm; A4 32 ppm<\/p>\n<p>Visor:\u00a0LCD de 5 linhas com painel de controle com 10 teclas<\/p>\n<p>Tempo de aquecimento:\u00a0At\u00e9 25 segundos (energia ligada)<\/p>\n<p>Primeira impress\u00e3o:\u00a0Impress\u00e3o: At\u00e9 6,5 segundos em preto e branco; at\u00e9 7,5 segundos em cores<\/p>\n<p>Resolu\u00e7\u00e3o:\u00a01200 x 1200 dpi, 9600 dpi x 600 dpi, 600 x 600 dpi<\/p>\n<p>Mem\u00f3ria:\u00a0Pdr.\/M\u00e1x.: 1 GB\/3 GB<\/p>\n<p>Ciclo de funcionamento mensal m\u00e1ximo:\u00a0100.000 p\u00e1g. por m\u00eas<\/p>\n","protected":false},"featured_media":23162,"comment_status":"closed","ping_status":"closed","template":"","meta":{"_joinchat":[]},"product_brand":[],"product_cat":[167],"product_tag":[],"class_list":{"0":"post-23161","1":"product","2":"type-product","3":"status-publish","6":"product_cat-impressora-laser-color","8":"first","9":"instock","10":"taxable","11":"shipping-taxable","12":"product-type-simple"},"_links":{"self":[{"href":"https:\/\/furlanjet.com.br\/index.php?rest_route=\/wp\/v2\/product\/23161","targetHints":{"allow":["GET"]}}],"collection":[{"href":"https:\/\/furlanjet.com.br\/index.php?rest_route=\/wp\/v2\/product"}],"about":[{"href":"https:\/\/furlanjet.com.br\/index.php?rest_route=\/wp\/v2\/types\/product"}],"replies":[{"embeddable":true,"href":"https:\/\/furlanjet.com.br\/index.php?rest_route=%2Fwp%2Fv2%2Fcomments&post=23161"}],"version-history":[{"count":0,"href":"https:\/\/furlanjet.com.br\/index.php?rest_route=\/wp\/v2\/product\/23161\/revisions"}],"wp:featuredmedia":[{"embeddable":true,"href":"https:\/\/furlanjet.com.br\/index.php?rest_route=\/wp\/v2\/media\/23162"}],"wp:attachment":[{"href":"https:\/\/furlanjet.com.br\/index.php?rest_route=%2Fwp%2Fv2%2Fmedia&parent=23161"}],"wp:term":[{"taxonomy":"product_brand","embeddable":true,"href":"https:\/\/furlanjet.com.br\/index.php?rest_route=%2Fwp%2Fv2%2Fproduct_brand&post=23161"},{"taxonomy":"product_cat","embeddable":true,"href":"https:\/\/furlanjet.com.br\/index.php?rest_route=%2Fwp%2Fv2%2Fproduct_cat&post=23161"},{"taxonomy":"product_tag","embeddable":true,"href":"https:\/\/furlanjet.com.br\/index.php?rest_route=%2Fwp%2Fv2%2Fproduct_tag&post=23161"}],"curies":[{"name":"wp","href":"https:\/\/api.w.org\/{rel}","templated":true}]}}