{"id":23159,"date":"2019-11-09T04:08:56","date_gmt":"2019-11-09T07:08:56","guid":{"rendered":"http:\/\/furlanjet.com.br\/?post_type=product&#038;p=23159"},"modified":"2019-11-20T10:12:08","modified_gmt":"2019-11-20T13:12:08","slug":"impressora-laser-color-ecosys-p6230cdn-kyocera","status":"publish","type":"product","link":"https:\/\/furlanjet.com.br\/?product=impressora-laser-color-ecosys-p6230cdn-kyocera","title":{"rendered":"Impressora Laser Color Ecosys P6230CDN &#8211; Kyocera"},"content":{"rendered":"<p>A\u00a0ECOSYS P6230cdn\u00a0combina velocidade, economia e uma qualidade de cor excelente, com caracter\u00edsticas de rede e seguran\u00e7a inteligentes. Esta eficaz combina\u00e7\u00e3o de caracter\u00edsticas preenche todos os requisitos de locais de trabalho din\u00e2micos e alto volume de impress\u00e3o. Gra\u00e7as \u00e0 conhecida tecnologia ECOSYS com componentes de longa dura\u00e7\u00e3o, este modelo oferece um excelente custo benef\u00edcio.<\/p>\n","protected":false},"excerpt":{"rendered":"<p>CARACTER\u00cdSTICAS<\/p>\n<p>&nbsp;<\/p>\n<p><a name=\"_dx_frag_StartFragment\"><\/a>&#8211; Velocidade de impress\u00e3o colorida de at\u00e9 32 ppm;<\/p>\n<p>&#8211; Impress\u00f5es com uma resolu\u00e7\u00e3o real de 1.200 x 1.200 dpi*;<\/p>\n<p>&#8211; Visor LCD de 2 linhas com painel de controle e teclas;<\/p>\n<p>&#8211; Processador de 1.2GHz e mem\u00f3ria padr\u00e3o de 1GB;<\/p>\n<p>&#8211; Capacidade padr\u00e3o para 600 folhas; expans\u00edvel para at\u00e9 2.100 folhas;<\/p>\n<p>&#8211; Compat\u00edvel com KYOCERA Mobile Print\u2122 , Apple AirPrint\u00ae **, Google Cloud Print\u2122 e Mopria\u00ae Print Services;<\/p>\n<p>&#8211; Compat\u00edvel com o KYOCERA Fleet Services (KFS), um sistema de monitoramento baseado em nuvem, que otimiza o tempo de funcionamento do dispositivo e reduz custos;<\/p>\n<p>&#8211; Compat\u00edvel com o KYOCERA Net Manager (KNM), uma interface administrativa que permite gerenciar pol\u00edticas de impress\u00e3o de usu\u00e1rios (como e onde eles imprimem) e dispositivos de impress\u00e3o.<\/p>\n<p>&nbsp;<\/p>\n<p>CONSUM\u00cdVEIS<\/p>\n<p>&nbsp;<\/p>\n<p><a name=\"_dx_frag_StartFragment\"><\/a>Toner Preto:\u00a0TK-5272K &#8211; 8.000 p\u00e1ginas<\/p>\n<p>Toner Cyan:\u00a0TK-5272C &#8211; 6.000 p\u00e1ginas<\/p>\n<p>Toner Magenta:\u00a0TK-5272M &#8211; 6.000 p\u00e1ginas<\/p>\n<p>Toner Amarelo:\u00a0TK-5272Y &#8211; 6.000 p\u00e1ginas<\/p>\n","protected":false},"featured_media":23160,"comment_status":"closed","ping_status":"closed","template":"","meta":{"_joinchat":[]},"product_brand":[],"product_cat":[167],"product_tag":[],"class_list":{"0":"post-23159","1":"product","2":"type-product","3":"status-publish","6":"product_cat-impressora-laser-color","8":"first","9":"instock","10":"taxable","11":"shipping-taxable","12":"product-type-simple"},"_links":{"self":[{"href":"https:\/\/furlanjet.com.br\/index.php?rest_route=\/wp\/v2\/product\/23159","targetHints":{"allow":["GET"]}}],"collection":[{"href":"https:\/\/furlanjet.com.br\/index.php?rest_route=\/wp\/v2\/product"}],"about":[{"href":"https:\/\/furlanjet.com.br\/index.php?rest_route=\/wp\/v2\/types\/product"}],"replies":[{"embeddable":true,"href":"https:\/\/furlanjet.com.br\/index.php?rest_route=%2Fwp%2Fv2%2Fcomments&post=23159"}],"version-history":[{"count":0,"href":"https:\/\/furlanjet.com.br\/index.php?rest_route=\/wp\/v2\/product\/23159\/revisions"}],"wp:featuredmedia":[{"embeddable":true,"href":"https:\/\/furlanjet.com.br\/index.php?rest_route=\/wp\/v2\/media\/23160"}],"wp:attachment":[{"href":"https:\/\/furlanjet.com.br\/index.php?rest_route=%2Fwp%2Fv2%2Fmedia&parent=23159"}],"wp:term":[{"taxonomy":"product_brand","embeddable":true,"href":"https:\/\/furlanjet.com.br\/index.php?rest_route=%2Fwp%2Fv2%2Fproduct_brand&post=23159"},{"taxonomy":"product_cat","embeddable":true,"href":"https:\/\/furlanjet.com.br\/index.php?rest_route=%2Fwp%2Fv2%2Fproduct_cat&post=23159"},{"taxonomy":"product_tag","embeddable":true,"href":"https:\/\/furlanjet.com.br\/index.php?rest_route=%2Fwp%2Fv2%2Fproduct_tag&post=23159"}],"curies":[{"name":"wp","href":"https:\/\/api.w.org\/{rel}","templated":true}]}}