{"id":23142,"date":"2019-11-09T03:40:12","date_gmt":"2019-11-09T06:40:12","guid":{"rendered":"http:\/\/furlanjet.com.br\/?post_type=product&#038;p=23142"},"modified":"2020-09-02T16:30:21","modified_gmt":"2020-09-02T19:30:21","slug":"impressora-mono-mps5501b-laser-okidata","status":"publish","type":"product","link":"https:\/\/furlanjet.com.br\/?product=impressora-mono-mps5501b-laser-okidata","title":{"rendered":"Impressora Mono MPS5501B Laser &#8211; OKIDATA"},"content":{"rendered":"<p>IMPRESSORA MONO MPS5501B LASER &#8211; OKIDATA<\/p>\n<p>&nbsp;<\/p>\n<p>A\u00a0Impressora Mono MPS5501B Laser &#8211; OKIDATA \u00e9\u00a0Ideal para empresas produtivas. Mais r\u00e1pida e econ\u00f4mica, a impressora monocrom\u00e1tica MPS5501b \u00e9 direcionada ao mercado corporativo para uso em m\u00e9dios e grandes grupos de trabalho. Ela imprime documentos a 55 ppm, acompanha toner de alta capacidade para 36 mil p\u00e1ginas e possui ciclo mensal para at\u00e9 280 mil p\u00e1ginas. Seu processador de 800 Mhz pode lidar com grandes cargas de trabalho, minimizando o n\u00famero de interven\u00e7\u00f5es pelo usu\u00e1rio e aumentando a produtividade. O novo Painel Operador com display LCD e teclado alfanum\u00e9rico facilita a leitura e manuseio do equipamento. A MPS5501b conta ainda com conex\u00f5es em rede e porta USB 2.0 padr\u00e3o e outra frontal para impress\u00e3o direta via pen drive e uso de senha PIN para impress\u00e3o de documentos confidenciais.<\/p>\n","protected":false},"excerpt":{"rendered":"<p>Caracter\u00edsticas Principais:<\/p>\n<p>&nbsp;<\/p>\n<ul>\n<li>Confiabilidade, robustez e m\u00e1xima disponibilidade, imprima at\u00e9 280 mil p\u00e1ginas\/m\u00eas ou 14.000 documentos por dia<\/li>\n<li>Apple\u00ae AirPrint\u2122<\/li>\n<li>Cilindro de impress\u00e3o para at\u00e9 100.000 p\u00e1ginas cont\u00ednuas<\/li>\n<li>Alta defini\u00e7\u00e3o de impress\u00e3o com resolu\u00e7\u00e3o de 1200&#215;1200 dpi<\/li>\n<li>Sensacional performance, imprima at\u00e9 55 p\u00e1ginas por minuto1<\/li>\n<li>Impress\u00e3o frente e verso padr\u00e3o<\/li>\n<li>Imprima a partir de um Pen-Drive via Painel Operador sem a necessidade de um PC conectado<\/li>\n<li>Primeira p\u00e1gina em impressa em apenas 5 segundos1<\/li>\n<li>Cartucho de Toner inicial para at\u00e9 36 mil p\u00e1ginas2<\/li>\n<li>Emula\u00e7\u00e3o PCL 5e, PCL 6, PostScript\u00ae 3, XPS, PDF v1.8, IBM\u00ae Proprinter\u00ae, Epson\u00ae FX<\/li>\n<li>Alta diversidade de m\u00eddias e gramatura at\u00e9 253 g\/m2<\/li>\n<li>Conex\u00f5es USB 2.0 e Rede Ethernet Gigabit<\/li>\n<li>Armazene fontes e arquivos diretamente na impressora e utilize recursos de produtividade como Impress\u00e3o Segura, Prova de Impress\u00e3o e Impress\u00e3o Programada sem a necessidade de Mem\u00f3ria Opcional<\/li>\n<li>Use o HD de 160GB opcional para armazenar trabalhos complexos<\/li>\n<\/ul>\n<p>&nbsp;<\/p>\n<p>&nbsp;<\/p>\n<p>Especifica\u00e7\u00f5es<\/p>\n<p>&nbsp;<\/p>\n<p>Velocidade de impress\u00e3o:\u00a055 ppm<\/p>\n<p>Tempo para a primeira p\u00e1gina:\u00a05 segundos<\/p>\n<p>Impress\u00e3o Frente e Verso:\u00a0Padr\u00e3o<\/p>\n<p>Tecnologia:\u00a0LED<\/p>\n<p>Tempo de aquecimento:\u00a035 segundos<\/p>\n<p>Resolu\u00e7\u00e3o de impress\u00e3o:\u00a0At\u00e9 1200 x 1200 dpi<\/p>\n<p>Velocidade do processador:\u00a0800MHz<\/p>\n<p>Ciclo de trabalho:\u00a0At\u00e9 280.000 p\u00e1ginas\/m\u00eas<\/p>\n<p>Emula\u00e7\u00f5es:\u00a0PostScript\u00ae 3\u2122; PCL\u00ae 6, PCL 5e; XPS; PDF v1.8, IBM Proprinter, Epson\u00ae FX<\/p>\n<p>Compatibilidade com sistemas operacionais:\u00a0Windows 8, Windows 7 (32\/64-bit), Vista\u00ae (32\/64-bit), XP (32\/64-bit), Server 2012, Server 2008 (32\/64-bit), Server 2008 R2 (64-bit), Server 2003 (32\/64- bit), Windows 2000, Mac\u00ae OS 10.4.0~10.8; Linux; Citrix; SAP<br \/>\nConectividade: USB 2.0 de alta velocidade; USB 2.0 Host frontal para Conex\u00e3o de PenDrives; Rede Ethernet 10\/100\/1000 Base-TX;<\/p>\n<p>Painel LCD:\u00a0Painel Alfanum\u00e9rico com 5 Linhas; Ilumina\u00e7\u00e3o Azul<\/p>\n<p>Teclas de acesso:\u00a0Facilidade para inser\u00e7\u00e3o de senhas atrav\u00e9s do teclado e principais fun\u00e7\u00f5es do equipamento<br \/>\nMem\u00f3ria Padr\u00e3o\/M\u00e1xima:\u00a0256MB\/768MB<\/p>\n<p>Armazenamento:\u00a0Disco R\u00edgido de 160GB Opcional<\/p>\n<p>&nbsp;<\/p>\n<p>Manuseamento de Papel:<\/p>\n<p>&nbsp;<\/p>\n<p>Capacidade padr\u00e3o:\u00a0630 folhas (530 folhas na bandeja principal + 100 folhas na bandeja manual)<\/p>\n<p>Capacidade adicional:\u00a0Segunda, terceira e quarta bandejas de papel para 530 folhas cada; Bandeja de alta capacidade para 2000 folhas<\/p>\n<p>Capacidade m\u00e1xima (com opcionais):\u00a0At\u00e9 3160 folhas (Alimenta\u00e7\u00e3o padr\u00e3o de 630 folhas + 2\u00b0 Bandeja de 530 opcional + Bandeja de Alta Capacidade opcional de 2000 folhas<\/p>\n<p>Formatos de Papel:\u00a0A4, A5, A6, B5, Carta, Of\u00edcio, 13, 13.5 e 14, Executivo, Envelopes (C5, C6, DL, Com-9, Com-10, Monarch). Customizado: 76mm x 127mm at\u00e9 210mm x 1300mm de comprimento;<\/p>\n<p>Tamanhos de papel:\u00a0M\u00ednimo 3\u201dx5\u201d (76 x 127 mm); M\u00e1ximo: 8,5\u201d x 52\u201d (216 x 1320 mm)<\/p>\n<p>Gramatura de Papel:\u00a064~253g\/m2<\/p>\n<p>Detec\u00e7\u00e3o Autom\u00e1tica de Papel:\u00a0Sim<\/p>\n<p>Sa\u00edda Padr\u00e3o de Papel:\u00a0500 Folhas viradas para baixo; 100 Folhas viradas para cima<\/p>\n<p>Suprimentos:<\/p>\n<p>Cartucho de Toner:\u00a0At\u00e9 36 mil p\u00e1ginas (ISO\/IEC NBR19752)<\/p>\n<p>Cilindro de Impress\u00e3o:\u00a072 mil p\u00e1ginas<\/p>\n","protected":false},"featured_media":23143,"comment_status":"closed","ping_status":"closed","template":"","meta":{"_joinchat":[]},"product_brand":[],"product_cat":[166,99],"product_tag":[],"class_list":{"0":"post-23142","1":"product","2":"type-product","3":"status-publish","6":"product_cat-impressoras-pb","7":"product_cat-oki","9":"first","10":"instock","11":"taxable","12":"shipping-taxable","13":"product-type-simple"},"_links":{"self":[{"href":"https:\/\/furlanjet.com.br\/index.php?rest_route=\/wp\/v2\/product\/23142","targetHints":{"allow":["GET"]}}],"collection":[{"href":"https:\/\/furlanjet.com.br\/index.php?rest_route=\/wp\/v2\/product"}],"about":[{"href":"https:\/\/furlanjet.com.br\/index.php?rest_route=\/wp\/v2\/types\/product"}],"replies":[{"embeddable":true,"href":"https:\/\/furlanjet.com.br\/index.php?rest_route=%2Fwp%2Fv2%2Fcomments&post=23142"}],"version-history":[{"count":0,"href":"https:\/\/furlanjet.com.br\/index.php?rest_route=\/wp\/v2\/product\/23142\/revisions"}],"wp:featuredmedia":[{"embeddable":true,"href":"https:\/\/furlanjet.com.br\/index.php?rest_route=\/wp\/v2\/media\/23143"}],"wp:attachment":[{"href":"https:\/\/furlanjet.com.br\/index.php?rest_route=%2Fwp%2Fv2%2Fmedia&parent=23142"}],"wp:term":[{"taxonomy":"product_brand","embeddable":true,"href":"https:\/\/furlanjet.com.br\/index.php?rest_route=%2Fwp%2Fv2%2Fproduct_brand&post=23142"},{"taxonomy":"product_cat","embeddable":true,"href":"https:\/\/furlanjet.com.br\/index.php?rest_route=%2Fwp%2Fv2%2Fproduct_cat&post=23142"},{"taxonomy":"product_tag","embeddable":true,"href":"https:\/\/furlanjet.com.br\/index.php?rest_route=%2Fwp%2Fv2%2Fproduct_tag&post=23142"}],"curies":[{"name":"wp","href":"https:\/\/api.w.org\/{rel}","templated":true}]}}