{"id":23136,"date":"2019-11-09T03:36:07","date_gmt":"2019-11-09T06:36:07","guid":{"rendered":"http:\/\/furlanjet.com.br\/?post_type=product&#038;p=23136"},"modified":"2019-11-09T03:39:35","modified_gmt":"2019-11-09T06:39:35","slug":"impressora-laser-mono-hl-l6202dw-brother","status":"publish","type":"product","link":"https:\/\/furlanjet.com.br\/?product=impressora-laser-mono-hl-l6202dw-brother","title":{"rendered":"Impressora Laser Mono HL-L6202DW &#8211; BROTHER"},"content":{"rendered":"<p>IMPRESSORA LASER MONO HLL6202DW &#8211; BROTHER<\/p>\n<p>&nbsp;<\/p>\n<p>A\u00a0Impressora Laser Mono HLL6202DW &#8211; Brother\u00a0\u00e9 uma \u00f3tima escolha para escrit\u00f3rios e grupos de trabalho com volumes de impress\u00e3o mais elevados que precisam de uma impressora confi\u00e1vel com um baixo custo por p\u00e1gina. Maximizar sua produtividade com impress\u00e3o r\u00e1pida at\u00e9 48\/46 ppm (carta\/A4) e impress\u00e3o autom\u00e1tica frente e verso, ajudam a reduzir os custos operacionais com um cartucho de toner de substitui\u00e7\u00e3o alto rendimento. Reduzir recargas de papel com uma bandeja de papel com capacidade para 520 folhas, que det\u00e9m mais de uma resma de papel ou para uma maior capacidade de papel adicionar bandejas opcionais para uma capacidade total de 1.610 folhas. Recursos avan\u00e7ados de seguran\u00e7a ajudam a proteger documentos sens\u00edveis e impedir a impress\u00e3o n\u00e3o autorizada. Al\u00e9m disso, desfrutar de conectividade flex\u00edvel com Gigabit Ethernet e interfaces de rede sem fio, e impress\u00e3o atrav\u00e9s de dispositivos m\u00f3veis.<\/p>\n","protected":false},"excerpt":{"rendered":"<p>Caracter\u00edsticas Principais:<\/p>\n<p>&nbsp;<\/p>\n<p>Largura\/Comprimento M\u00e1x. do Papel (Bandeja de Papel):\u00a021,6 x 35,6 (of\u00edcio)<\/p>\n<p>Capacidade de Sa\u00edda do Papel:\u00a0150 folhas<\/p>\n<p>Tecnologia de Impress\u00e3o:\u00a0Laser Eletrofotogr\u00e1fico<\/p>\n<p>Velocidade M\u00e1x. de Impress\u00e3o em Preto (ppm):\u00a048\/46 ppm (carta\/A4)<\/p>\n<p>Resolu\u00e7\u00e3o da Impress\u00e3o (m\u00e1xima em dpi):\u00a0At\u00e9 1200 x 1200 dpi<\/p>\n<p>Duplex:\u00a0Sim<\/p>\n<p>Capacidade da Bandeja de Papel:\u00a0520 folhas<\/p>\n<p>Capacidade de Bandeja Adicional:\u00a02 x 520 folhas<\/p>\n<p>Capacidade da Bandeja Multiuso:\u00a050 folhas<\/p>\n<p>Interfaces Padr\u00e3o:\u00a0Wireless 802.11b\/g\/n, Gigabit Ethernet, Hi-Speed USB 2.0<\/p>\n<p>Compatibilidade do Driver da Impressora:\u00a0Windows\u00ae, Mac OS\u00ae, Linux<\/p>\n<p>Aplicativo de Impress\u00e3o para Dispositivos M\u00f3veis:\u00a0AirPrint\u2122, Google Cloud Print\u2122 2.0, Mopria\u00ae Brother iPrint&amp;Scan, Cortado Workplace, NFC, and Wi-Fi Direct\u00ae<\/p>\n<p>Emula\u00e7\u00f5es:\u00a0PCL6, BR-Script3\u2021, IBM Proprinter, Epson FX, PDF Version 1.7, XPS Version 1.0<\/p>\n<p>Impress\u00e3o Segura:\u00a0Sim<\/p>\n<p>Volume M\u00e1ximo de Ciclo Mensal:\u00a0100.000 p\u00e1ginas<\/p>\n<p>Ciclo de Trabalho Mensal M\u00e1x:\u00a0100.000 p\u00e1ginas<\/p>\n<p>Volume de Impress\u00e3o Mensal Recomendado:\u00a05.000 p\u00e1ginas<\/p>\n<p>Tempo de Impress\u00e3o da Primeira P\u00e1gina:\u00a0Menos de 7,5 segundos<\/p>\n<p>Mem\u00f3ria Padr\u00e3o:\u00a0256 MB<\/p>\n<p>&nbsp;<\/p>\n<p>Outros:<\/p>\n<p>&nbsp;<\/p>\n<p>Fun\u00e7\u00f5es de Seguran\u00e7a:\u00a0Secure Function Lock, Enterprise Security (802.1x), Bloqueio de Slot, Impress\u00e3o Segura, SSL\/TLS, IPSec<\/p>\n<p>Tela LCD:\u00a0LCD de 1 linha<\/p>\n<p>Processador:\u00a0800 MHz<\/p>\n<p>Modo de Economia de Toner:\u00a0Sim<\/p>\n<p>Qualifica\u00e7\u00e3o ENERGY STAR\u00ae:\u00a0Sim<\/p>\n<p>Certifica\u00e7\u00e3o Energy Star:\u00a0Sim<\/p>\n<p>Dimens\u00f5es da Caixa de Embalagem (LxPxA cm):\u00a048,5 x 45 x 40,9 cm<\/p>\n<p>Dimens\u00f5es do Equipamento sem caixa:\u00a037,3 x 38,9 x 28,7 cm<\/p>\n<p>Peso do Equipamento sem caixa:\u00a011,9 Kg<\/p>\n<p>Peso do Equipamento com caixa:\u00a014,2 Kg<\/p>\n<p>&nbsp;<\/p>\n<p>Acess\u00f3rios:<\/p>\n<p>&nbsp;<\/p>\n<p>TN3472:\u00a0Cartucho de toner de Super Alto rendimento (rendimento aproximado 12.000 p\u00e1ginas, de acordo com a norma ISO \/ IEC 19752 (Carta \/ A4))<\/p>\n<p>TN3442:\u00a0Cartucho de toner de Alto rendimento (rendimento aproximado 8.000 p\u00e1ginas, de acordo com a norma ISO \/ IEC 19752 (Carta \/ A4))<\/p>\n<p>TN3422:\u00a0Cartucho de toner (rendimento aproximado 3.000 p\u00e1ginas, de acordo com a norma ISO \/ IEC 19752 (Carta \/ A4))<\/p>\n<p>LT6500:\u00a0Optional Lower Paper Tray (520 sheet capacity)<\/p>\n<p>LT5500:\u00a0Optional Lower Paper Tray (250 sheet capacity)<\/p>\n<p>DR3440:\u00a0Unidade de cilindro &#8211; Cerca de 50.000 p\u00e1ginas com base em 3 p\u00e1ginas por trabalho (A4 \/ Carta simplex). O n\u00famero de p\u00e1ginas pode ser afetado, devido a uma variedade de fatores, incluindo mas n\u00e3o se limitando ao tipo e tamanho do material.<\/p>\n","protected":false},"featured_media":23138,"comment_status":"closed","ping_status":"closed","template":"","meta":{"_joinchat":[]},"product_brand":[],"product_cat":[166],"product_tag":[],"class_list":{"0":"post-23136","1":"product","2":"type-product","3":"status-publish","6":"product_cat-impressoras-pb","8":"first","9":"instock","10":"taxable","11":"shipping-taxable","12":"product-type-simple"},"_links":{"self":[{"href":"https:\/\/furlanjet.com.br\/index.php?rest_route=\/wp\/v2\/product\/23136","targetHints":{"allow":["GET"]}}],"collection":[{"href":"https:\/\/furlanjet.com.br\/index.php?rest_route=\/wp\/v2\/product"}],"about":[{"href":"https:\/\/furlanjet.com.br\/index.php?rest_route=\/wp\/v2\/types\/product"}],"replies":[{"embeddable":true,"href":"https:\/\/furlanjet.com.br\/index.php?rest_route=%2Fwp%2Fv2%2Fcomments&post=23136"}],"version-history":[{"count":0,"href":"https:\/\/furlanjet.com.br\/index.php?rest_route=\/wp\/v2\/product\/23136\/revisions"}],"wp:featuredmedia":[{"embeddable":true,"href":"https:\/\/furlanjet.com.br\/index.php?rest_route=\/wp\/v2\/media\/23138"}],"wp:attachment":[{"href":"https:\/\/furlanjet.com.br\/index.php?rest_route=%2Fwp%2Fv2%2Fmedia&parent=23136"}],"wp:term":[{"taxonomy":"product_brand","embeddable":true,"href":"https:\/\/furlanjet.com.br\/index.php?rest_route=%2Fwp%2Fv2%2Fproduct_brand&post=23136"},{"taxonomy":"product_cat","embeddable":true,"href":"https:\/\/furlanjet.com.br\/index.php?rest_route=%2Fwp%2Fv2%2Fproduct_cat&post=23136"},{"taxonomy":"product_tag","embeddable":true,"href":"https:\/\/furlanjet.com.br\/index.php?rest_route=%2Fwp%2Fv2%2Fproduct_tag&post=23136"}],"curies":[{"name":"wp","href":"https:\/\/api.w.org\/{rel}","templated":true}]}}