{"id":23131,"date":"2019-11-09T03:31:08","date_gmt":"2019-11-09T06:31:08","guid":{"rendered":"http:\/\/furlanjet.com.br\/?post_type=product&#038;p=23131"},"modified":"2019-11-09T03:35:32","modified_gmt":"2019-11-09T06:35:32","slug":"impressora-laser-mono-lbp214w-38ppm-a4-canon","status":"publish","type":"product","link":"https:\/\/furlanjet.com.br\/?product=impressora-laser-mono-lbp214w-38ppm-a4-canon","title":{"rendered":"Impressora Laser Mono LBP214W 38PPM A4 &#8211; Canon"},"content":{"rendered":"<p>Fun\u00e7\u00f5es centrais<\/p>\n<p>Padr\u00e3o: Imprimir<\/p>\n<p>Processador: Canon Custom Processor 800Mhz x 2<\/p>\n<p>Painel de controle: LCD de 5 linhas Mem\u00f3ria 1 GB<\/p>\n<p>Interface de conex\u00e3o padr\u00e3o: USB 2.0 x2 (Host), USB 2.0 x1 (Dispositivo) High-Speed, 10\/100\/1000Base-T Ethernet (Rede), Wi-Fi 802.11b\/g \/n, Conex\u00e3o direta Wi-Fi\u00ae<\/p>\n<p>Capacidade de papel (Carta\/A4, 75 g\/m2)<\/p>\n<p>Padr\u00e3o 350 folhas<\/p>\n<p>M\u00e1xima 900 folhas<\/p>\n<p>Fontes de papel (Carta\/A4, 75 g\/m2)<\/p>\n<p>Padr\u00e3o: Cassete de papel de 250 folhas, Bandeja manual de 100 folhas<\/p>\n<p>Opcional: Cassete de papel de 550 folhas (Unidade cassete-AH1)<\/p>\n<p>Cassetes: Fino, Comum, Reciclado, Grosso, Bond<\/p>\n<p>Bandeja manual: Fino, Comum, Reciclado, Grosso, Bond, Etiquetas, Envelope (10 Envelopes)<\/p>\n<p>&nbsp;<\/p>\n<p>Padr\u00e3o: 150 folhas<\/p>\n<p>Capacidade de sa\u00edda de papel (Carta\/A4, 75 g\/m2) Tipos de m\u00eddia suportadas<\/p>\n","protected":false},"excerpt":{"rendered":"<p>Tamanhos de m\u00eddia suportadas<\/p>\n<p>&nbsp;<\/p>\n<p>Cassetes: Carta\/A4, Of\u00edcio, Statement, \/ A5<\/p>\n<p>Personalizado (M\u00edn. 104 x 147 mm at\u00e9 o m\u00e1x. de 215 x 355 mm)<\/p>\n<p>Bandeja manual:<\/p>\n<p>Carta\/A4, Of\u00edcio, Statement, \/ A5<\/p>\n<p>Envelope: COM10, Monarch, C5, DL<\/p>\n<p>Personalizado (M\u00edn. 76 x 127 mm at\u00e9 M\u00e1x. 215 x 355 mm)<\/p>\n<p>Gramaturas de m\u00eddia suportadas<\/p>\n<p>&nbsp;<\/p>\n<p>Cassetes: 52 g\/m2 at\u00e9 120 g\/m2<\/p>\n<p>Bandeja auxiliar: 52 g\/m2 at\u00e9 163 g\/m2<\/p>\n<p>&nbsp;<\/p>\n<p>Tempo de aquecimento<\/p>\n<p>Desde a energiza\u00e7\u00e3o: 14 segundos ou menos<\/p>\n<p>Desde o modo de hiberna\u00e7\u00e3o: 4 segundos ou menos<\/p>\n<p>&nbsp;<\/p>\n<p>Dimens\u00f5es (L x P x A)<\/p>\n<p>Padr\u00e3o (De mesa):<\/p>\n<p>401 mm x 373 mm x 250 mm<\/p>\n<p>&nbsp;<\/p>\n<p>Especifica\u00e7\u00f5es de impress\u00e3o<\/p>\n<p>M\u00e9todo de impress\u00e3o: Impress\u00e3o por feixe de laser<\/p>\n<p>Velocidade de impress\u00e3o: At\u00e9 38 ppm (Carta\/A4); At\u00e9 30 ppm (Of\u00edcio)<\/p>\n<p>Tempo para a sa\u00edda da primeira c\u00f3pia: aproximadamente 6 segundos<\/p>\n<p>Volume de p\u00e1ginas mensais recomendado: 750 &#8211; 4.000 p\u00e1ginas<\/p>\n<p>Resolu\u00e7\u00e3o de impress\u00e3o (dpi): 600 x 600<\/p>\n<p>Linguagens de descri\u00e7\u00e3o de p\u00e1gina padr\u00e3o UFR II, PCL\u00ae6, PCL\u00ae5, Adobe PostScript Impress\u00e3o nos dois lados: Autom\u00e1tico (Padr\u00e3o)<\/p>\n<p>Impress\u00e3o direta: Dispon\u00edvel pela mem\u00f3ria USB (JPEG, TIFF, PDF)<\/p>\n<p>Impress\u00e3o a partir de dispositivos m\u00f3veis e servi\u00e7os baseados em nuvem:<\/p>\n<p>Apple\u00ae AirPrint,\u00ae Canon PRINT Business, Mopria\u2122 Print Service, Google Cloud Print\u21225<\/p>\n<p>&nbsp;<\/p>\n<p>Fontes<\/p>\n<p>PCL: 45 fontes<\/p>\n<p>PS: 136 fontes<\/p>\n<p>&nbsp;<\/p>\n<p>Sistema Operacional<\/p>\n<p>UFR II\/<\/p>\n<p>PCL\/PS:<\/p>\n<p>Windows\u00ae 7\/Windows 8.1\/Windows 10\/<\/p>\n<p>Windows Server 2008\/Windows Server 2008 R2\/Windows Server 2012\/Windows<\/p>\n<p>Server 2012 R2\/Windows Server 2016 Mac OS X v10.8.5 (ou posterior)<\/p>\n<p>&nbsp;<\/p>\n<p>Especifica\u00e7\u00f5es de Seguran\u00e7a<\/p>\n<p>&nbsp;<\/p>\n<p>Autentica\u00e7\u00e3o Padr\u00e3o: Autentica\u00e7\u00e3o de ID de departamento<\/p>\n<p>Rede Padr\u00e3o: Filtragem de endere\u00e7os IP\/MAC, IPSEC, Comunica\u00e7\u00e3o criptografada TLS, SNMP V3.0, IEEE 802.1X, IPv6<\/p>\n<p>&nbsp;<\/p>\n<p>Documento Padr\u00e3o:<\/p>\n<p>Impress\u00e3o Protegida<\/p>\n<p>M\u00e9todos de autentica\u00e7\u00e3o de Wi-Fi<\/p>\n<p>&nbsp;<\/p>\n<p>Modo de infraestrutura do Wi- Fi: WEP 64\/128 bit, WPA-PSK (TKIP\/AES), WPA2-PSK (AES)<\/p>\n<p>Ponto de acesso do Wi-Fi: WPA2-PSK (AES)<\/p>\n<p>&nbsp;<\/p>\n<p>&nbsp;<\/p>\n<p>Acess\u00f3rios opcionais<\/p>\n<p>Cassete-AH1 Comporta at\u00e9 550 folhas<\/p>\n","protected":false},"featured_media":23135,"comment_status":"closed","ping_status":"closed","template":"","meta":{"_joinchat":[]},"product_brand":[],"product_cat":[166],"product_tag":[],"class_list":{"0":"post-23131","1":"product","2":"type-product","3":"status-publish","6":"product_cat-impressoras-pb","8":"first","9":"instock","10":"taxable","11":"shipping-taxable","12":"product-type-simple"},"_links":{"self":[{"href":"https:\/\/furlanjet.com.br\/index.php?rest_route=\/wp\/v2\/product\/23131","targetHints":{"allow":["GET"]}}],"collection":[{"href":"https:\/\/furlanjet.com.br\/index.php?rest_route=\/wp\/v2\/product"}],"about":[{"href":"https:\/\/furlanjet.com.br\/index.php?rest_route=\/wp\/v2\/types\/product"}],"replies":[{"embeddable":true,"href":"https:\/\/furlanjet.com.br\/index.php?rest_route=%2Fwp%2Fv2%2Fcomments&post=23131"}],"version-history":[{"count":0,"href":"https:\/\/furlanjet.com.br\/index.php?rest_route=\/wp\/v2\/product\/23131\/revisions"}],"wp:featuredmedia":[{"embeddable":true,"href":"https:\/\/furlanjet.com.br\/index.php?rest_route=\/wp\/v2\/media\/23135"}],"wp:attachment":[{"href":"https:\/\/furlanjet.com.br\/index.php?rest_route=%2Fwp%2Fv2%2Fmedia&parent=23131"}],"wp:term":[{"taxonomy":"product_brand","embeddable":true,"href":"https:\/\/furlanjet.com.br\/index.php?rest_route=%2Fwp%2Fv2%2Fproduct_brand&post=23131"},{"taxonomy":"product_cat","embeddable":true,"href":"https:\/\/furlanjet.com.br\/index.php?rest_route=%2Fwp%2Fv2%2Fproduct_cat&post=23131"},{"taxonomy":"product_tag","embeddable":true,"href":"https:\/\/furlanjet.com.br\/index.php?rest_route=%2Fwp%2Fv2%2Fproduct_tag&post=23131"}],"curies":[{"name":"wp","href":"https:\/\/api.w.org\/{rel}","templated":true}]}}