{"id":23126,"date":"2019-11-09T03:22:35","date_gmt":"2019-11-09T06:22:35","guid":{"rendered":"http:\/\/furlanjet.com.br\/?post_type=product&#038;p=23126"},"modified":"2019-11-20T09:58:30","modified_gmt":"2019-11-20T12:58:30","slug":"impressora-mono-laser-hl-1202-brother","status":"publish","type":"product","link":"https:\/\/furlanjet.com.br\/?product=impressora-mono-laser-hl-1202-brother","title":{"rendered":"Impressora Mono Laser HL-1202 &#8211; BROTHER"},"content":{"rendered":"<p>IMPRESSORA MONO LASER HL-1202 &#8211; BROTHER<\/p>\n<p>&nbsp;<\/p>\n<p>A\u00a0Impressora\u00a0Mono Laser HL-1202 &#8211; Brother\u00a0ajuda a aumentar sua produtividade com uma velocidade de impress\u00e3o de at\u00e9 21ppm. Seu tamanho compacto permite que seja facilmente colocada em qualquer ambiente e sua resolu\u00e7\u00e3o de alta qualidade permite imprimir documentos claros e bem definidos. Suas fun\u00e7\u00f5es de impress\u00e3o permitem imprimir p\u00f4steres adicionar marca d&#8217;\u00e1gua em seus documentos confidenciais. Uma excelente op\u00e7\u00e3o para sua casa ou escrit\u00f3rio dom\u00e9stico.<\/p>\n","protected":false},"excerpt":{"rendered":"<p>Caracter\u00edsticas Principais:<\/p>\n<p>&nbsp;<\/p>\n<p><a name=\"CONTENTHOMEDEFAULT_MODELDETAIL1_DIVFEATURETEXT\"><\/a>Capacidade de Sa\u00edda do Papel:\u00a050 folhas<\/p>\n<p>Tecnologia de Impress\u00e3o:\u00a0Laser eletrofotogr\u00e1fico<\/p>\n<p>Velocidade Maxima em Preto (ppm):\u00a021 ppm<\/p>\n<p>Resolu\u00e7\u00e3o (m\u00e1xima) em dpi:\u00a0At\u00e9 2400 x 600 dpi<\/p>\n<p>Duplex:\u00a0Manual<\/p>\n<p>Capacidade da Bandeja de Papel:\u00a0150 folhas<\/p>\n<p>Emula\u00e7\u00e3o:\u00a0GDI<\/p>\n<p>Tempo de Impress\u00e3o da Primeira P\u00e1gina:\u00a0Menos de 10 segundos<\/p>\n<p>Mem\u00f3ria Padr\u00e3o:\u00a01 MB<\/p>\n<p>&nbsp;<\/p>\n<p>Outros:<\/p>\n<p>&nbsp;<\/p>\n<p>Configura\u00e7\u00e3o de Impress\u00e3o:\u00a0Modo economia de toner, impress\u00e3o N em 1, Impress\u00e3o de p\u00f4steres, cabe\u00e7alho e rodap\u00e9 de p\u00e1ginas, impress\u00e3o de marca d&#8217;\u00e1gua, impress\u00e3o duplex manual e impress\u00e3o de folhetos.<\/p>\n<p>Processador:\u00a0200 MHz<\/p>\n<p>Modo Toner Save:\u00a0Sim<\/p>\n<p>Tipos de Papel:\u00a0Papel normal, fino e reciclado<\/p>\n<p>Tamanhos do Papel:\u00a0A4, A5, Carta e Of\u00edcio<\/p>\n<p>Gramatura de Papel: 65 a 105 g\/m\u00b2<\/p>\n<p>Consumo de Energia:\u00a0Printing \/ Standy-by \/ Sleep Modo espera 8.1W e modo repouso 1.4W<\/p>\n<p>Dimens\u00f5es do Equipamento sem caixa:\u00a034 x 23,8 x 18,9 cm<\/p>\n<p>Peso do Equipamento sem caixa:\u00a05,2 Kg<\/p>\n<p>&nbsp;<\/p>\n<p>Acess\u00f3rios:<\/p>\n<p>&nbsp;<\/p>\n<p>TN1060:\u00a0Cartucho de Toner Preto com rendimento aproximado de 1.000 p\u00e1ginas em acordo com o ISO\/IEC 19752 (Carta\/A4)<\/p>\n<p>DR1060:\u00a0Cilindro com rendimento aproximado de 10.000 p\u00e1ginas em acordo com o ISO\/IEC 19752 (Carta\/A4)<\/p>\n<p>&nbsp;<\/p>\n","protected":false},"featured_media":23127,"comment_status":"closed","ping_status":"closed","template":"","meta":{"_joinchat":[]},"product_brand":[],"product_cat":[166],"product_tag":[],"class_list":{"0":"post-23126","1":"product","2":"type-product","3":"status-publish","6":"product_cat-impressoras-pb","8":"first","9":"instock","10":"taxable","11":"shipping-taxable","12":"product-type-simple"},"_links":{"self":[{"href":"https:\/\/furlanjet.com.br\/index.php?rest_route=\/wp\/v2\/product\/23126","targetHints":{"allow":["GET"]}}],"collection":[{"href":"https:\/\/furlanjet.com.br\/index.php?rest_route=\/wp\/v2\/product"}],"about":[{"href":"https:\/\/furlanjet.com.br\/index.php?rest_route=\/wp\/v2\/types\/product"}],"replies":[{"embeddable":true,"href":"https:\/\/furlanjet.com.br\/index.php?rest_route=%2Fwp%2Fv2%2Fcomments&post=23126"}],"version-history":[{"count":0,"href":"https:\/\/furlanjet.com.br\/index.php?rest_route=\/wp\/v2\/product\/23126\/revisions"}],"wp:featuredmedia":[{"embeddable":true,"href":"https:\/\/furlanjet.com.br\/index.php?rest_route=\/wp\/v2\/media\/23127"}],"wp:attachment":[{"href":"https:\/\/furlanjet.com.br\/index.php?rest_route=%2Fwp%2Fv2%2Fmedia&parent=23126"}],"wp:term":[{"taxonomy":"product_brand","embeddable":true,"href":"https:\/\/furlanjet.com.br\/index.php?rest_route=%2Fwp%2Fv2%2Fproduct_brand&post=23126"},{"taxonomy":"product_cat","embeddable":true,"href":"https:\/\/furlanjet.com.br\/index.php?rest_route=%2Fwp%2Fv2%2Fproduct_cat&post=23126"},{"taxonomy":"product_tag","embeddable":true,"href":"https:\/\/furlanjet.com.br\/index.php?rest_route=%2Fwp%2Fv2%2Fproduct_tag&post=23126"}],"curies":[{"name":"wp","href":"https:\/\/api.w.org\/{rel}","templated":true}]}}