{"id":23124,"date":"2019-11-09T03:20:01","date_gmt":"2019-11-09T06:20:01","guid":{"rendered":"http:\/\/furlanjet.com.br\/?post_type=product&#038;p=23124"},"modified":"2019-11-20T09:56:47","modified_gmt":"2019-11-20T12:56:47","slug":"impressora-mono-fs-9530dn-laser-kyocera","status":"publish","type":"product","link":"https:\/\/furlanjet.com.br\/?product=impressora-mono-fs-9530dn-laser-kyocera","title":{"rendered":"Impressora Mono FS-9530DN Laser &#8211; KYOCERA"},"content":{"rendered":"<p>Kyocera desenvolveu a Impressora Mono Ecosys P2235DN para atender as demandas de pequenas e m\u00e9dias empresas, proporcionando<\/p>\n<p>IMPRESSORA MONO FS-9530DN LASER &#8211; KYOCERA<\/p>\n<p>&nbsp;<\/p>\n<p>As empresas com grande volume de trabalhos de impress\u00e3o e aplica\u00e7\u00f5es v\u00e3o sempre procurar um equipamento confi\u00e1vel e produtivo, e a\u00a0Impressora Mono\u00a0FS-9530DN Laser &#8211; Kyocera\u00a0se adapta \u00e0s suas necessidades. Com velocidade de impress\u00e3o de at\u00e9 51 p\u00e1ginas por minuto, duplex padr\u00e3o e capacidade para 1200 folhas, a FS-9530DN pode ser configurada com acabamento opcional e manuseio de pap\u00e9is adicionais para satisfazer os requisitos dos ambientes mais exigentes. Com uma rede de interface e extensas funcionalidades de impress\u00e3o, a FS-9530DN e o baixo Custo Total de Propriedade da Kyocera proporcionar\u00e3o uma combina\u00e7\u00e3o vencedora para qualquer cliente.<\/p>\n<p>&nbsp;<\/p>\n<ul>\n<li>Velocidades de Impress\u00e3o: FS-9530DN &#8211; 51 P\u00e1ginas por Minuto<\/li>\n<li>Interface de rede padr\u00e3o<\/li>\n<li>Duplex Padr\u00e3o<\/li>\n<li>Capacidade de Papel Padr\u00e3o de 1.200 Folhas<\/li>\n<li>Impress\u00e3o Segura e Armazenamento de Trabalhos<\/li>\n<li>Suprimentos de Longa Dura\u00e7\u00e3o<\/li>\n<li>Manuseio de Papel e Acabamento Opcionais<\/li>\n<\/ul>\n","protected":false},"excerpt":{"rendered":"<p>ESPECIFICA\u00c7\u00d5ES B\u00c1SICAS:<\/p>\n<p>&nbsp;<\/p>\n<p>Configura\u00e7\u00e3o:\u00a0Impressora de rede para grupos de trabalho com duplex padr\u00e3o, 2 Bandejas de papel para 500 folhas e Bandeja multiuso para 200 folhas. Opcionais: Manuseio de papel e acabamento avan\u00e7ado.<\/p>\n<p>Resolu\u00e7\u00e3o:\u00a0600 x 600 DPI; Modo Fast 1200; 300 x 300 DPI<\/p>\n<p>Mem\u00f3ria da Impressora:\u00a0FS-9530DN: 128MB padr\u00e3o, expans\u00edvel at\u00e9 640MB;<\/p>\n<p>Cart\u00e3o CF padr\u00e3o:\u00a0conector(Tipo 1); HD Opcional<\/p>\n<p>Alimenta\u00e7\u00e3o El\u00e9trica:\u00a0120V, 60Hz, 11,4A<\/p>\n<p>Dimens\u00f5es:\u00a0599 mm x 645 mm x 615 mm<\/p>\n<p>Peso:\u00a068 kg<\/p>\n<p>Ciclo de Trabalho M\u00e1ximo:\u00a0FS-9530DN: 300.000 p\u00e1ginas por m\u00eas<\/p>\n<p>&nbsp;<\/p>\n<p>ESPECIFICA\u00c7\u00d5ES DO PROCESSADOR:<\/p>\n<p>&nbsp;<\/p>\n<p>CPU\/MHz:\u00a0PowerPC750FL\/600 MHz<\/p>\n<p>PDL\/Emula\u00e7\u00f5es Suportadas:\u00a0PRESCRIBE, PCL6 (PCL XL,PCL 5e), KPDL3 (PS3), KCGL (HP-GL\/2), Diablo 630, IBM ProPrinter X24, Epson LQ850, Line Printer<\/p>\n<p>Fontes:\u00a0136 Fontes Outline para KPDL3, 80 Fontes Outline para PCL 5c\/XL, 1 Fonte Bitmap<\/p>\n<p>Compatibilidades:<\/p>\n<p>SO Windows\u00ae: Windows\u00ae 95\/98\/Me\/2000\/XP\/2003<\/p>\n<p>SO Novell\u00ae: Novell NetWare\u00ae 3.x\/4.x\/5.x\/6.x<\/p>\n<p>SO Mac: OS 8.x\/9.x\/10.x<\/p>\n<p>SO UNIX: Sun OS 4.1.x; Solaris 2.x; AIX, HP-UX (LPR)<\/p>\n<p>Conectividade \/ Interface:\u00a010\/100 BaseTX Padr\u00e3o, USB 2.0 de Alta Velocidade, Paralela IEEE1284 Bi-Direcional, Host USB (Alta Velocidade)<\/p>\n<p>Conectores de Expans\u00e3o KUIO LV (2):\u00a0Opcionais: Unidade de Disco r\u00edgido, Interface Serial IB-11, Interface de rede IB-23 (Suporte a SSL\/TLS e Netbios over IP)<\/p>\n<p>Protocolos Suportados:\u00a0TCP\/IP, IPX\/SPX, AppleTalk, NetBEUI<\/p>\n<p>Driver:\u00a0Driver KX para Windows\u00ae, PPD para Mac, PPD para Linux\/Unix, Uni Driver Certificado, Drivers Windows\u00ae de 64-bits<\/p>\n<p>Interface Web:\u00a0Centro de Comando Kyocera<\/p>\n<p>Utilit\u00e1rios:\u00a0KM-NET Admin, KM-NET Viewer, KM-NET Client, KX-SpoolCenter, Impress\u00e3o direta de PDF, Utilit\u00e1rios PRESCRIBE<\/p>\n<p>&nbsp;<\/p>\n<p>ALIMENTA\u00c7\u00c3O DE PAPEL:<\/p>\n<p>&nbsp;<\/p>\n<p>Fontes de Papel Padr\u00e3o:\u00a02 Bandejas para 500 folhas, Bandeja multiuso para 200 folhas<\/p>\n<p>Tamanho do Papel na Bandeja:\u00a0148,5 x 210mm a 297 x 432mm<\/p>\n<p>Tamanho do Papel na Bandeja Multiuso (MPT):\u00a0A3, A4, A5, B4, B5, Carta, Of\u00edcio, Duplo Carta<\/p>\n<p>Personalizado:\u00a09 x 15cm &#8211; 297 x 432cm<\/p>\n<p>Capacidade de Papel M\u00e1xima\/Padr\u00e3o:\u00a01.200\/4.200 folhas<\/p>\n<p>Peso do Papel:\u00a060 &#8211; 105 g\/m2 via Bandejas de papel, 49 &#8211; 200 g\/m2 via Bandeja multiuso<\/p>\n<p>Materiais Permitidos:\u00a0Bond, Reciclado, Transpar\u00eancias, Etiquetas, Envelopes, Pap\u00e9is de alta qualidade<\/p>\n<p>&nbsp;<\/p>\n<p>DUPLEX PADR\u00c3O:<\/p>\n<p>&nbsp;<\/p>\n<p>Tipo:\u00a0Duplex interno sem empilhamento<\/p>\n<p>Tamanho do Papel:\u00a0A4, A5, Carta, Oficio, A3, Duplo Carta<\/p>\n<p>Peso do Papel:\u00a060 &#8211; 80 g\/m2<\/p>\n<p>&nbsp;<\/p>\n<p>VELOCIDADES DE IMPRESS\u00c3O:<\/p>\n<p>&nbsp;<\/p>\n<p>Tempo de Aquecimento:\u00a0Menos de 60 Segundos<\/p>\n<p>Primeira Impress\u00e3o:\u00a0Menos de 3,5 Segundos<\/p>\n<p>P\u00e1ginas Por Minuto:\u00a0FS-9530DN: 51 Carta\/A4, 31 Of\u00edcio, 26 Duplo Carta\/A3<\/p>\n<p>SUPRIMENTOS<\/p>\n<p>TK-712: 40.000 p\u00e1ginas com 5% de Cobertura*<\/p>\n","protected":false},"featured_media":23125,"comment_status":"closed","ping_status":"closed","template":"","meta":{"_joinchat":[]},"product_brand":[],"product_cat":[166],"product_tag":[],"class_list":{"0":"post-23124","1":"product","2":"type-product","3":"status-publish","6":"product_cat-impressoras-pb","8":"first","9":"instock","10":"taxable","11":"shipping-taxable","12":"product-type-simple"},"_links":{"self":[{"href":"https:\/\/furlanjet.com.br\/index.php?rest_route=\/wp\/v2\/product\/23124","targetHints":{"allow":["GET"]}}],"collection":[{"href":"https:\/\/furlanjet.com.br\/index.php?rest_route=\/wp\/v2\/product"}],"about":[{"href":"https:\/\/furlanjet.com.br\/index.php?rest_route=\/wp\/v2\/types\/product"}],"replies":[{"embeddable":true,"href":"https:\/\/furlanjet.com.br\/index.php?rest_route=%2Fwp%2Fv2%2Fcomments&post=23124"}],"version-history":[{"count":0,"href":"https:\/\/furlanjet.com.br\/index.php?rest_route=\/wp\/v2\/product\/23124\/revisions"}],"wp:featuredmedia":[{"embeddable":true,"href":"https:\/\/furlanjet.com.br\/index.php?rest_route=\/wp\/v2\/media\/23125"}],"wp:attachment":[{"href":"https:\/\/furlanjet.com.br\/index.php?rest_route=%2Fwp%2Fv2%2Fmedia&parent=23124"}],"wp:term":[{"taxonomy":"product_brand","embeddable":true,"href":"https:\/\/furlanjet.com.br\/index.php?rest_route=%2Fwp%2Fv2%2Fproduct_brand&post=23124"},{"taxonomy":"product_cat","embeddable":true,"href":"https:\/\/furlanjet.com.br\/index.php?rest_route=%2Fwp%2Fv2%2Fproduct_cat&post=23124"},{"taxonomy":"product_tag","embeddable":true,"href":"https:\/\/furlanjet.com.br\/index.php?rest_route=%2Fwp%2Fv2%2Fproduct_tag&post=23124"}],"curies":[{"name":"wp","href":"https:\/\/api.w.org\/{rel}","templated":true}]}}