{"id":23122,"date":"2019-11-09T03:17:05","date_gmt":"2019-11-09T06:17:05","guid":{"rendered":"http:\/\/furlanjet.com.br\/?post_type=product&#038;p=23122"},"modified":"2019-11-20T09:54:55","modified_gmt":"2019-11-20T12:54:55","slug":"impressora-mono-ecosys-p2235dn-laser-kyocera","status":"publish","type":"product","link":"https:\/\/furlanjet.com.br\/?product=impressora-mono-ecosys-p2235dn-laser-kyocera","title":{"rendered":"Impressora Mono ECOSYS P2235DN Laser &#8211; KYOCERA"},"content":{"rendered":"<p>Kyocera desenvolveu a Impressora Mono Ecosys P2235DN para atender as demandas de pequenas e m\u00e9dias empresas, proporcionando produtividade no momento da impress\u00e3o entregando documentos com perfeita qualidade em uma resolu\u00e7\u00e3o de at\u00e9 1200 x 1200 dpi.<\/p>\n<p>A Kyocera Ecosys P2235DN tem alta velocidade de impress\u00e3o de at\u00e9 35 p\u00e1ginas por minuto A4 e duplex padr\u00e3o reduzindo o consumo de papel. Sua interface \u00e9 com USB 2.0 de alta velocidade e entrada de rede ethernet para configurar a Impressora P2235 em uma rede de trabalho.<\/p>\n<p>Utilizando o aplicativo Kyocera Mobile Print o usu\u00e1rio ir\u00e1 conseguir enviar documentos para impress\u00e3o atrav\u00e9s do seu dispositivo m\u00f3vel direto para a impressora Kyocera P2235DN. Al\u00e9m dos benef\u00edcios acima, o equipamento tem a tecnologia ecosys que causa menos impacto ambiental, contando tamb\u00e9m com cilindro de longa dura\u00e7\u00e3o e toner individual, logo os suprimentos poder\u00e3o ser trocados individualmente, assim reduzindo custo por impress\u00e3o e quantidade de res\u00edduos.<\/p>\n<p>&nbsp;<\/p>\n<p>*Este equipamento n\u00e3o realiza impress\u00e3o em papel transfer.*<\/p>\n","protected":false},"excerpt":{"rendered":"<p>Principais Caracter\u00edsticas<\/p>\n<p>&#8211; Impress\u00e3o Carta 37ppm, A4 35ppm e Of\u00edcio 30ppm;<\/p>\n<p>&#8211; Impress\u00e3o frente e verso padr\u00e3o;<\/p>\n<p>&#8211; Visor LED;<\/p>\n<p>&#8211; Interface USB 2.0 e Rede Ethernet;<\/p>\n<p>&#8211; Mem\u00f3ria de 256MB;<\/p>\n<p>&#8211; Bandeja c\/ capacidade para at\u00e9 250 folhas;<\/p>\n<p>&#8211; Aceita papel comum, reciclado, velino, timbrado, transpar\u00eancias, entre outros;<\/p>\n<p>&#8211; Ciclo m\u00e1ximo de impress\u00e3o mensal 20.000 p\u00e1ginas;<\/p>\n<p>&#8211; Aplicativos KYOCERA Mobile Print, Google Cloud Print e Mopria;<\/p>\n<p>&#8211; Compat\u00edvel com Windows e Mac;<\/p>\n<p>&#8211; Compat\u00edvel com o Kyocera Fleet Services, um sistema de monitoramento baseado em nuvem, que otimiza o tempo de funcionamento do dispositivo e reduz custos;<\/p>\n<p>&nbsp;<\/p>\n<p>Especifica\u00e7\u00f5es do Produto<\/p>\n<p>&nbsp;<\/p>\n<p>\u2022\u00a0Tipo de Impress\u00e3o:\u00a0Laser monocrom\u00e1tica<\/p>\n<p>\u2022\u00a0Visor:\u00a0LED<\/p>\n<p>\u2022\u00a0Mem\u00f3ria:\u00a0Padr\u00e3o 256MB<\/p>\n<p>\u2022\u00a0Processador:\u00a0Cortex-A9 800MHz<\/p>\n<p>\u2022\u00a0Tempo de Aquecimento:\u00a0Em Funcionamento 15 segundos e Modo de Espera 10 segundos<\/p>\n<p>\u2022\u00a0Conex\u00f5es:\u00a010\/100\/1000BaseTX, USB 2.0 de alta velocidade e 1 host USB<\/p>\n<p>\u2022\u00a0Impress\u00e3o em Rede\/ Protocolos Compat\u00edveis:\u00a0TCP\/IP, IPv4, IPv6, NetBEUI, FTP, LPR, Port9100, AppleBonjour, IPP, WSD para impress\u00e3o\/ digitaliza\u00e7\u00e3o, DHCP, DNS, LDAP, SNMP, HTTP, SMTP e PDF impress\u00e3o direta<\/p>\n<p>\u2022\u00a0PDLs\/ Emula\u00e7\u00f5es:\u00a0PRESCRIBE, PCL6 (PCL-XL\/PCL-5e), KPDL3, PDF, XPS, PDF Impress\u00e3o Direta, OpenXPS, TIFF e JPEG<\/p>\n<p>\u2022\u00a0Impress\u00e3o M\u00f3vel:\u00a0Google Cloud Print, KYOCERA Mobile Print e Mopria<\/p>\n<p>\u2022\u00a0Fontes:\u00a093 fontes (PCL 6\/KPDL3), 8 fontes (Windows\/Vista) e 1 bitmap<\/p>\n<p>\u2022\u00a0Drivers:\u00a0KX Driver, KX (XPS) Driver, PCL Mini Driver, KPDL Mini Driver e MAC Driver<\/p>\n<p>\u2022\u00a0Utilit\u00e1rios:\u00a0KYOCERA Net Direct Print, recurso de gerenciamento de arquivos, KYOCERA Mobile Print, KYOCERA Print Center, KYOCERA Net Admin, KYOCERA Net Viewer, Quick Setup, registrador de identifica\u00e7\u00e3o e ferramenta de configura\u00e7\u00e3o<\/p>\n<p>\u2022\u00a0Seguran\u00e7a Padr\u00e3o:\u00a0Autentica\u00e7\u00e3o local, autentica\u00e7\u00e3o em rede, IPsec, HTTPS, LDAP sobre SSL, SNMPv3, IPP sobre SSL e FTP sobre SSL<\/p>\n<p>\u2022\u00a0Ciclo Mensal de Impress\u00e3o:\u00a020.000 p\u00e1ginas<\/p>\n<p>\u2022\u00a0Voltagem:\u00a0120V\/ 60Hz, 8.1\u00aa<\/p>\n<p>\u2022\u00a0Consumo de Energia:\u00a0Impress\u00e3o 654w, Modo de Espera 8w, Modo de Suspens\u00e3o 0,9w e Desligada 0,1w<\/p>\n<p>&nbsp;<\/p>\n<p>Impress\u00e3o<\/p>\n<p>&nbsp;<\/p>\n<p>\u2022\u00a0Velocidade da Impress\u00e3o:\u00a0A4 at\u00e9 35 p\u00e1ginas por minuto, Carta at\u00e9 37 p\u00e1ginas por minuto e Of\u00edcio at\u00e9 30 p\u00e1ginas por minuto<\/p>\n<p>\u2022\u00a0Tempo de Sa\u00edda da 1\u00aa Impress\u00e3o:\u00a06,8 segundos ou menos<\/p>\n<p>\u2022\u00a0Resolu\u00e7\u00e3o da Impress\u00e3o:\u00a01200 x 1200 dpi, 600 x 600 dpi, 300 x 300 dpi<\/p>\n<p>\u2022\u00a0Impress\u00e3o frente e verso:\u00a0Sem empilhamento padr\u00e3o com suporte a pap\u00e9is do tipo A5 at\u00e9 of\u00edcio (14 cm x 22 cm &#8211; 22 cm x 36 cm) de 60 a 163 g\/m<sup>2<\/sup><\/p>\n<p>&nbsp;<\/p>\n<p>Papel<\/p>\n<p>&nbsp;<\/p>\n<p>\u2022\u00a0Bandeja Padr\u00e3o:\u00a0Capacidade para at\u00e9 250 folhas<\/p>\n<p>\u2022\u00a0Bandeja Multiuso:\u00a0Capacidade para at\u00e9 100 folhas<\/p>\n<p>\u2022\u00a0Tamanho:\u00a0A5 at\u00e9 of\u00edcio (14 cm x 22 cm \u2013 22 cm x 36 cm)<\/p>\n<p>\u2022\u00a0Gramaturas:\u00a0Bandeja padr\u00e3o e opcional 60 \u2013 163 g\/m<sup>2\u00a0<\/sup>e MPT 60 \u2013 220g\/m<sup>2<\/sup><\/p>\n<p>\u2022\u00a0Tipos:\u00a0Bandeja padr\u00e3o e opcional: papel comum, bond, reciclado, velino, timbrado\/ Bandeja MPT: Papel comum, etiquetas, bond, papel reciclado, velino, timbrado, transpar\u00eancias e envelopes<\/p>\n<p>&nbsp;<\/p>\n<p>Sistema Operacional<\/p>\n<p>\u2022 Windows 7, Windows 8 e 8.1, Windows 10, Windows Vista, Windows Server 2003, Windows Server 2008, Windows Server 2008 R2, Windows Server 2012, Windows Server 2012 R2 e Windows XP<\/p>\n<p>\u2022 Mac OS X 10.5 ou superior<\/p>\n<p>&nbsp;<\/p>\n<p>Suprimentos<\/p>\n<p>TK1152 Cartucho de toner preto com rendimento de at\u00e9 3.000 p\u00e1ginas &#8211; Cobertura de 5% em acordo com ISO\/IEC 19752 (Carta\/A4)<\/p>\n<p>&nbsp;<\/p>\n<p>\u2022 Bandeja Opcional (adicional)<\/p>\n<p>PF-1100 Gaveta de alimenta\u00e7\u00e3o de papel (250 folhas x 2)<\/p>\n<p>Tamanho\/gramatura do papel: A5 at\u00e9 of\u00edcio 14 cm x 22 cm \u2013 22 cm x 36 cm\/60 \u2013 163 g\/m<sup>2<\/sup><\/p>\n<p>Dimens\u00f5es\/Peso: 38 cm (L) x 39 cm (P) x 10 cm (A)\/3 kg<\/p>\n<p>&nbsp;<\/p>\n<p>Dimens\u00f5es e Peso<\/p>\n<p>Impressora: (L) 38 cm x (P) 39 cm x (A) 27 cm \u2013 14 kg<\/p>\n<p>&nbsp;<\/p>\n<p>Observa\u00e7\u00f5es<\/p>\n<p>&#8211; Todas as informa\u00e7\u00f5es divulgadas s\u00e3o de total responsabilidade do fabricante.<\/p>\n<p>&#8211; Imagens meramente ilustrativas.<\/p>\n<p>&#8211; Este equipamento n\u00e3o realiza impress\u00e3o em papel transfer.<\/p>\n","protected":false},"featured_media":23123,"comment_status":"closed","ping_status":"closed","template":"","meta":{"_joinchat":[]},"product_brand":[],"product_cat":[166],"product_tag":[],"class_list":{"0":"post-23122","1":"product","2":"type-product","3":"status-publish","6":"product_cat-impressoras-pb","8":"first","9":"instock","10":"taxable","11":"shipping-taxable","12":"product-type-simple"},"_links":{"self":[{"href":"https:\/\/furlanjet.com.br\/index.php?rest_route=\/wp\/v2\/product\/23122","targetHints":{"allow":["GET"]}}],"collection":[{"href":"https:\/\/furlanjet.com.br\/index.php?rest_route=\/wp\/v2\/product"}],"about":[{"href":"https:\/\/furlanjet.com.br\/index.php?rest_route=\/wp\/v2\/types\/product"}],"replies":[{"embeddable":true,"href":"https:\/\/furlanjet.com.br\/index.php?rest_route=%2Fwp%2Fv2%2Fcomments&post=23122"}],"version-history":[{"count":0,"href":"https:\/\/furlanjet.com.br\/index.php?rest_route=\/wp\/v2\/product\/23122\/revisions"}],"wp:featuredmedia":[{"embeddable":true,"href":"https:\/\/furlanjet.com.br\/index.php?rest_route=\/wp\/v2\/media\/23123"}],"wp:attachment":[{"href":"https:\/\/furlanjet.com.br\/index.php?rest_route=%2Fwp%2Fv2%2Fmedia&parent=23122"}],"wp:term":[{"taxonomy":"product_brand","embeddable":true,"href":"https:\/\/furlanjet.com.br\/index.php?rest_route=%2Fwp%2Fv2%2Fproduct_brand&post=23122"},{"taxonomy":"product_cat","embeddable":true,"href":"https:\/\/furlanjet.com.br\/index.php?rest_route=%2Fwp%2Fv2%2Fproduct_cat&post=23122"},{"taxonomy":"product_tag","embeddable":true,"href":"https:\/\/furlanjet.com.br\/index.php?rest_route=%2Fwp%2Fv2%2Fproduct_tag&post=23122"}],"curies":[{"name":"wp","href":"https:\/\/api.w.org\/{rel}","templated":true}]}}