{"id":23115,"date":"2019-11-09T03:05:39","date_gmt":"2019-11-09T06:05:39","guid":{"rendered":"http:\/\/furlanjet.com.br\/?post_type=product&#038;p=23115"},"modified":"2019-11-09T03:13:41","modified_gmt":"2019-11-09T06:13:41","slug":"impressora-laser-mono-fs-1040-kyocera","status":"publish","type":"product","link":"https:\/\/furlanjet.com.br\/?product=impressora-laser-mono-fs-1040-kyocera","title":{"rendered":"Impressora Laser Mono FS-1040 &#8211; KYOCERA"},"content":{"rendered":"<p>IMPRESSORA MONO LASER FS-1040 &#8211; KYOCERA<\/p>\n<p>&nbsp;<\/p>\n<p>A tradi\u00e7\u00e3o da KYOCERA de inovar com equipamentos ultra-confi\u00e1vel para empresas de todos os tamanhos continua com a\u00a0Impressora Mono Laser FS-1040 &#8211; Kyocera, 20ppm. Este dispositivo, compacto e potente \u00e9 perfeito para as PMEs (Pequenas e M\u00e9dias Empresas) \u00e0 procura de solu\u00e7\u00f5es de impress\u00e3o altamente confi\u00e1veis e acess\u00edveis que oferecem as funcionalidades de impress\u00e3o exigido pelo ritmo acelerado e pequeno custo operacional.<\/p>\n<p>&nbsp;<\/p>\n<p>*Este equipamento n\u00e3o realiza impress\u00e3o em papel transfer.*<\/p>\n","protected":false},"excerpt":{"rendered":"<p>Caracter\u00edsticas Principais:<\/p>\n<p>Tecnologia e configura\u00e7\u00e3o:\u00a0Impressora KYOCERA ECOSYS\u00ae em Preto e Branco<br \/>\nP\u00e1ginas por minuto A4:\u00a020 ppm, Carta: 21 ppm, Legal, Oficio: 13 ppm<br \/>\nTempo de aquecimento (a partir da liga\u00e7\u00e3o):\u00a014 segundos ou menos<br \/>\nTempo de sa\u00edda da primeira p\u00e1gina:\u00a08,5 segundos ou menos<br \/>\nResolu\u00e7\u00e3o:\u00a0600 x 600 dpi, Modo Fast: 1200 (1800 x 600 dpi)<br \/>\nMem\u00f3ria:\u00a032 MB<\/p>\n<p>Impress\u00e3o duplex:\u00a0Manual<br \/>\nConsumo de energia t\u00edpico (TEC):\u00a0120 V: 1.021 W por hora\/semana<br \/>\nN\u00edvel de ru\u00eddo (ISO):\u00a050dB(A) imprimindo<br \/>\nCiclo m\u00e1ximo de trabalho mensal:\u00a010.000 p\u00e1ginas pr m\u00eas<\/p>\n<p>&nbsp;<\/p>\n<p>Manuseamento de Papel:<\/p>\n<p>&nbsp;<\/p>\n<p>Fontes de papel padr\u00e3o:\u00a0Bandeja de 250 folhas<\/p>\n<p>Fontes de papel padr\u00e3o \/ m\u00e1ximas:\u00a01 \/ 1<\/p>\n<p>Tamanho \/ peso do papel para bandeja padr\u00e3o:\u00a0Carta, Legal, A4, 70 x 148 (mm) \u2013 215,9 x 356 (mm) \/ 60 \u2013 220 g\/m2<\/p>\n<p>Capacidade de papel padr\u00e3o \/ m\u00e1xima:\u00a0250\/250<\/p>\n<p>Materiais de impress\u00e3o aceitos:\u00a0Papel comum, pr\u00e9-impresso, sulfi te, reciclado, rascunho, papel timbrado, colorido, perfurado, de alta qualidade, etiquetas, pergaminho, envelopes, cartolina, papel grosso, de tamanho personalizado<\/p>\n<p>Capacidade de sa\u00edda:\u00a0150 folhas<\/p>\n<p>&nbsp;<\/p>\n<p>Consumiveis:<\/p>\n<p>&nbsp;<\/p>\n<p>Toner preto TK-1122:\u00a0Toner para 2.500 p\u00e1ginas (rendimento do cartucho inicial: 700 p\u00e1ginas) * De acordo com ISO 19752<\/p>\n","protected":false},"featured_media":23116,"comment_status":"closed","ping_status":"closed","template":"","meta":{"_joinchat":[]},"product_brand":[],"product_cat":[166],"product_tag":[],"class_list":{"0":"post-23115","1":"product","2":"type-product","3":"status-publish","6":"product_cat-impressoras-pb","8":"first","9":"instock","10":"taxable","11":"shipping-taxable","12":"product-type-simple"},"_links":{"self":[{"href":"https:\/\/furlanjet.com.br\/index.php?rest_route=\/wp\/v2\/product\/23115","targetHints":{"allow":["GET"]}}],"collection":[{"href":"https:\/\/furlanjet.com.br\/index.php?rest_route=\/wp\/v2\/product"}],"about":[{"href":"https:\/\/furlanjet.com.br\/index.php?rest_route=\/wp\/v2\/types\/product"}],"replies":[{"embeddable":true,"href":"https:\/\/furlanjet.com.br\/index.php?rest_route=%2Fwp%2Fv2%2Fcomments&post=23115"}],"version-history":[{"count":1,"href":"https:\/\/furlanjet.com.br\/index.php?rest_route=\/wp\/v2\/product\/23115\/revisions"}],"predecessor-version":[{"id":23119,"href":"https:\/\/furlanjet.com.br\/index.php?rest_route=\/wp\/v2\/product\/23115\/revisions\/23119"}],"wp:featuredmedia":[{"embeddable":true,"href":"https:\/\/furlanjet.com.br\/index.php?rest_route=\/wp\/v2\/media\/23116"}],"wp:attachment":[{"href":"https:\/\/furlanjet.com.br\/index.php?rest_route=%2Fwp%2Fv2%2Fmedia&parent=23115"}],"wp:term":[{"taxonomy":"product_brand","embeddable":true,"href":"https:\/\/furlanjet.com.br\/index.php?rest_route=%2Fwp%2Fv2%2Fproduct_brand&post=23115"},{"taxonomy":"product_cat","embeddable":true,"href":"https:\/\/furlanjet.com.br\/index.php?rest_route=%2Fwp%2Fv2%2Fproduct_cat&post=23115"},{"taxonomy":"product_tag","embeddable":true,"href":"https:\/\/furlanjet.com.br\/index.php?rest_route=%2Fwp%2Fv2%2Fproduct_tag&post=23115"}],"curies":[{"name":"wp","href":"https:\/\/api.w.org\/{rel}","templated":true}]}}