{"id":23112,"date":"2019-11-09T03:02:34","date_gmt":"2019-11-09T06:02:34","guid":{"rendered":"http:\/\/furlanjet.com.br\/?post_type=product&#038;p=23112"},"modified":"2019-11-09T03:05:17","modified_gmt":"2019-11-09T06:05:17","slug":"impressora-laser-mono-fs-1060dn-kyocera","status":"publish","type":"product","link":"https:\/\/furlanjet.com.br\/?product=impressora-laser-mono-fs-1060dn-kyocera","title":{"rendered":"Impressora Laser Mono FS-1060DN &#8211; KYOCERA"},"content":{"rendered":"<p>Impressora Laser Mono FS-1060DN \u00a0&#8211; KYOCERA<\/p>\n<p><a name=\"OVERVIEW\"><\/a>A tradi\u00e7\u00e3o da KYOCERA em inovar com equipamentos ultra-confi\u00e1veis para empresas de todos os tamanhos continua com a\u00a0Impressora Laser Mono FS-1060DN \u00a0&#8211; Kyocera, com velocidade de 25ppm, impressora em Preto &amp; Branco, Rede Ethernet e Duplex (frente e verso autom\u00e1tico). Este dispositivo, compacto e potente \u00e9 perfeito para as PMEs (Pequenas e M\u00e9dias Empresas) \u00e0 procura de solu\u00e7\u00f5es de impress\u00e3o altamente confi\u00e1veis e acess\u00edveis que oferecem as funcionalidades de impress\u00e3o exigido pelo ritmo acelerado, or\u00e7amento empresas conscientes.<\/p>\n","protected":false},"excerpt":{"rendered":"<p>Caracter\u00edsticas Principais:<\/p>\n<p>Tecnologia e Configura\u00e7\u00e3o:\u00a0Impressora de rede KYOCERA ECOSYS\u00ae em Preto e Branco<br \/>\nP\u00e1ginas por minuto:\u00a0A4: 25 ppm\/ Carta: 26 ppm\/ Legal: 20 ppm\/ Duplex: 15 ppm<br \/>\nTempo de aquecimento (a partir da liga\u00e7\u00e3o):\u00a016 segundos ou menos<br \/>\nTempo de sa\u00edda da primeira p\u00e1gina:\u00a07,5 segundos ou menos<br \/>\nResolu\u00e7\u00e3o: 600 x 600 dpi, Modo Fast:\u00a01200 (1800 x 600 dpi)<br \/>\nMem\u00f3ria:\u00a032 MB<br \/>\nImpress\u00e3o duplex:\u00a0Padr\u00e3o \u2013 Autom\u00e1tico<br \/>\nRequisitos el\u00e9tricos:\u00a0120 V: 60Hz\/5.4 A<br \/>\nConsumo de energia t\u00edpico (TEC):\u00a0120 V: 1.268 W por hora\/semana;<br \/>\nN\u00edvel de ru\u00eddo (ISO):\u00a050dB(A) imprimindo<br \/>\nCiclo m\u00e1ximo de trabalho mensal:\u00a015.000 p\u00e1ginas por m\u00eas<\/p>\n<p>CPU \/ MHz:\u00a0ARM926EJ \/ 390 MHz<\/p>\n<p>PDL \/ Emula\u00e7\u00f5es:\u00a0Interface GDI (Graphic Device Interface) baseada em host<\/p>\n<p>Sistemas operacionais:\u00a0Windows Vista de 32\/64 bits, Windows XP de 32\/64 bits, Windows 7 de 32\/64 bits, Windows Server 2003 de 32\/64 bits, Windows Server 2008 de 32\/64 bits e Mac OS X<\/p>\n<p>Protocolos de rede:\u00a0TCP\/IP<\/p>\n<p>Drivers:\u00a0GX Driver, Mac Raster Driver<\/p>\n<p>Caracter\u00edsticas de impress\u00e3o adicionais:\u00a0Impress\u00e3o de m\u00faltiplas p\u00e1ginas em uma (N-up)<\/p>\n<p>&nbsp;<\/p>\n<p>Manuseamento de Papel:<\/p>\n<p>&nbsp;<\/p>\n<p>Fontes de papel padr\u00e3o:\u00a0Bandeja de 250 folhas, bandeja MFT de 1 folha<\/p>\n<p>Tamanho e Peso do papel para bandeja padr\u00e3o:\u00a0Carta, Legal, A4, 70 x 148 (mm) \u2013 215,9 x 356 (mm) \/ 60 \u2013 220 gsm<\/p>\n<p>Tamanho \/ peso do papel para impress\u00e3o duplex:\u00a01A4, Carta para autom\u00e1tico \/ A5, Of\u00edcio para driver<\/p>\n<p>Capacidade padr\u00e3o \/ m\u00e1xima de papel:\u00a0250 folhas + 1 folha (MFT)<\/p>\n<p>Peso de papel da bandeja multifun\u00e7\u00e3o:\u00a0Carta, Legal, A4, 70 x 148 (mm) \u2013 215,9 x 356 (mm) \/ 60 \u2013 220 gsm<\/p>\n<p>Materiais de impress\u00e3o aceitos:\u00a0Papel comum, pr\u00e9-impresso, sulfi te, reciclado, rascunho, papel timbrado, colorido, perfurado, de alta qualidade, etiquetas, pergaminho, envelopes, cartolina, papel grosso, de tamanho personalizado<\/p>\n<p>Capacidade de sa\u00edda:\u00a0150 folhas<\/p>\n<p>Consumiveis:<\/p>\n<p>Toner preto TK-1122:\u00a0Toner para 3.000 p\u00e1ginas* (rendimento do cartucho inicial: 1.000 p\u00e1ginas) * De acordo com ISO 19752<\/p>\n<p>*Este equipamento n\u00e3o realiza impress\u00e3o em papel transfer.*<\/p>\n","protected":false},"featured_media":23113,"comment_status":"closed","ping_status":"closed","template":"","meta":{"_joinchat":[]},"product_brand":[],"product_cat":[166],"product_tag":[],"class_list":{"0":"post-23112","1":"product","2":"type-product","3":"status-publish","6":"product_cat-impressoras-pb","8":"first","9":"instock","10":"taxable","11":"shipping-taxable","12":"product-type-simple"},"_links":{"self":[{"href":"https:\/\/furlanjet.com.br\/index.php?rest_route=\/wp\/v2\/product\/23112","targetHints":{"allow":["GET"]}}],"collection":[{"href":"https:\/\/furlanjet.com.br\/index.php?rest_route=\/wp\/v2\/product"}],"about":[{"href":"https:\/\/furlanjet.com.br\/index.php?rest_route=\/wp\/v2\/types\/product"}],"replies":[{"embeddable":true,"href":"https:\/\/furlanjet.com.br\/index.php?rest_route=%2Fwp%2Fv2%2Fcomments&post=23112"}],"version-history":[{"count":0,"href":"https:\/\/furlanjet.com.br\/index.php?rest_route=\/wp\/v2\/product\/23112\/revisions"}],"wp:featuredmedia":[{"embeddable":true,"href":"https:\/\/furlanjet.com.br\/index.php?rest_route=\/wp\/v2\/media\/23113"}],"wp:attachment":[{"href":"https:\/\/furlanjet.com.br\/index.php?rest_route=%2Fwp%2Fv2%2Fmedia&parent=23112"}],"wp:term":[{"taxonomy":"product_brand","embeddable":true,"href":"https:\/\/furlanjet.com.br\/index.php?rest_route=%2Fwp%2Fv2%2Fproduct_brand&post=23112"},{"taxonomy":"product_cat","embeddable":true,"href":"https:\/\/furlanjet.com.br\/index.php?rest_route=%2Fwp%2Fv2%2Fproduct_cat&post=23112"},{"taxonomy":"product_tag","embeddable":true,"href":"https:\/\/furlanjet.com.br\/index.php?rest_route=%2Fwp%2Fv2%2Fproduct_tag&post=23112"}],"curies":[{"name":"wp","href":"https:\/\/api.w.org\/{rel}","templated":true}]}}