{"id":23108,"date":"2019-11-09T02:57:38","date_gmt":"2019-11-09T05:57:38","guid":{"rendered":"http:\/\/furlanjet.com.br\/?post_type=product&#038;p=23108"},"modified":"2022-08-02T08:18:53","modified_gmt":"2022-08-02T11:18:53","slug":"impressora-mono-laser-hll6402dw-brother","status":"publish","type":"product","link":"https:\/\/furlanjet.com.br\/?product=impressora-mono-laser-hll6402dw-brother","title":{"rendered":"Impressora Mono Laser HLL6402DW &#8211; BROTHER"},"content":{"rendered":"<p>IMPRESSORA MONO LASER HLL6402DW &#8211; BROTHER<\/p>\n<p>&nbsp;<\/p>\n<p>A\u00a0impressora laser monocrom\u00e1tica Brother HL-L6402DW\u00a0foi projetada para grupos de trabalho de m\u00e9dio porte, com alto volumes de impress\u00e3o que procuram impress\u00e3o de baixo custo e confiabilidade. Possui um baixo custo total de propriedade devido ao seu cartucho de toner de ultra rendimento incluso. Maximize a produtividade de seu grupo de trabalho com impress\u00f5es r\u00e1pidas com velocidades de at\u00e9 52ppm (carta) e uma grande capacidade de papel de 520 folhas. Expans\u00edvel para atender praticamente qualquer escrit\u00f3rio, adicione qualquer bandejas opcionais para aumentar a capacidade para 2.650 folhas. Recursos avan\u00e7ados de seguran\u00e7a e rede e um display LCD Touchscreen a cores ajust\u00e1vel que permite a impress\u00e3o direta de servi\u00e7os de nuvem populares.<\/p>\n","protected":false},"excerpt":{"rendered":"<p>Caracter\u00edsticas Principais:<\/p>\n<p>&nbsp;<\/p>\n<p>Largura\/Comprimento M\u00e1x. do Papel (Bandeja de Papel):\u00a021,6 x 35,6 (of\u00edcio)<\/p>\n<p>Capacidade de Sa\u00edda do Papel:\u00a0250 folhas<\/p>\n<p>Tecnologia de Impress\u00e3o:\u00a0Laser Eletrofotogr\u00e1fico<\/p>\n<p>Velocidade M\u00e1x. de Impress\u00e3o em Preto (ppm):\u00a052\/50 ppm (carta\/A4)<\/p>\n<p>Tempo de Impress\u00e3o da Primeira P\u00e1gina:\u00a0Menos de 7,5 segundos<\/p>\n<p>Resolu\u00e7\u00e3o da Impress\u00e3o (m\u00e1xima em dpi):\u00a0At\u00e9 1200 x 1200 dpi<\/p>\n<p>Capacidade de Impress\u00e3o:\u00a0Duplex<\/p>\n<p>Capacidade da Bandeja de Papel:\u00a0520 folhas<\/p>\n<p>Capacidade de Bandeja Adicional:\u00a04 x 520 folhas<\/p>\n<p>Capacidade da Bandeja Multiuso:\u00a050 folhas<\/p>\n<p>Interfaces Padr\u00e3o:\u00a0Wireless 802.11b\/g\/n, Gigabit Ethernet, Hi-Speed USB 2.0<\/p>\n<p>Compatibilidade do Driver da Impressora:\u00a0Windows\u00ae, Mac OS\u00ae, Linux<\/p>\n<p>Aplicativo de Impress\u00e3o para Dispositivos M\u00f3veis:\u00a0AirPrint\u2122, Google Cloud Print\u2122 2.0, Mopria\u00ae Brother iPrint&amp;Scan, Cortado Workplace, NFC, and Wi-Fi Direct\u00ae<\/p>\n<p>Emula\u00e7\u00f5es:\u00a0PCL6, BR-Script3, IBM Proprinter, Epson FX, PDF Version 1.7, XPS Version 1.0<\/p>\n<p>Impress\u00e3o Segura:\u00a0Volume M\u00e1ximo de Ciclo Mensal: 150.000 p\u00e1ginas<\/p>\n<p>Ciclo de Trabalho Mensal M\u00e1x.:\u00a0150.000 p\u00e1ginas<\/p>\n<p>Volume de Impress\u00e3o Mensal Recomendado:\u00a010.000 p\u00e1ginas<\/p>\n<p>Mem\u00f3ria Padr\u00e3o:\u00a0512 MB<\/p>\n<p>Web Connect:\u00a0GOOGLE DRIVE\u2122, ONEDRIVE\u00ae, DROPBOX, BOX<\/p>\n<p>Fun\u00e7\u00f5es de Seguran\u00e7a:\u00a0Leitor de Cart\u00f5es NFC integrado, Secure Func\u00bf\u00bf on Lock, Enterprise Security (802.1x), Bloqueio de Slot, Impress\u00e3o Segura, SSL\/TLS, IPSec<\/p>\n<p>Tela LCD:\u00a0LCD Touchscreen 1,8&#8243;<\/p>\n<p>Processador:\u00a0800 MHz<\/p>\n<p>Dimens\u00f5es da Embalagem (LxPxA cm):\u00a049,8 x 49,3 x 53,1 cm<\/p>\n<p>Dimens\u00f5es do Equipamento sem caixa:\u00a039,9 x 39,6 x 28,7 cm<\/p>\n<p>Peso do Equipamento sem caixa:\u00a013,3 Kg<\/p>\n<p>Peso do Equipamento com caixa:\u00a015,8 Kg<\/p>\n<p>Garantia:\u00a0Limitada de 2 anos<\/p>\n<p>Impress\u00e3o Via USB (Pen Drive)<\/p>\n","protected":false},"featured_media":23109,"comment_status":"closed","ping_status":"closed","template":"","meta":{"_joinchat":[]},"product_brand":[],"product_cat":[166],"product_tag":[],"class_list":{"0":"post-23108","1":"product","2":"type-product","3":"status-publish","6":"product_cat-impressoras-pb","7":"product_shipping_class-melhor-envio","9":"first","10":"instock","11":"purchasable","12":"product-type-simple"},"_links":{"self":[{"href":"https:\/\/furlanjet.com.br\/index.php?rest_route=\/wp\/v2\/product\/23108","targetHints":{"allow":["GET"]}}],"collection":[{"href":"https:\/\/furlanjet.com.br\/index.php?rest_route=\/wp\/v2\/product"}],"about":[{"href":"https:\/\/furlanjet.com.br\/index.php?rest_route=\/wp\/v2\/types\/product"}],"replies":[{"embeddable":true,"href":"https:\/\/furlanjet.com.br\/index.php?rest_route=%2Fwp%2Fv2%2Fcomments&post=23108"}],"version-history":[{"count":1,"href":"https:\/\/furlanjet.com.br\/index.php?rest_route=\/wp\/v2\/product\/23108\/revisions"}],"predecessor-version":[{"id":290752,"href":"https:\/\/furlanjet.com.br\/index.php?rest_route=\/wp\/v2\/product\/23108\/revisions\/290752"}],"wp:featuredmedia":[{"embeddable":true,"href":"https:\/\/furlanjet.com.br\/index.php?rest_route=\/wp\/v2\/media\/23109"}],"wp:attachment":[{"href":"https:\/\/furlanjet.com.br\/index.php?rest_route=%2Fwp%2Fv2%2Fmedia&parent=23108"}],"wp:term":[{"taxonomy":"product_brand","embeddable":true,"href":"https:\/\/furlanjet.com.br\/index.php?rest_route=%2Fwp%2Fv2%2Fproduct_brand&post=23108"},{"taxonomy":"product_cat","embeddable":true,"href":"https:\/\/furlanjet.com.br\/index.php?rest_route=%2Fwp%2Fv2%2Fproduct_cat&post=23108"},{"taxonomy":"product_tag","embeddable":true,"href":"https:\/\/furlanjet.com.br\/index.php?rest_route=%2Fwp%2Fv2%2Fproduct_tag&post=23108"}],"curies":[{"name":"wp","href":"https:\/\/api.w.org\/{rel}","templated":true}]}}