{"id":23056,"date":"2019-11-07T06:13:07","date_gmt":"2019-11-07T09:13:07","guid":{"rendered":"http:\/\/furlanjet.com.br\/?post_type=product&#038;p=23056"},"modified":"2019-11-07T06:13:52","modified_gmt":"2019-11-07T09:13:52","slug":"cartucho-de-tinta-epson-t7864xl-t786420-amarelo-compativel-32ml","status":"publish","type":"product","link":"https:\/\/furlanjet.com.br\/?product=cartucho-de-tinta-epson-t7864xl-t786420-amarelo-compativel-32ml","title":{"rendered":"CARTUCHO DE TINTA EPSON T7864XL T786420 AMARELO COMPAT\u00cdVEL 32ML"},"content":{"rendered":"<h4>Cartucho de Tinta Compat\u00edvel Epson T786 420 na cor Yellow para uso em equipamentos WorkForce dos seguintes modelos: WF4630, WF4640, WF5110, WF5190, WF5620, WF5690. Rende em m\u00e9dia 800 p\u00e1ginas dependendo do conte\u00fado impresso.<\/h4>\n","protected":false},"excerpt":{"rendered":"<p>Cartucho de Tinta Compat\u00edvel Epson T786 420 na cor Yellow para uso em equipamentos WorkForce dos seguintes modelos: WF4630, WF4640, WF5110, WF5190, WF5620, WF5690. Rende em m\u00e9dia 800 p\u00e1ginas dependendo<\/p>\n","protected":false},"featured_media":23042,"comment_status":"closed","ping_status":"closed","template":"","meta":{"_joinchat":[]},"product_brand":[],"product_cat":[94],"product_tag":[],"class_list":{"0":"post-23056","1":"product","2":"type-product","3":"status-publish","6":"product_cat-suprimento-epson","8":"first","9":"instock","10":"taxable","11":"shipping-taxable","12":"product-type-simple"},"_links":{"self":[{"href":"https:\/\/furlanjet.com.br\/index.php?rest_route=\/wp\/v2\/product\/23056","targetHints":{"allow":["GET"]}}],"collection":[{"href":"https:\/\/furlanjet.com.br\/index.php?rest_route=\/wp\/v2\/product"}],"about":[{"href":"https:\/\/furlanjet.com.br\/index.php?rest_route=\/wp\/v2\/types\/product"}],"replies":[{"embeddable":true,"href":"https:\/\/furlanjet.com.br\/index.php?rest_route=%2Fwp%2Fv2%2Fcomments&post=23056"}],"version-history":[{"count":0,"href":"https:\/\/furlanjet.com.br\/index.php?rest_route=\/wp\/v2\/product\/23056\/revisions"}],"wp:featuredmedia":[{"embeddable":true,"href":"https:\/\/furlanjet.com.br\/index.php?rest_route=\/wp\/v2\/media\/23042"}],"wp:attachment":[{"href":"https:\/\/furlanjet.com.br\/index.php?rest_route=%2Fwp%2Fv2%2Fmedia&parent=23056"}],"wp:term":[{"taxonomy":"product_brand","embeddable":true,"href":"https:\/\/furlanjet.com.br\/index.php?rest_route=%2Fwp%2Fv2%2Fproduct_brand&post=23056"},{"taxonomy":"product_cat","embeddable":true,"href":"https:\/\/furlanjet.com.br\/index.php?rest_route=%2Fwp%2Fv2%2Fproduct_cat&post=23056"},{"taxonomy":"product_tag","embeddable":true,"href":"https:\/\/furlanjet.com.br\/index.php?rest_route=%2Fwp%2Fv2%2Fproduct_tag&post=23056"}],"curies":[{"name":"wp","href":"https:\/\/api.w.org\/{rel}","templated":true}]}}