{"id":23054,"date":"2019-11-07T06:10:19","date_gmt":"2019-11-07T09:10:19","guid":{"rendered":"http:\/\/furlanjet.com.br\/?post_type=product&#038;p=23054"},"modified":"2019-11-07T06:11:24","modified_gmt":"2019-11-07T09:11:24","slug":"cartucho-de-tinta-epson-t7862xl-t786220-788xxl-ciano-compativel","status":"publish","type":"product","link":"https:\/\/furlanjet.com.br\/?product=cartucho-de-tinta-epson-t7862xl-t786220-788xxl-ciano-compativel","title":{"rendered":"CARTUCHO DE TINTA EPSON T7862XL T786220 788XXL CIANO COMPAT\u00cdVEL"},"content":{"rendered":"<h4>Cartucho de Tinta Compat\u00edvel Epson T786 220 na cor Ciano para uso em equipamentos WorkForce dos seguintes modelos: WF4630, WF4640, WF5110, WF5190, WF5620, WF5690. Rende em m\u00e9dia 800 p\u00e1ginas dependendo do conte\u00fado impresso<\/h4>\n","protected":false},"excerpt":{"rendered":"<p>Cartucho de Tinta Compat\u00edvel Epson T786 220 na cor Ciano para uso em equipamentos WorkForce dos seguintes modelos: WF4630, WF4640, WF5110, WF5190, WF5620, WF5690. Rende em m\u00e9dia 800 p\u00e1ginas dependendo<\/p>\n","protected":false},"featured_media":23044,"comment_status":"closed","ping_status":"closed","template":"","meta":{"_joinchat":[]},"product_brand":[],"product_cat":[94],"product_tag":[],"class_list":{"0":"post-23054","1":"product","2":"type-product","3":"status-publish","6":"product_cat-suprimento-epson","8":"first","9":"instock","10":"taxable","11":"shipping-taxable","12":"product-type-simple"},"_links":{"self":[{"href":"https:\/\/furlanjet.com.br\/index.php?rest_route=\/wp\/v2\/product\/23054","targetHints":{"allow":["GET"]}}],"collection":[{"href":"https:\/\/furlanjet.com.br\/index.php?rest_route=\/wp\/v2\/product"}],"about":[{"href":"https:\/\/furlanjet.com.br\/index.php?rest_route=\/wp\/v2\/types\/product"}],"replies":[{"embeddable":true,"href":"https:\/\/furlanjet.com.br\/index.php?rest_route=%2Fwp%2Fv2%2Fcomments&post=23054"}],"version-history":[{"count":0,"href":"https:\/\/furlanjet.com.br\/index.php?rest_route=\/wp\/v2\/product\/23054\/revisions"}],"wp:featuredmedia":[{"embeddable":true,"href":"https:\/\/furlanjet.com.br\/index.php?rest_route=\/wp\/v2\/media\/23044"}],"wp:attachment":[{"href":"https:\/\/furlanjet.com.br\/index.php?rest_route=%2Fwp%2Fv2%2Fmedia&parent=23054"}],"wp:term":[{"taxonomy":"product_brand","embeddable":true,"href":"https:\/\/furlanjet.com.br\/index.php?rest_route=%2Fwp%2Fv2%2Fproduct_brand&post=23054"},{"taxonomy":"product_cat","embeddable":true,"href":"https:\/\/furlanjet.com.br\/index.php?rest_route=%2Fwp%2Fv2%2Fproduct_cat&post=23054"},{"taxonomy":"product_tag","embeddable":true,"href":"https:\/\/furlanjet.com.br\/index.php?rest_route=%2Fwp%2Fv2%2Fproduct_tag&post=23054"}],"curies":[{"name":"wp","href":"https:\/\/api.w.org\/{rel}","templated":true}]}}