{"id":23051,"date":"2019-11-07T06:06:30","date_gmt":"2019-11-07T09:06:30","guid":{"rendered":"http:\/\/furlanjet.com.br\/?post_type=product&#038;p=23051"},"modified":"2019-11-07T06:07:25","modified_gmt":"2019-11-07T09:07:25","slug":"cartucho-de-tinta-epson-t196120-t196-preto-original-5ml","status":"publish","type":"product","link":"https:\/\/furlanjet.com.br\/?product=cartucho-de-tinta-epson-t196120-t196-preto-original-5ml","title":{"rendered":"CARTUCHO DE TINTA EPSON T196120 T196 PRETO ORIGINAL 5ML"},"content":{"rendered":"<h4>Cartucho de Tinta T-196120 T-196 Black, para uso em Epson XP-401, XP-411, XP104 XP-104, XP204 XP-204, WorkForce 2532 WF2532. Produto original de alt\u00edssima qualidade de impress\u00e3o. Conte\u00fado l\u00edquido 5ml de tinta tipo corante.<\/h4>\n","protected":false},"excerpt":{"rendered":"<p>Cartucho de Tinta T-196120 T-196 Black, para uso em Epson XP-401, XP-411, XP104 XP-104, XP204 XP-204, WorkForce 2532 WF2532. Produto original de alt\u00edssima qualidade de impress\u00e3o. Conte\u00fado l\u00edquido 5ml de<\/p>\n","protected":false},"featured_media":23048,"comment_status":"closed","ping_status":"closed","template":"","meta":{"_joinchat":[]},"product_brand":[],"product_cat":[94],"product_tag":[],"class_list":{"0":"post-23051","1":"product","2":"type-product","3":"status-publish","6":"product_cat-suprimento-epson","8":"first","9":"instock","10":"taxable","11":"shipping-taxable","12":"product-type-simple"},"_links":{"self":[{"href":"https:\/\/furlanjet.com.br\/index.php?rest_route=\/wp\/v2\/product\/23051","targetHints":{"allow":["GET"]}}],"collection":[{"href":"https:\/\/furlanjet.com.br\/index.php?rest_route=\/wp\/v2\/product"}],"about":[{"href":"https:\/\/furlanjet.com.br\/index.php?rest_route=\/wp\/v2\/types\/product"}],"replies":[{"embeddable":true,"href":"https:\/\/furlanjet.com.br\/index.php?rest_route=%2Fwp%2Fv2%2Fcomments&post=23051"}],"version-history":[{"count":0,"href":"https:\/\/furlanjet.com.br\/index.php?rest_route=\/wp\/v2\/product\/23051\/revisions"}],"wp:featuredmedia":[{"embeddable":true,"href":"https:\/\/furlanjet.com.br\/index.php?rest_route=\/wp\/v2\/media\/23048"}],"wp:attachment":[{"href":"https:\/\/furlanjet.com.br\/index.php?rest_route=%2Fwp%2Fv2%2Fmedia&parent=23051"}],"wp:term":[{"taxonomy":"product_brand","embeddable":true,"href":"https:\/\/furlanjet.com.br\/index.php?rest_route=%2Fwp%2Fv2%2Fproduct_brand&post=23051"},{"taxonomy":"product_cat","embeddable":true,"href":"https:\/\/furlanjet.com.br\/index.php?rest_route=%2Fwp%2Fv2%2Fproduct_cat&post=23051"},{"taxonomy":"product_tag","embeddable":true,"href":"https:\/\/furlanjet.com.br\/index.php?rest_route=%2Fwp%2Fv2%2Fproduct_tag&post=23051"}],"curies":[{"name":"wp","href":"https:\/\/api.w.org\/{rel}","templated":true}]}}