{"id":23032,"date":"2019-11-07T05:53:47","date_gmt":"2019-11-07T08:53:47","guid":{"rendered":"http:\/\/furlanjet.com.br\/?post_type=product&#038;p=23032"},"modified":"2019-11-07T05:54:21","modified_gmt":"2019-11-07T08:54:21","slug":"cartucho-de-tinta-epson-t115126-t115-t1151-preto-compativel-10ml","status":"publish","type":"product","link":"https:\/\/furlanjet.com.br\/?product=cartucho-de-tinta-epson-t115126-t115-t1151-preto-compativel-10ml","title":{"rendered":"CARTUCHO DE TINTA EPSON T115126 T115 T1151 PRETO COMPAT\u00cdVEL 10ML"},"content":{"rendered":"<h4>Cartucho de tinta Epson T-115, T-1151, T-115126. Para proporcionar impress\u00f5es de excelente qualidade e um alto rendimento o cartucho de tinta T115126, possui em seu conte\u00fado 10 ml de tinta preta.<\/h4>\n","protected":false},"excerpt":{"rendered":"<p>Cartucho de tinta Epson T-115, T-1151, T-115126. Para proporcionar impress\u00f5es de excelente qualidade e um alto rendimento o cartucho de tinta T115126, possui em seu conte\u00fado 10 ml de tinta<\/p>\n","protected":false},"featured_media":22967,"comment_status":"closed","ping_status":"closed","template":"","meta":{"_joinchat":[]},"product_brand":[],"product_cat":[94],"product_tag":[],"class_list":{"0":"post-23032","1":"product","2":"type-product","3":"status-publish","6":"product_cat-suprimento-epson","8":"first","9":"instock","10":"taxable","11":"shipping-taxable","12":"product-type-simple"},"_links":{"self":[{"href":"https:\/\/furlanjet.com.br\/index.php?rest_route=\/wp\/v2\/product\/23032","targetHints":{"allow":["GET"]}}],"collection":[{"href":"https:\/\/furlanjet.com.br\/index.php?rest_route=\/wp\/v2\/product"}],"about":[{"href":"https:\/\/furlanjet.com.br\/index.php?rest_route=\/wp\/v2\/types\/product"}],"replies":[{"embeddable":true,"href":"https:\/\/furlanjet.com.br\/index.php?rest_route=%2Fwp%2Fv2%2Fcomments&post=23032"}],"version-history":[{"count":0,"href":"https:\/\/furlanjet.com.br\/index.php?rest_route=\/wp\/v2\/product\/23032\/revisions"}],"wp:featuredmedia":[{"embeddable":true,"href":"https:\/\/furlanjet.com.br\/index.php?rest_route=\/wp\/v2\/media\/22967"}],"wp:attachment":[{"href":"https:\/\/furlanjet.com.br\/index.php?rest_route=%2Fwp%2Fv2%2Fmedia&parent=23032"}],"wp:term":[{"taxonomy":"product_brand","embeddable":true,"href":"https:\/\/furlanjet.com.br\/index.php?rest_route=%2Fwp%2Fv2%2Fproduct_brand&post=23032"},{"taxonomy":"product_cat","embeddable":true,"href":"https:\/\/furlanjet.com.br\/index.php?rest_route=%2Fwp%2Fv2%2Fproduct_cat&post=23032"},{"taxonomy":"product_tag","embeddable":true,"href":"https:\/\/furlanjet.com.br\/index.php?rest_route=%2Fwp%2Fv2%2Fproduct_tag&post=23032"}],"curies":[{"name":"wp","href":"https:\/\/api.w.org\/{rel}","templated":true}]}}