{"id":23027,"date":"2019-11-07T05:46:39","date_gmt":"2019-11-07T08:46:39","guid":{"rendered":"http:\/\/furlanjet.com.br\/?post_type=product&#038;p=23027"},"modified":"2019-11-07T05:47:16","modified_gmt":"2019-11-07T08:47:16","slug":"cartucho-de-tinta-epson-t296320-t296-magenta-compativel-importado-13ml","status":"publish","type":"product","link":"https:\/\/furlanjet.com.br\/?product=cartucho-de-tinta-epson-t296320-t296-magenta-compativel-importado-13ml","title":{"rendered":"CARTUCHO DE TINTA EPSON T296320 T296 MAGENTA  COMPAT\u00cdVEL IMPORTADO 13ML"},"content":{"rendered":"<h4>Cartucho de Tinta Epson T296320-BR T2963 Magenta para utiliza\u00e7\u00e3o nos seguintes modelos de equipamentos: Epson Expression XP441, XP431, XP241.<\/h4>\n","protected":false},"excerpt":{"rendered":"<p>Cartucho de Tinta Epson T296320-BR T2963 Magenta para utiliza\u00e7\u00e3o nos seguintes modelos de equipamentos: Epson Expression XP441, XP431, XP241.<\/p>\n","protected":false},"featured_media":22964,"comment_status":"closed","ping_status":"closed","template":"","meta":{"_joinchat":[]},"product_brand":[],"product_cat":[94],"product_tag":[],"class_list":{"0":"post-23027","1":"product","2":"type-product","3":"status-publish","6":"product_cat-suprimento-epson","8":"first","9":"instock","10":"taxable","11":"shipping-taxable","12":"product-type-simple"},"_links":{"self":[{"href":"https:\/\/furlanjet.com.br\/index.php?rest_route=\/wp\/v2\/product\/23027","targetHints":{"allow":["GET"]}}],"collection":[{"href":"https:\/\/furlanjet.com.br\/index.php?rest_route=\/wp\/v2\/product"}],"about":[{"href":"https:\/\/furlanjet.com.br\/index.php?rest_route=\/wp\/v2\/types\/product"}],"replies":[{"embeddable":true,"href":"https:\/\/furlanjet.com.br\/index.php?rest_route=%2Fwp%2Fv2%2Fcomments&post=23027"}],"version-history":[{"count":0,"href":"https:\/\/furlanjet.com.br\/index.php?rest_route=\/wp\/v2\/product\/23027\/revisions"}],"wp:featuredmedia":[{"embeddable":true,"href":"https:\/\/furlanjet.com.br\/index.php?rest_route=\/wp\/v2\/media\/22964"}],"wp:attachment":[{"href":"https:\/\/furlanjet.com.br\/index.php?rest_route=%2Fwp%2Fv2%2Fmedia&parent=23027"}],"wp:term":[{"taxonomy":"product_brand","embeddable":true,"href":"https:\/\/furlanjet.com.br\/index.php?rest_route=%2Fwp%2Fv2%2Fproduct_brand&post=23027"},{"taxonomy":"product_cat","embeddable":true,"href":"https:\/\/furlanjet.com.br\/index.php?rest_route=%2Fwp%2Fv2%2Fproduct_cat&post=23027"},{"taxonomy":"product_tag","embeddable":true,"href":"https:\/\/furlanjet.com.br\/index.php?rest_route=%2Fwp%2Fv2%2Fproduct_tag&post=23027"}],"curies":[{"name":"wp","href":"https:\/\/api.w.org\/{rel}","templated":true}]}}