{"id":22997,"date":"2019-11-07T05:10:45","date_gmt":"2019-11-07T08:10:45","guid":{"rendered":"http:\/\/furlanjet.com.br\/?post_type=product&#038;p=22997"},"modified":"2019-11-07T05:11:25","modified_gmt":"2019-11-07T08:11:25","slug":"cartucho-de-tinta-epson-t297120-t297-preto-compativel-importado-17ml","status":"publish","type":"product","link":"https:\/\/furlanjet.com.br\/?product=cartucho-de-tinta-epson-t297120-t297-preto-compativel-importado-17ml","title":{"rendered":"CARTUCHO DE TINTA EPSON T297120 T297 PRETO  COMPAT\u00cdVEL IMPORTADO 17ML"},"content":{"rendered":"<h4>Cartucho de Tinta Epson T297120-BR T2971 Black para utiliza\u00e7\u00e3o nos seguintes modelos de equipamentos: Epson Expression XP 441, XP 241.<\/h4>\n","protected":false},"excerpt":{"rendered":"<p>Cartucho de Tinta Epson T297120-BR T2971 Black para utiliza\u00e7\u00e3o nos seguintes modelos de equipamentos: Epson Expression XP 441, XP 241.<\/p>\n","protected":false},"featured_media":22967,"comment_status":"closed","ping_status":"closed","template":"","meta":{"_joinchat":[]},"product_brand":[],"product_cat":[94],"product_tag":[],"class_list":{"0":"post-22997","1":"product","2":"type-product","3":"status-publish","6":"product_cat-suprimento-epson","8":"first","9":"instock","10":"taxable","11":"shipping-taxable","12":"product-type-simple"},"_links":{"self":[{"href":"https:\/\/furlanjet.com.br\/index.php?rest_route=\/wp\/v2\/product\/22997","targetHints":{"allow":["GET"]}}],"collection":[{"href":"https:\/\/furlanjet.com.br\/index.php?rest_route=\/wp\/v2\/product"}],"about":[{"href":"https:\/\/furlanjet.com.br\/index.php?rest_route=\/wp\/v2\/types\/product"}],"replies":[{"embeddable":true,"href":"https:\/\/furlanjet.com.br\/index.php?rest_route=%2Fwp%2Fv2%2Fcomments&post=22997"}],"version-history":[{"count":0,"href":"https:\/\/furlanjet.com.br\/index.php?rest_route=\/wp\/v2\/product\/22997\/revisions"}],"wp:featuredmedia":[{"embeddable":true,"href":"https:\/\/furlanjet.com.br\/index.php?rest_route=\/wp\/v2\/media\/22967"}],"wp:attachment":[{"href":"https:\/\/furlanjet.com.br\/index.php?rest_route=%2Fwp%2Fv2%2Fmedia&parent=22997"}],"wp:term":[{"taxonomy":"product_brand","embeddable":true,"href":"https:\/\/furlanjet.com.br\/index.php?rest_route=%2Fwp%2Fv2%2Fproduct_brand&post=22997"},{"taxonomy":"product_cat","embeddable":true,"href":"https:\/\/furlanjet.com.br\/index.php?rest_route=%2Fwp%2Fv2%2Fproduct_cat&post=22997"},{"taxonomy":"product_tag","embeddable":true,"href":"https:\/\/furlanjet.com.br\/index.php?rest_route=%2Fwp%2Fv2%2Fproduct_tag&post=22997"}],"curies":[{"name":"wp","href":"https:\/\/api.w.org\/{rel}","templated":true}]}}