{"id":22980,"date":"2019-11-07T04:52:27","date_gmt":"2019-11-07T07:52:27","guid":{"rendered":"http:\/\/furlanjet.com.br\/?post_type=product&#038;p=22980"},"modified":"2019-11-07T04:53:41","modified_gmt":"2019-11-07T07:53:41","slug":"cartucho-de-tinta-epson-t140320-t140-magenta-158ml-compativel","status":"publish","type":"product","link":"https:\/\/furlanjet.com.br\/?product=cartucho-de-tinta-epson-t140320-t140-magenta-158ml-compativel","title":{"rendered":"CARTUCHO DE TINTA EPSON T140320 T140 | MAGENTA  15,8ML COMPAT\u00cdVEL"},"content":{"rendered":"<h4>Cartucho de tinta Epson magenta T-140, T-140320, T1403, T-1403, 320. \u00c9 compat\u00edvel com as impressoras Epson Stylus TX560WD, Workforce T42WD, Office TX620FWD, Stylus TX640FWD TX-640FWD, Stylus TX641FWD TX-641FWD. Produto contendo 15,8ml de tinta Magenta.<\/h4>\n","protected":false},"excerpt":{"rendered":"<p>Cartucho de tinta Epson magenta T-140, T-140320, T1403, T-1403, 320. \u00c9 compat\u00edvel com as impressoras Epson Stylus TX560WD, Workforce T42WD, Office TX620FWD, Stylus TX640FWD TX-640FWD, Stylus TX641FWD TX-641FWD. Produto contendo<\/p>\n","protected":false},"featured_media":22964,"comment_status":"closed","ping_status":"closed","template":"","meta":{"_joinchat":[]},"product_brand":[],"product_cat":[94],"product_tag":[],"class_list":{"0":"post-22980","1":"product","2":"type-product","3":"status-publish","6":"product_cat-suprimento-epson","8":"first","9":"instock","10":"taxable","11":"shipping-taxable","12":"product-type-simple"},"_links":{"self":[{"href":"https:\/\/furlanjet.com.br\/index.php?rest_route=\/wp\/v2\/product\/22980","targetHints":{"allow":["GET"]}}],"collection":[{"href":"https:\/\/furlanjet.com.br\/index.php?rest_route=\/wp\/v2\/product"}],"about":[{"href":"https:\/\/furlanjet.com.br\/index.php?rest_route=\/wp\/v2\/types\/product"}],"replies":[{"embeddable":true,"href":"https:\/\/furlanjet.com.br\/index.php?rest_route=%2Fwp%2Fv2%2Fcomments&post=22980"}],"version-history":[{"count":0,"href":"https:\/\/furlanjet.com.br\/index.php?rest_route=\/wp\/v2\/product\/22980\/revisions"}],"wp:featuredmedia":[{"embeddable":true,"href":"https:\/\/furlanjet.com.br\/index.php?rest_route=\/wp\/v2\/media\/22964"}],"wp:attachment":[{"href":"https:\/\/furlanjet.com.br\/index.php?rest_route=%2Fwp%2Fv2%2Fmedia&parent=22980"}],"wp:term":[{"taxonomy":"product_brand","embeddable":true,"href":"https:\/\/furlanjet.com.br\/index.php?rest_route=%2Fwp%2Fv2%2Fproduct_brand&post=22980"},{"taxonomy":"product_cat","embeddable":true,"href":"https:\/\/furlanjet.com.br\/index.php?rest_route=%2Fwp%2Fv2%2Fproduct_cat&post=22980"},{"taxonomy":"product_tag","embeddable":true,"href":"https:\/\/furlanjet.com.br\/index.php?rest_route=%2Fwp%2Fv2%2Fproduct_tag&post=22980"}],"curies":[{"name":"wp","href":"https:\/\/api.w.org\/{rel}","templated":true}]}}