{"id":22947,"date":"2019-11-06T22:54:05","date_gmt":"2019-11-07T01:54:05","guid":{"rendered":"http:\/\/furlanjet.com.br\/?post_type=product&#038;p=22947"},"modified":"2019-11-06T22:55:38","modified_gmt":"2019-11-07T01:55:38","slug":"toner-compativel-samsung-mlt-d203u","status":"publish","type":"product","link":"https:\/\/furlanjet.com.br\/?product=toner-compativel-samsung-mlt-d203u","title":{"rendered":"Toner Compat\u00edvel Samsung MLT-D203U"},"content":{"rendered":"<h5>DESCRI\u00c7\u00c3O<\/h5>\n<p><strong>Toner Compat\u00edvel Samsung MLT-D203U<\/strong><\/p>\n<p>&nbsp;<\/p>\n<p><strong>Para uso nos modelos:<\/strong><br \/>\n\u200bSamsung M3320ND<br \/>\nSamsung M3820ND<br \/>\nSamsung M4020ND<br \/>\nSamsung M3370FD<br \/>\nSamsung M3870FD<br \/>\nSamsung M4070FR<br \/>\nSamsung M4070FD<\/p>\n<p>&nbsp;<\/p>\n<p><strong>Cor:<\/strong>\u00a0Preto<br \/>\n<strong>Rendimento M\u00e9dio:<\/strong>\u00a015.000 p\u00e1ginas<\/p>\n","protected":false},"excerpt":{"rendered":"<p>DESCRI\u00c7\u00c3O Toner Compat\u00edvel Samsung MLT-D203U &nbsp; Para uso nos modelos: \u200bSamsung M3320ND Samsung M3820ND Samsung M4020ND Samsung M3370FD Samsung M3870FD Samsung M4070FR Samsung M4070FD &nbsp; Cor:\u00a0Preto Rendimento M\u00e9dio:\u00a015.000 p\u00e1ginas<\/p>\n","protected":false},"featured_media":22948,"comment_status":"closed","ping_status":"closed","template":"","meta":{"_joinchat":[]},"product_brand":[],"product_cat":[95],"product_tag":[],"class_list":{"0":"post-22947","1":"product","2":"type-product","3":"status-publish","6":"product_cat-samsung","8":"first","9":"instock","10":"taxable","11":"shipping-taxable","12":"product-type-simple"},"_links":{"self":[{"href":"https:\/\/furlanjet.com.br\/index.php?rest_route=\/wp\/v2\/product\/22947","targetHints":{"allow":["GET"]}}],"collection":[{"href":"https:\/\/furlanjet.com.br\/index.php?rest_route=\/wp\/v2\/product"}],"about":[{"href":"https:\/\/furlanjet.com.br\/index.php?rest_route=\/wp\/v2\/types\/product"}],"replies":[{"embeddable":true,"href":"https:\/\/furlanjet.com.br\/index.php?rest_route=%2Fwp%2Fv2%2Fcomments&post=22947"}],"version-history":[{"count":0,"href":"https:\/\/furlanjet.com.br\/index.php?rest_route=\/wp\/v2\/product\/22947\/revisions"}],"wp:featuredmedia":[{"embeddable":true,"href":"https:\/\/furlanjet.com.br\/index.php?rest_route=\/wp\/v2\/media\/22948"}],"wp:attachment":[{"href":"https:\/\/furlanjet.com.br\/index.php?rest_route=%2Fwp%2Fv2%2Fmedia&parent=22947"}],"wp:term":[{"taxonomy":"product_brand","embeddable":true,"href":"https:\/\/furlanjet.com.br\/index.php?rest_route=%2Fwp%2Fv2%2Fproduct_brand&post=22947"},{"taxonomy":"product_cat","embeddable":true,"href":"https:\/\/furlanjet.com.br\/index.php?rest_route=%2Fwp%2Fv2%2Fproduct_cat&post=22947"},{"taxonomy":"product_tag","embeddable":true,"href":"https:\/\/furlanjet.com.br\/index.php?rest_route=%2Fwp%2Fv2%2Fproduct_tag&post=22947"}],"curies":[{"name":"wp","href":"https:\/\/api.w.org\/{rel}","templated":true}]}}