{"id":22736,"date":"2019-11-05T19:34:10","date_gmt":"2019-11-05T22:34:10","guid":{"rendered":"http:\/\/furlanjet.com.br\/?post_type=product&#038;p=22736"},"modified":"2019-11-05T19:35:16","modified_gmt":"2019-11-05T22:35:16","slug":"toner-tn-3382-tn-750-compativel-brother-8-000-pags","status":"publish","type":"product","link":"https:\/\/furlanjet.com.br\/?product=toner-tn-3382-tn-750-compativel-brother-8-000-pags","title":{"rendered":"Toner TN-3382 (TN-750) Compat\u00edvel Brother &#8211; 8.000 p\u00e1gs."},"content":{"rendered":"<h4>Cartucho compat\u00edvel com Brother TN3382, TN750, TN-750, TN780, Tn-780, DCP 8152DN, 8157DN, 8112DN, HL 5450DN, 5452DN, 5472DN, 5472DWT, 6182DW, 6182DWT, MFC 8512DN,8712DW, 8912DW, 8952DW e MFC8952DWT<\/h4>\n","protected":false},"excerpt":{"rendered":"<p>Cartucho compat\u00edvel com Brother TN3382, TN750, TN-750, TN780, Tn-780, DCP 8152DN, 8157DN, 8112DN, HL 5450DN, 5452DN, 5472DN, 5472DWT, 6182DW, 6182DWT, MFC 8512DN,8712DW, 8912DW, 8952DW e MFC8952DWT<\/p>\n","protected":false},"featured_media":22733,"comment_status":"closed","ping_status":"closed","template":"","meta":{"_joinchat":[]},"product_brand":[],"product_cat":[98],"product_tag":[],"class_list":{"0":"post-22736","1":"product","2":"type-product","3":"status-publish","6":"product_cat-brother","8":"first","9":"instock","10":"taxable","11":"shipping-taxable","12":"product-type-simple"},"_links":{"self":[{"href":"https:\/\/furlanjet.com.br\/index.php?rest_route=\/wp\/v2\/product\/22736","targetHints":{"allow":["GET"]}}],"collection":[{"href":"https:\/\/furlanjet.com.br\/index.php?rest_route=\/wp\/v2\/product"}],"about":[{"href":"https:\/\/furlanjet.com.br\/index.php?rest_route=\/wp\/v2\/types\/product"}],"replies":[{"embeddable":true,"href":"https:\/\/furlanjet.com.br\/index.php?rest_route=%2Fwp%2Fv2%2Fcomments&post=22736"}],"version-history":[{"count":0,"href":"https:\/\/furlanjet.com.br\/index.php?rest_route=\/wp\/v2\/product\/22736\/revisions"}],"wp:featuredmedia":[{"embeddable":true,"href":"https:\/\/furlanjet.com.br\/index.php?rest_route=\/wp\/v2\/media\/22733"}],"wp:attachment":[{"href":"https:\/\/furlanjet.com.br\/index.php?rest_route=%2Fwp%2Fv2%2Fmedia&parent=22736"}],"wp:term":[{"taxonomy":"product_brand","embeddable":true,"href":"https:\/\/furlanjet.com.br\/index.php?rest_route=%2Fwp%2Fv2%2Fproduct_brand&post=22736"},{"taxonomy":"product_cat","embeddable":true,"href":"https:\/\/furlanjet.com.br\/index.php?rest_route=%2Fwp%2Fv2%2Fproduct_cat&post=22736"},{"taxonomy":"product_tag","embeddable":true,"href":"https:\/\/furlanjet.com.br\/index.php?rest_route=%2Fwp%2Fv2%2Fproduct_tag&post=22736"}],"curies":[{"name":"wp","href":"https:\/\/api.w.org\/{rel}","templated":true}]}}