{"id":22590,"date":"2019-11-02T09:26:16","date_gmt":"2019-11-02T12:26:16","guid":{"rendered":"http:\/\/furlanjet.com.br\/?post_type=product&#038;p=22590"},"modified":"2024-04-03T11:32:55","modified_gmt":"2024-04-03T14:32:55","slug":"digisat-mei-g6","status":"publish","type":"product","link":"https:\/\/furlanjet.com.br\/?product=digisat-mei-g6","title":{"rendered":"Sistema Digisat MEI"},"content":{"rendered":"","protected":false},"excerpt":{"rendered":"<h2 class=\"mt-0 mx-5 text-center text-primario text-uppercase\">DESENVOLVIDO PARA SUPRIR AS NECESSIDADES DO EMPREENDEDOR QUE DESEJA TER MAIS CONTROLE DO SEU NEG\u00d3CIO<\/h2>\n<p>Sistema desenvolvido especialmente para suprir as necessidades de quem se enquadra como MEI, para gerenciar e organizar as rotinas de forma simples e r\u00e1pida. Voc\u00ea sabia que todo microempreendedor individual tem a obriga\u00e7\u00e3o de declarar o faturamento anualmente? Com o sistema MEI da Digisat, o controle \u00e9 garantido. Transforme seu neg\u00f3cio em algo lucrativo com a ajuda de um sistema que a Digisat elaborou especialmente para a sua MEI.<\/p>\n<p>https:\/\/youtu.be\/w-AxzKmVRbE?list=TLGGC_aIdOG_eU0wMzA0MjAyNA<\/p>\n<h2 class=\"d-inline-block font-weight-light text-uppercase pl-0 mt-5\"><img decoding=\"async\" src=\"https:\/\/res.cloudinary.com\/hiwllgdpj\/image\/upload\/f_auto,h_50,q_auto,w_50\/v1562694340\/jn24ruiwh7ta4pjm4oaq.png\" alt=\"Cadastros\" \/>CADASTROS<\/h2>\n<div class=\"px-0 anim anim-bottom animado\">\n<p><b><span style=\"font-family: Helvetica;\">M\u00f3dulo\u00a0Cadastro de Pessoas<\/span><\/b><\/p>\n<ul>\n<li><span style=\"font-family: Helvetica;\">Cadastrar pessoas por CNPJ<\/span><\/li>\n<li><span style=\"font-family: Helvetica;\">Efetue consulta de servi\u00e7o de cr\u00e9dito (Serasa)<\/span><\/li>\n<li><span style=\"font-family: Helvetica;\">Anonimizar cadastro<\/span><\/li>\n<li><span style=\"font-family: Helvetica;\">Possibilita conversar por WhatsApp via sistema<\/span><\/li>\n<li><span style=\"font-family: Helvetica;\">Cadastro de administradoras de cart\u00f5es<\/span><\/li>\n<li><span style=\"font-family: Helvetica;\">Cadastro de profiss\u00f5es\u00a0<\/span><\/li>\n<li><span style=\"font-family: Helvetica;\">Cashback<\/span><\/li>\n<li><span style=\"font-family: Helvetica;\">Limite de cr\u00e9dito para o cliente na venda a prazo<\/span><\/li>\n<li><span style=\"font-family: Helvetica;\">Dia de acerto preferencial do cliente<\/span><\/li>\n<li><span style=\"font-family: Helvetica;\">Vendedor preferencial do cliente\u00a0 \u00a0 \u00a0 \u00a0\u00a0<\/span><\/li>\n<li><span style=\"font-family: Helvetica;\">Cadastro de vendedor e t\u00e9cnico, com percentual, forma de pagamento e base c\u00e1lculo da comiss\u00e3o<\/span><\/li>\n<li><span style=\"font-family: Helvetica;\">Cadastro do contabilista com acesso ao Portal do Contador\u00a0 \u00a0 \u00a0 \u00a0\u00a0<\/span><\/li>\n<\/ul>\n<p><b><span style=\"font-family: Helvetica;\">M\u00f3dulo\u00a0Cadastro de Produtos e Servi\u00e7os<\/span><\/b><\/p>\n<ul>\n<li><span style=\"font-family: Helvetica;\">Cadastro de produtos GLP<\/span><\/li>\n<li><span style=\"font-family: Helvetica;\">Cadastro de produtos derivados de petr\u00f3leo<\/span><\/li>\n<li><span style=\"font-family: Helvetica;\">Ajuste da quantidade em estoque<\/span><\/li>\n<li><span style=\"font-family: Helvetica;\">Duplicar cadastro de produtos e servi\u00e7os<\/span><\/li>\n<li><span style=\"font-family: Helvetica;\">Consulta de produtos pelo c\u00f3digo de barras, para facilitar seu cadastramento<\/span><\/li>\n<li><span style=\"font-family: Helvetica;\">Cadastro de plano de conta cont\u00e1bil para sa\u00edda e entrada<\/span><\/li>\n<li><span style=\"font-family: Helvetica;\">Cadastro de unidades de medida (un de controle e tribut\u00e1vel)<\/span><\/li>\n<li><span style=\"font-family: Helvetica;\">Cadastro de produtos de balan\u00e7a<\/span><\/li>\n<li><span style=\"font-family: Helvetica;\">Cadastro de Informa\u00e7\u00f5es nutricionais para produtos de balan\u00e7a<\/span><\/li>\n<li><span style=\"font-family: Helvetica;\">Cadastro de \u00edndices para c\u00e1lculo de pre\u00e7o de custo e venda<\/span><\/li>\n<li><span style=\"font-family: Helvetica;\">Percentual de Cashback<\/span><\/li>\n<li><span style=\"font-family: Helvetica;\">C\u00f3digos de barras alternativos<\/span><\/li>\n<li><span style=\"font-family: Helvetica;\">Foto do produto<\/span><\/li>\n<li><span style=\"font-family: Helvetica;\">M<b>\u00f3dulo\u00a0Consulta Tribut\u00e1ria IMendes e Parametriza\/ADV Integra<\/b><\/span><\/li>\n<li><b><span style=\"font-family: Helvetica;\">M\u00f3dulo\u00a0Cadastro de Grupos e Subgrupos<\/span><\/b><\/li>\n<li><b><span style=\"font-family: Helvetica;\">M\u00f3dulo\u00a0Cadastro de Marcas<\/span><\/b><\/li>\n<li><b><span style=\"font-family: Helvetica;\">M\u00f3dulo\u00a0Cadastro de Opera\u00e7\u00f5es Fiscais<\/span><\/b><\/li>\n<li><span style=\"font-family: Helvetica;\"><b>M\u00f3dulo\u00a0Cadastro de Perfis do Usu\u00e1rio<\/b>\u00a0(permiss\u00f5es)<\/span><\/li>\n<li><b><span style=\"font-family: Helvetica;\">M\u00f3dulo\u00a0Rela\u00e7\u00e3o Esp\u00e9cie e Conta (PDV)<\/span><\/b><\/li>\n<li><b><span style=\"font-family: Helvetica;\">M\u00f3dulo\u00a0Rela\u00e7\u00e3o Produto Fornecedor<\/span><\/b><\/li>\n<li><span style=\"font-family: Helvetica;\"><b>M\u00f3dulo\u00a0Cadastro de Tributa\u00e7\u00f5es<\/b>\u00a0(municipal, estadual e federal)<\/span><\/li>\n<li><b><span style=\"font-family: Helvetica;\">M\u00f3dulo\u00a0Cadastro de Usu\u00e1rio<\/span><\/b><\/li>\n<\/ul>\n<\/div>\n<p>https:\/\/youtu.be\/bl2YauzTU2Q?list=TLGGQ8JzVzRar5owMzA0MjAyNA<\/p>\n<h2 class=\"d-inline-block font-weight-light text-uppercase pl-0 mt-5\"><img decoding=\"async\" src=\"https:\/\/res.cloudinary.com\/hiwllgdpj\/image\/upload\/f_auto,h_50,q_auto,w_50\/v1641581583\/rt1nnmlf5yniklb7squ1.png\" alt=\"Financeiro\" \/>FINANCEIRO<\/h2>\n<div class=\"px-0 anim anim-bottom animado\">\n<ul>\n<li><b>M\u00f3dulo\u00a0Contas a Pagar<\/b><\/li>\n<li>Anexar arquivos\u00a0nas parcelas<\/li>\n<li>Quita\u00e7\u00e3o de parcela integral e parcial<\/li>\n<li>Emiss\u00e3o de recibo (impresso ou enviado por e-mail ou WhatsApp)<\/li>\n<li>Replicar parcelas<\/li>\n<\/ul>\n<\/div>\n<p>https:\/\/youtu.be\/rtt9sQumsfs?list=TLGGLj4bkB-nUhkwMzA0MjAyNA<\/p>\n<h2 class=\"d-inline-block font-weight-light text-uppercase pl-0 mt-5\"><img decoding=\"async\" src=\"https:\/\/res.cloudinary.com\/hiwllgdpj\/image\/upload\/f_auto,h_50,q_auto,w_50\/v1562695040\/xp4wxazcbrwb04fbmawg.png\" alt=\"Movimenta\u00e7\u00e3o de Entrada\" \/>MOVIMENTA\u00c7\u00c3O DE ENTRADA<\/h2>\n<div class=\"px-0 anim anim-bottom animado\">\n<ul>\n<li>Importa\u00e7\u00e3o do XML da nota de compra<\/li>\n<li>Nota de compra<\/li>\n<li>NF-e\u00a0de entrada<\/li>\n<li>Nota de devolu\u00e7\u00e3o<\/li>\n<li>Nota de produtor rural<\/li>\n<li>Nota de importa\u00e7\u00e3o<\/li>\n<li>Compartilhamento do PDF da NF-e de entrada via WhatsApp<\/li>\n<li>M\u00f3dulo\u00a0<b>Fatores de Convers\u00e3o\u00a0<\/b><\/li>\n<li>M\u00f3dulo\u00a0Convers\u00e3o de CST\/CSOSN e CFOP do Fornecedor na Entrada de Produtos<\/li>\n<li>Efetua a convers\u00e3o da rela\u00e7\u00e3o de CFOP, CST\/CSOSN da nota de fornecedor com a CFOP, CST\/CSOSN\u00a0da empresa que est\u00e1 comprando<\/li>\n<\/ul>\n<\/div>\n<p>https:\/\/youtu.be\/hT7DTujWvko?list=TLGG-jpQjVVJSIEwMzA0MjAyNA<\/p>\n<p>&nbsp;<\/p>\n<h2 class=\"d-inline-block font-weight-light text-uppercase pl-0 mt-5\"><img decoding=\"async\" src=\"https:\/\/res.cloudinary.com\/hiwllgdpj\/image\/upload\/f_auto,h_50,q_auto,w_50\/v1562695774\/dr36672oyvejlaqmlf4k.png\" alt=\"Movimenta\u00e7\u00e3o de Sa\u00edda\" \/>MOVIMENTA\u00c7\u00c3O DE SA\u00cdDA<\/h2>\n<div class=\"px-0 anim anim-bottom animado\">\n<ul>\n<li>NF-e de sa\u00edda<\/li>\n<li>Nota de venda<\/li>\n<li>Nota de devolu\u00e7\u00e3o<\/li>\n<li>Nota de exporta\u00e7\u00e3o<\/li>\n<li>Emiss\u00e3o de carn\u00ea pela nota de sa\u00edda<\/li>\n<li>Compartilhamento do PDF da NF-e de sa\u00edda via WhatsApp<\/li>\n<li><b>M\u00f3dulo Ponto de Venda (PDV)<\/b><\/li>\n<li>Registra a sa\u00edda da mercadoria e imprime comprovante para o cliente<\/li>\n<li>Emiss\u00e3o de carn\u00ea pelo PDV<\/li>\n<li>Recebimento de parcelas pelo PDV<\/li>\n<li>Integra\u00e7\u00e3o com balan\u00e7as serial<\/li>\n<li>Leitor do c\u00f3digo de barras serial e impressora n\u00e3o fiscal 40 colunas<\/li>\n<li>M\u00f3dulo\u00a0<b>Pedidos E-commerce<\/b>\u00a0(Digisat Conecta)<\/li>\n<li>M\u00f3dulo\u00a0<b>Vale Presente<\/b><\/li>\n<\/ul>\n<\/div>\n<p>https:\/\/youtu.be\/S6GSGhjoq8U?list=TLGG-iDeLCn_dEswMzA0MjAyNA<\/p>\n<p>&nbsp;<\/p>\n<h2 class=\"d-inline-block font-weight-light text-uppercase pl-0 mt-5\"><img decoding=\"async\" src=\"https:\/\/res.cloudinary.com\/hiwllgdpj\/image\/upload\/f_auto,h_50,q_auto,w_50\/v1562695852\/gospkpwfzx5ljz8emnpe.png\" alt=\"Recursos Auxiliares\" \/>RECURSOS AUXILIARES<\/h2>\n<div class=\"px-0 anim anim-bottom animado\">\n<ul>\n<li><b>M\u00f3dulo de Configura\u00e7\u00f5es\u00a0 \u00a0 \u00a0<\/b><\/li>\n<li><b>M\u00f3dulo de Relat\u00f3rios<\/b><\/li>\n<li>Relat\u00f3rio de pessoas<\/li>\n<li>Relat\u00f3rio de produtos e servi\u00e7os<\/li>\n<li>Relat\u00f3rio de grupos<\/li>\n<li>Relat\u00f3rio de contas a pagar e receber<\/li>\n<li>Relat\u00f3rio de movimenta\u00e7\u00e3o de entrada e sa\u00edda<\/li>\n<li>Relat\u00f3rio de turnos<\/li>\n<li><b>M\u00f3dulo de Altera\u00e7\u00f5es R\u00e1pidas\u00a0<\/b>(para usu\u00e1rios, suporte e revenda)<\/li>\n<li><b>M\u00f3dulo de Inutiliza\u00e7\u00e3o de Notas<\/b><\/li>\n<li><b>M\u00f3dulo\u00a0Modelos de E-mail<\/b><\/li>\n<li><b>M\u00f3dulo Notifica\u00e7\u00f5es<\/b>\u00a0(pedidos que entram do e-commerce Digisat Conecta)<\/li>\n<li>M\u00f3dulo\u00a0<b>Sincroniza\u00e7\u00e3o com o E-commerce<\/b>\u00a0(Digisat Conecta)<\/li>\n<li><b>M\u00f3dulo de Turnos<\/b><\/li>\n<\/ul>\n<p>https:\/\/youtu.be\/JUeObX9D6T8?list=TLGGZiybdO4-8E4wMzA0MjAyNA<\/p>\n<\/div>\n","protected":false},"featured_media":22634,"comment_status":"closed","ping_status":"closed","template":"","meta":{"_joinchat":[]},"product_brand":[],"product_cat":[133],"product_tag":[],"class_list":{"0":"post-22590","1":"product","2":"type-product","3":"status-publish","6":"product_cat-automacao-comercial","8":"first","9":"instock","10":"downloadable","11":"taxable","12":"shipping-taxable","13":"purchasable","14":"product-type-simple"},"_links":{"self":[{"href":"https:\/\/furlanjet.com.br\/index.php?rest_route=\/wp\/v2\/product\/22590","targetHints":{"allow":["GET"]}}],"collection":[{"href":"https:\/\/furlanjet.com.br\/index.php?rest_route=\/wp\/v2\/product"}],"about":[{"href":"https:\/\/furlanjet.com.br\/index.php?rest_route=\/wp\/v2\/types\/product"}],"replies":[{"embeddable":true,"href":"https:\/\/furlanjet.com.br\/index.php?rest_route=%2Fwp%2Fv2%2Fcomments&post=22590"}],"version-history":[{"count":4,"href":"https:\/\/furlanjet.com.br\/index.php?rest_route=\/wp\/v2\/product\/22590\/revisions"}],"predecessor-version":[{"id":290868,"href":"https:\/\/furlanjet.com.br\/index.php?rest_route=\/wp\/v2\/product\/22590\/revisions\/290868"}],"wp:featuredmedia":[{"embeddable":true,"href":"https:\/\/furlanjet.com.br\/index.php?rest_route=\/wp\/v2\/media\/22634"}],"wp:attachment":[{"href":"https:\/\/furlanjet.com.br\/index.php?rest_route=%2Fwp%2Fv2%2Fmedia&parent=22590"}],"wp:term":[{"taxonomy":"product_brand","embeddable":true,"href":"https:\/\/furlanjet.com.br\/index.php?rest_route=%2Fwp%2Fv2%2Fproduct_brand&post=22590"},{"taxonomy":"product_cat","embeddable":true,"href":"https:\/\/furlanjet.com.br\/index.php?rest_route=%2Fwp%2Fv2%2Fproduct_cat&post=22590"},{"taxonomy":"product_tag","embeddable":true,"href":"https:\/\/furlanjet.com.br\/index.php?rest_route=%2Fwp%2Fv2%2Fproduct_tag&post=22590"}],"curies":[{"name":"wp","href":"https:\/\/api.w.org\/{rel}","templated":true}]}}