{"id":22518,"date":"2019-10-31T23:15:15","date_gmt":"2019-11-01T02:15:15","guid":{"rendered":"http:\/\/furlanjet.com.br\/?post_type=product&#038;p=22518"},"modified":"2019-10-31T23:15:15","modified_gmt":"2019-11-01T02:15:15","slug":"dvr32-canais-3x1","status":"publish","type":"product","link":"https:\/\/furlanjet.com.br\/?product=dvr32-canais-3x1","title":{"rendered":"DVR32 canais (3\u00d71)"},"content":{"rendered":"","protected":false},"excerpt":{"rendered":"<p><strong>Conectores:<\/strong><br \/>\n32XBNC entrada de v\u00eddeo<br \/>\n16xRCA entrada de \u00e1udio<br \/>\n01xVGA sa\u00edda de v\u00eddeo<br \/>\n01xHDMI sa\u00edda de v\u00eddeo<br \/>\n01XRCA sa\u00edda de \u00e1udio<br \/>\n01xRJ45 porta Ethernet 10\/100\/1000<br \/>\n02xUSB<br \/>\n01xRS485<br \/>\n01xP4 f\u00eamea entrada de for\u00e7a<\/p>\n<p><strong>Modo de canal:<\/strong><br \/>\n01 modo anal\u00f3gico: 32x AHDNH ou 1080N ou 32x CVBS<br \/>\n02 modo anal\u00f3gico: 24X AHDNH ou 1080N ou 24x CVBS<br \/>\n03 modo anal\u00f3gico: 16X AHDNH ou 1080N ou 16x CVBS<br \/>\n04 modo h\u00edbrido: 08x AHDNH ou 1080N ou 08x 960P IP<br \/>\n05 modo ip: 32x 1080P<br \/>\n06 modo ip: 16x 3megapixels<br \/>\n07 modo ip: 08x 5megapixels<\/p>\n<p>Tipo de compress\u00e3o de v\u00eddeo: H.264<br \/>\nTipo de compress\u00e3o de \u00e1udio: G.711A<br \/>\nModos de Grava\u00e7\u00e3o: Manual, detec\u00e7\u00e3o de movimento ou continua<br \/>\nReprodu\u00e7\u00e3o de imagens: A quantidade de canais reproduzidos simultaneamente varia de acordo com o modo de canais selecionado<br \/>\nArmazenamento: Hdd Sata m\u00e1ximo 6TB<br \/>\nProtocolos: Net ip e Onvif<br \/>\nWeb browser (Internet explorer)<br \/>\nDispositivos m\u00f3veis: Android E Apple<\/p>\n","protected":false},"featured_media":22519,"comment_status":"closed","ping_status":"closed","template":"","meta":{"_joinchat":[]},"product_brand":[],"product_cat":[134],"product_tag":[],"class_list":{"0":"post-22518","1":"product","2":"type-product","3":"status-publish","6":"product_cat-dvr","8":"first","9":"instock","10":"taxable","11":"shipping-taxable","12":"product-type-simple"},"_links":{"self":[{"href":"https:\/\/furlanjet.com.br\/index.php?rest_route=\/wp\/v2\/product\/22518","targetHints":{"allow":["GET"]}}],"collection":[{"href":"https:\/\/furlanjet.com.br\/index.php?rest_route=\/wp\/v2\/product"}],"about":[{"href":"https:\/\/furlanjet.com.br\/index.php?rest_route=\/wp\/v2\/types\/product"}],"replies":[{"embeddable":true,"href":"https:\/\/furlanjet.com.br\/index.php?rest_route=%2Fwp%2Fv2%2Fcomments&post=22518"}],"version-history":[{"count":0,"href":"https:\/\/furlanjet.com.br\/index.php?rest_route=\/wp\/v2\/product\/22518\/revisions"}],"wp:featuredmedia":[{"embeddable":true,"href":"https:\/\/furlanjet.com.br\/index.php?rest_route=\/wp\/v2\/media\/22519"}],"wp:attachment":[{"href":"https:\/\/furlanjet.com.br\/index.php?rest_route=%2Fwp%2Fv2%2Fmedia&parent=22518"}],"wp:term":[{"taxonomy":"product_brand","embeddable":true,"href":"https:\/\/furlanjet.com.br\/index.php?rest_route=%2Fwp%2Fv2%2Fproduct_brand&post=22518"},{"taxonomy":"product_cat","embeddable":true,"href":"https:\/\/furlanjet.com.br\/index.php?rest_route=%2Fwp%2Fv2%2Fproduct_cat&post=22518"},{"taxonomy":"product_tag","embeddable":true,"href":"https:\/\/furlanjet.com.br\/index.php?rest_route=%2Fwp%2Fv2%2Fproduct_tag&post=22518"}],"curies":[{"name":"wp","href":"https:\/\/api.w.org\/{rel}","templated":true}]}}