{"id":22514,"date":"2019-10-31T23:06:35","date_gmt":"2019-11-01T02:06:35","guid":{"rendered":"http:\/\/furlanjet.com.br\/?post_type=product&#038;p=22514"},"modified":"2019-10-31T23:06:35","modified_gmt":"2019-11-01T02:06:35","slug":"tw-8104t-mh","status":"publish","type":"product","link":"https:\/\/furlanjet.com.br\/?product=tw-8104t-mh","title":{"rendered":"TW-8104T-MH"},"content":{"rendered":"","protected":false},"excerpt":{"rendered":"<p><strong>Conectores:<\/strong><\/p>\n<ul>\n<li>04xBNC entrada de v\u00eddeo<\/li>\n<li>01xRCA sa\u00edda de \u00e1udio<\/li>\n<li>04xRCA entrada de \u00e1udio<\/li>\n<li>01xVGA sa\u00edda de v\u00eddeo<\/li>\n<li>01xHDMI sa\u00edda de v\u00eddeo<\/li>\n<li>01xRJ45 porta Ethernet 10\/100<\/li>\n<li>03USB 1 Fontal e 2 no painel traseiro<\/li>\n<li>01xRS485<\/li>\n<li>01xP4 f\u00eamea entrada de for\u00e7a<\/li>\n<\/ul>\n<p>&nbsp;<\/p>\n<ul>\n<li>Tipo de compress\u00e3o de v\u00eddeo: H.264<\/li>\n<li>Tipo de compress\u00e3o de \u00e1udio: G.711A<\/li>\n<li>Modos de Grava\u00e7\u00e3o: Manual, detec\u00e7\u00e3o de movimento ou continua<\/li>\n<li>Reprodu\u00e7\u00e3o de imagens: A quantidade de canais reproduzidos simultaneamente varia de acordo com o modo de canais selecionado<\/li>\n<li>Armazenamento: Hdd Sata m\u00e1ximo 6TB<\/li>\n<li>Protocolos: Net ip, Onvif e P2P<\/li>\n<li>Web browser (Internet explorer)<\/li>\n<li>Dispositivos m\u00f3veis: Android e Apple<\/li>\n<\/ul>\n<table width=\"716\">\n<tbody>\n<tr>\n<td colspan=\"2\" width=\"107\"><strong><em>C\u00e2mera Locais (BNC)<\/em><\/strong><\/td>\n<td colspan=\"3\" width=\"225\"><strong><em>C\u00e2meras Rede (C\u00e2meras IP)<\/em><\/strong><\/td>\n<td width=\"120\"><strong>TW-8104T-MH<\/strong><\/td>\n<\/tr>\n<tr>\n<td width=\"47\"><strong>1080p<\/strong><\/td>\n<td width=\"60\"><strong>1080n<\/strong><\/td>\n<td width=\"64\"><strong>1080p<\/strong><\/td>\n<td width=\"64\"><strong>960p<\/strong><\/td>\n<td width=\"98\"><strong>5Mp<\/strong><\/td>\n<td width=\"120\"><strong><u>Reprodu\u00e7\u00e3o simult\u00e2nea<\/u><\/strong><\/td>\n<\/tr>\n<tr>\n<td width=\"47\">4<\/td>\n<td width=\"60\"><\/td>\n<td width=\"64\"><\/td>\n<td width=\"64\"><\/td>\n<td width=\"98\"><\/td>\n<td width=\"120\">4<\/td>\n<\/tr>\n<tr>\n<td width=\"47\">2<\/td>\n<td width=\"60\"><\/td>\n<td width=\"64\">2<\/td>\n<td width=\"64\"><\/td>\n<td width=\"98\"><\/td>\n<td width=\"120\">2<\/td>\n<\/tr>\n<tr>\n<td width=\"47\"><\/td>\n<td width=\"60\">4<\/td>\n<td width=\"64\"><\/td>\n<td width=\"64\">4<\/td>\n<td width=\"98\"><\/td>\n<td width=\"120\">4<\/td>\n<\/tr>\n<tr>\n<td width=\"47\"><\/td>\n<td width=\"60\"><\/td>\n<td width=\"64\">16<\/td>\n<td width=\"64\"><\/td>\n<td width=\"98\"><\/td>\n<td width=\"120\">2<\/td>\n<\/tr>\n<tr>\n<td width=\"47\"><\/td>\n<td width=\"60\"><\/td>\n<td width=\"64\">9<\/td>\n<td width=\"64\"><\/td>\n<td width=\"98\"><\/td>\n<td width=\"120\">4<\/td>\n<\/tr>\n<tr>\n<td width=\"47\"><\/td>\n<td width=\"60\"><\/td>\n<td width=\"64\"><\/td>\n<td width=\"64\">16<\/td>\n<td width=\"98\"><\/td>\n<td width=\"120\">4<\/td>\n<\/tr>\n<tr>\n<td width=\"47\"><\/td>\n<td width=\"60\"><\/td>\n<td width=\"64\"><\/td>\n<td width=\"64\"><\/td>\n<td width=\"98\">4<\/td>\n<td width=\"120\">1<\/td>\n<\/tr>\n<\/tbody>\n<\/table>\n","protected":false},"featured_media":22512,"comment_status":"closed","ping_status":"closed","template":"","meta":{"_joinchat":[]},"product_brand":[],"product_cat":[134],"product_tag":[],"class_list":{"0":"post-22514","1":"product","2":"type-product","3":"status-publish","6":"product_cat-dvr","8":"first","9":"instock","10":"taxable","11":"shipping-taxable","12":"product-type-simple"},"_links":{"self":[{"href":"https:\/\/furlanjet.com.br\/index.php?rest_route=\/wp\/v2\/product\/22514","targetHints":{"allow":["GET"]}}],"collection":[{"href":"https:\/\/furlanjet.com.br\/index.php?rest_route=\/wp\/v2\/product"}],"about":[{"href":"https:\/\/furlanjet.com.br\/index.php?rest_route=\/wp\/v2\/types\/product"}],"replies":[{"embeddable":true,"href":"https:\/\/furlanjet.com.br\/index.php?rest_route=%2Fwp%2Fv2%2Fcomments&post=22514"}],"version-history":[{"count":0,"href":"https:\/\/furlanjet.com.br\/index.php?rest_route=\/wp\/v2\/product\/22514\/revisions"}],"wp:featuredmedia":[{"embeddable":true,"href":"https:\/\/furlanjet.com.br\/index.php?rest_route=\/wp\/v2\/media\/22512"}],"wp:attachment":[{"href":"https:\/\/furlanjet.com.br\/index.php?rest_route=%2Fwp%2Fv2%2Fmedia&parent=22514"}],"wp:term":[{"taxonomy":"product_brand","embeddable":true,"href":"https:\/\/furlanjet.com.br\/index.php?rest_route=%2Fwp%2Fv2%2Fproduct_brand&post=22514"},{"taxonomy":"product_cat","embeddable":true,"href":"https:\/\/furlanjet.com.br\/index.php?rest_route=%2Fwp%2Fv2%2Fproduct_cat&post=22514"},{"taxonomy":"product_tag","embeddable":true,"href":"https:\/\/furlanjet.com.br\/index.php?rest_route=%2Fwp%2Fv2%2Fproduct_tag&post=22514"}],"curies":[{"name":"wp","href":"https:\/\/api.w.org\/{rel}","templated":true}]}}