{"id":22507,"date":"2019-10-31T22:48:46","date_gmt":"2019-11-01T01:48:46","guid":{"rendered":"http:\/\/furlanjet.com.br\/?post_type=product&#038;p=22507"},"modified":"2019-10-31T22:48:46","modified_gmt":"2019-11-01T01:48:46","slug":"twg-receiver","status":"publish","type":"product","link":"https:\/\/furlanjet.com.br\/?product=twg-receiver","title":{"rendered":"TWG Receiver"},"content":{"rendered":"<h1 class=\"product_title entry-title\">TWG Receiver<\/h1>\n","protected":false},"excerpt":{"rendered":"<h4>Caracteristicas t\u00e9cnicas:<\/h4>\n<p>Receptor para acionamento de port\u00f4es autom\u00e1ticos compativel com TWG ACCESS cada receptor aciona um port\u00e3o individualmente;<\/p>\n<p>Alimenta\u00e7\u00e3o 12V 500mA;<\/p>\n<p>Dimens\u00f5es aproximadas: 83 mm x 64mm x32mm.<\/p>\n","protected":false},"featured_media":22508,"comment_status":"closed","ping_status":"closed","template":"","meta":{"_joinchat":[]},"product_brand":[],"product_cat":[136],"product_tag":[],"class_list":{"0":"post-22507","1":"product","2":"type-product","3":"status-publish","6":"product_cat-controle-de-acesso","8":"first","9":"instock","10":"taxable","11":"shipping-taxable","12":"product-type-simple"},"_links":{"self":[{"href":"https:\/\/furlanjet.com.br\/index.php?rest_route=\/wp\/v2\/product\/22507","targetHints":{"allow":["GET"]}}],"collection":[{"href":"https:\/\/furlanjet.com.br\/index.php?rest_route=\/wp\/v2\/product"}],"about":[{"href":"https:\/\/furlanjet.com.br\/index.php?rest_route=\/wp\/v2\/types\/product"}],"replies":[{"embeddable":true,"href":"https:\/\/furlanjet.com.br\/index.php?rest_route=%2Fwp%2Fv2%2Fcomments&post=22507"}],"version-history":[{"count":0,"href":"https:\/\/furlanjet.com.br\/index.php?rest_route=\/wp\/v2\/product\/22507\/revisions"}],"wp:featuredmedia":[{"embeddable":true,"href":"https:\/\/furlanjet.com.br\/index.php?rest_route=\/wp\/v2\/media\/22508"}],"wp:attachment":[{"href":"https:\/\/furlanjet.com.br\/index.php?rest_route=%2Fwp%2Fv2%2Fmedia&parent=22507"}],"wp:term":[{"taxonomy":"product_brand","embeddable":true,"href":"https:\/\/furlanjet.com.br\/index.php?rest_route=%2Fwp%2Fv2%2Fproduct_brand&post=22507"},{"taxonomy":"product_cat","embeddable":true,"href":"https:\/\/furlanjet.com.br\/index.php?rest_route=%2Fwp%2Fv2%2Fproduct_cat&post=22507"},{"taxonomy":"product_tag","embeddable":true,"href":"https:\/\/furlanjet.com.br\/index.php?rest_route=%2Fwp%2Fv2%2Fproduct_tag&post=22507"}],"curies":[{"name":"wp","href":"https:\/\/api.w.org\/{rel}","templated":true}]}}