{"id":22505,"date":"2019-10-31T22:44:57","date_gmt":"2019-11-01T01:44:57","guid":{"rendered":"http:\/\/furlanjet.com.br\/?post_type=product&#038;p=22505"},"modified":"2019-10-31T22:46:13","modified_gmt":"2019-11-01T01:46:13","slug":"twg-blocker","status":"publish","type":"product","link":"https:\/\/furlanjet.com.br\/?product=twg-blocker","title":{"rendered":"TWG Blocker"},"content":{"rendered":"<h1 class=\"product_title entry-title\">TWG Blocker<\/h1>\n","protected":false},"excerpt":{"rendered":"<h4>Caracteristicas t\u00e9cnicas:<\/h4>\n<p>O sistema TWG BLOCKER pode ser instalado em portas com fechaduras eletromec\u00e2nicas, eletromagn\u00e9ticas ou em port\u00f5es autom\u00e1ticos de garagens.<\/p>\n<p>A fun\u00e7\u00e3o principal do TWG BLOCKER \u00e9 a forma\u00e7\u00e3o de uma eclusa com port\u00f5es de garagem ou portas sociais, ou seja, ele n\u00e3o permite a abertura de uma porta se a outra se encontra aberta<\/p>\n<p>Faz o intertravamento em formato de eclusa;<br \/>\nConfigur\u00e1vel para acionar port\u00f5es autom\u00e1ticos, fechaduras eletromec\u00e2nicas e magn\u00e9ticas;<br \/>\nConfigura\u00e7\u00e3o intuitiva do tempo de pulso de 1 a 240 segundos para libera\u00e7\u00e3o das fechaduras magn\u00e9ticas;<\/p>\n<p>Buzzer interno com dois tons diferenciados que informa com tom mel\u00f3dico abertura apenas uma porta aberta e tom de alerta quando as duas est\u00e3o abertas, o buzzer pode ser configurado para informar quando uma porta ou port\u00e3o estiver aberto, quando somente os dois estiverem abertos ou pode ser desligado por completo.<br \/>\nLEDs indicam porta aberta e com alerta visual de duas portas abertas;<br \/>\nAcionamento autom\u00e1tico da segunda porta configur\u00e1vel;<br \/>\nAtiva\u00e7\u00e3o e desativa\u00e7\u00e3o do sistema atrav\u00e9s de chave;<br \/>\nBornes para conex\u00f5es externas com as botoeiras originais e sensores magn\u00e9ticos (reed switch);<br \/>\nPode ser interligado a outro TWG BLOCKER para realizar intertravamento entre 4 port\u00f5es;<br \/>\nPode ser interligado com o TWG ACCESS;<br \/>\nAlimenta\u00e7\u00e3o: 12V 500mA (pode ser alimentado pelo TWG ACCESS).<\/p>\n","protected":false},"featured_media":22506,"comment_status":"closed","ping_status":"closed","template":"","meta":{"_joinchat":[]},"product_brand":[],"product_cat":[136],"product_tag":[],"class_list":{"0":"post-22505","1":"product","2":"type-product","3":"status-publish","6":"product_cat-controle-de-acesso","8":"first","9":"instock","10":"taxable","11":"shipping-taxable","12":"product-type-simple"},"_links":{"self":[{"href":"https:\/\/furlanjet.com.br\/index.php?rest_route=\/wp\/v2\/product\/22505","targetHints":{"allow":["GET"]}}],"collection":[{"href":"https:\/\/furlanjet.com.br\/index.php?rest_route=\/wp\/v2\/product"}],"about":[{"href":"https:\/\/furlanjet.com.br\/index.php?rest_route=\/wp\/v2\/types\/product"}],"replies":[{"embeddable":true,"href":"https:\/\/furlanjet.com.br\/index.php?rest_route=%2Fwp%2Fv2%2Fcomments&post=22505"}],"version-history":[{"count":0,"href":"https:\/\/furlanjet.com.br\/index.php?rest_route=\/wp\/v2\/product\/22505\/revisions"}],"wp:featuredmedia":[{"embeddable":true,"href":"https:\/\/furlanjet.com.br\/index.php?rest_route=\/wp\/v2\/media\/22506"}],"wp:attachment":[{"href":"https:\/\/furlanjet.com.br\/index.php?rest_route=%2Fwp%2Fv2%2Fmedia&parent=22505"}],"wp:term":[{"taxonomy":"product_brand","embeddable":true,"href":"https:\/\/furlanjet.com.br\/index.php?rest_route=%2Fwp%2Fv2%2Fproduct_brand&post=22505"},{"taxonomy":"product_cat","embeddable":true,"href":"https:\/\/furlanjet.com.br\/index.php?rest_route=%2Fwp%2Fv2%2Fproduct_cat&post=22505"},{"taxonomy":"product_tag","embeddable":true,"href":"https:\/\/furlanjet.com.br\/index.php?rest_route=%2Fwp%2Fv2%2Fproduct_tag&post=22505"}],"curies":[{"name":"wp","href":"https:\/\/api.w.org\/{rel}","templated":true}]}}