{"id":22503,"date":"2019-10-31T22:42:34","date_gmt":"2019-11-01T01:42:34","guid":{"rendered":"http:\/\/furlanjet.com.br\/?post_type=product&#038;p=22503"},"modified":"2019-10-31T22:42:34","modified_gmt":"2019-11-01T01:42:34","slug":"twg-access","status":"publish","type":"product","link":"https:\/\/furlanjet.com.br\/?product=twg-access","title":{"rendered":"TWG Access"},"content":{"rendered":"<h1 class=\"product_title entry-title\">TWG Access<\/h1>\n","protected":false},"excerpt":{"rendered":"<p>Este equipamento \u00e9 um dos mais completos e seguros sistemas de acesso para garagens em condom\u00ednios existentes no mercado atualmente;<\/p>\n<p>O TWG ACCESS tem a capacidade para cadastrar at\u00e9 1300 controles remotos e todos tem c\u00f3digos distintos e individuais;<\/p>\n<p>Tamb\u00e9m pode ser utilizado para portas sociais com sistema de intertravamento TWG BLOCKER;<\/p>\n<p>Cada unidade \u00e9 cadastrada em um sistema que vincula um n\u00famero de usu\u00e1rio, bloco e apartamento, assim ao acionar o controle remoto para entrar na garagem, a portaria identifica imediatamente o morador garantindo a seguran\u00e7a do local;<\/p>\n<p>Caso um controle seja extraviado, \u00e9 possivel desautorizar o acesso do mesmo ao sistema e cadastrar um outro controle individualmente sem a necessidade de refazer todo o cadastro dos outros controles;<\/p>\n<p>Um dos recursos mais importantes deste sistema \u00e9 o bot\u00e3o de p\u00e2nico, caso o usu\u00e1rio esteja em uma situa\u00e7\u00e3o de risco ao entrar ou sair da garagem, ele pode acionar o bot\u00e3o que ir\u00e1 gerar um alerta no M\u00f3dulo TWG-ACCESS que estar\u00e1 na portaria;<\/p>\n<p>Junto com este equipamento acompanha um modulo de back up para armazenamento e posterior restaura\u00e7\u00e3o das configura\u00e7\u00f5es do m\u00f3dulo quando necess\u00e1rio;<\/p>\n<p>Para utiliza\u00e7\u00e3o deste equipamento \u00e9 necess\u00e1rio um adaptador 12V 500mA item n\u00e3o incluso;<\/p>\n<p>Dimens\u00f5es aproximadas: 115mm x115mm x35 mm.<\/p>\n","protected":false},"featured_media":22504,"comment_status":"closed","ping_status":"closed","template":"","meta":{"_joinchat":[]},"product_brand":[],"product_cat":[136],"product_tag":[],"class_list":{"0":"post-22503","1":"product","2":"type-product","3":"status-publish","6":"product_cat-controle-de-acesso","8":"first","9":"instock","10":"taxable","11":"shipping-taxable","12":"product-type-simple"},"_links":{"self":[{"href":"https:\/\/furlanjet.com.br\/index.php?rest_route=\/wp\/v2\/product\/22503","targetHints":{"allow":["GET"]}}],"collection":[{"href":"https:\/\/furlanjet.com.br\/index.php?rest_route=\/wp\/v2\/product"}],"about":[{"href":"https:\/\/furlanjet.com.br\/index.php?rest_route=\/wp\/v2\/types\/product"}],"replies":[{"embeddable":true,"href":"https:\/\/furlanjet.com.br\/index.php?rest_route=%2Fwp%2Fv2%2Fcomments&post=22503"}],"version-history":[{"count":0,"href":"https:\/\/furlanjet.com.br\/index.php?rest_route=\/wp\/v2\/product\/22503\/revisions"}],"wp:featuredmedia":[{"embeddable":true,"href":"https:\/\/furlanjet.com.br\/index.php?rest_route=\/wp\/v2\/media\/22504"}],"wp:attachment":[{"href":"https:\/\/furlanjet.com.br\/index.php?rest_route=%2Fwp%2Fv2%2Fmedia&parent=22503"}],"wp:term":[{"taxonomy":"product_brand","embeddable":true,"href":"https:\/\/furlanjet.com.br\/index.php?rest_route=%2Fwp%2Fv2%2Fproduct_brand&post=22503"},{"taxonomy":"product_cat","embeddable":true,"href":"https:\/\/furlanjet.com.br\/index.php?rest_route=%2Fwp%2Fv2%2Fproduct_cat&post=22503"},{"taxonomy":"product_tag","embeddable":true,"href":"https:\/\/furlanjet.com.br\/index.php?rest_route=%2Fwp%2Fv2%2Fproduct_tag&post=22503"}],"curies":[{"name":"wp","href":"https:\/\/api.w.org\/{rel}","templated":true}]}}