{"id":22482,"date":"2019-10-31T21:56:22","date_gmt":"2019-11-01T00:56:22","guid":{"rendered":"http:\/\/furlanjet.com.br\/?post_type=product&#038;p=22482"},"modified":"2019-10-31T21:56:22","modified_gmt":"2019-11-01T00:56:22","slug":"camera-bullet-tw-3720ab","status":"publish","type":"product","link":"https:\/\/furlanjet.com.br\/?product=camera-bullet-tw-3720ab","title":{"rendered":"C\u00e2mera Bullet TW-3720AB"},"content":{"rendered":"<p>Tipo: C\u00e2mera Bullet \u2013 Infra Red 30 m<br \/>\nTipo de sinal: AHD<\/p>\n","protected":false},"excerpt":{"rendered":"<p>Tipo: C\u00e2mera Bullet \u2013 Infra Red 30 m<br \/>\nTipo de sinal: AHD<br \/>\nUso: Interno\/externo<br \/>\nMaterial: Met\u00e1lico<br \/>\nSensor de Imagem<br \/>\nSemicondutor: 1\/3\u201c megapixel CMOS<br \/>\nResolu\u00e7\u00e3o: FULL HD (1080p)<br \/>\nIlumina\u00e7\u00e3o M\u00ednima: 0 Lux IR on<\/p>\n<p><strong>DSP<\/strong><br \/>\nAGC (Auto Gain Control): Autom\u00e1tico<br \/>\nBalan\u00e7o de Branco (White Balance): Autom\u00e1tico<br \/>\nShutter Eletr\u00f4nico: Autom\u00e1tico<br \/>\nBLC (Back Light Compensation): Autom\u00e1tico<br \/>\nModo Day-Night: Autom\u00e1tico<br \/>\nRecursos Adicionais: Smart IR<\/p>\n<p><strong>Infra-Vermelho<\/strong><br \/>\nQuantidade: 36 leds<br \/>\nAlcance: At\u00e9 30 m<br \/>\nTamanho: 5 mm<\/p>\n<p><strong>Lente<\/strong><br \/>\nTipo: Lente Fixa<br \/>\nTamanho: 3,6 mm<\/p>\n","protected":false},"featured_media":22483,"comment_status":"closed","ping_status":"closed","template":"","meta":{"_joinchat":[]},"product_brand":[],"product_cat":[135],"product_tag":[],"class_list":{"0":"post-22482","1":"product","2":"type-product","3":"status-publish","6":"product_cat-cameras","8":"first","9":"instock","10":"taxable","11":"shipping-taxable","12":"product-type-simple"},"_links":{"self":[{"href":"https:\/\/furlanjet.com.br\/index.php?rest_route=\/wp\/v2\/product\/22482","targetHints":{"allow":["GET"]}}],"collection":[{"href":"https:\/\/furlanjet.com.br\/index.php?rest_route=\/wp\/v2\/product"}],"about":[{"href":"https:\/\/furlanjet.com.br\/index.php?rest_route=\/wp\/v2\/types\/product"}],"replies":[{"embeddable":true,"href":"https:\/\/furlanjet.com.br\/index.php?rest_route=%2Fwp%2Fv2%2Fcomments&post=22482"}],"version-history":[{"count":0,"href":"https:\/\/furlanjet.com.br\/index.php?rest_route=\/wp\/v2\/product\/22482\/revisions"}],"wp:featuredmedia":[{"embeddable":true,"href":"https:\/\/furlanjet.com.br\/index.php?rest_route=\/wp\/v2\/media\/22483"}],"wp:attachment":[{"href":"https:\/\/furlanjet.com.br\/index.php?rest_route=%2Fwp%2Fv2%2Fmedia&parent=22482"}],"wp:term":[{"taxonomy":"product_brand","embeddable":true,"href":"https:\/\/furlanjet.com.br\/index.php?rest_route=%2Fwp%2Fv2%2Fproduct_brand&post=22482"},{"taxonomy":"product_cat","embeddable":true,"href":"https:\/\/furlanjet.com.br\/index.php?rest_route=%2Fwp%2Fv2%2Fproduct_cat&post=22482"},{"taxonomy":"product_tag","embeddable":true,"href":"https:\/\/furlanjet.com.br\/index.php?rest_route=%2Fwp%2Fv2%2Fproduct_tag&post=22482"}],"curies":[{"name":"wp","href":"https:\/\/api.w.org\/{rel}","templated":true}]}}