{"id":22480,"date":"2019-10-31T21:52:56","date_gmt":"2019-11-01T00:52:56","guid":{"rendered":"http:\/\/furlanjet.com.br\/?post_type=product&#038;p=22480"},"modified":"2019-10-31T21:52:56","modified_gmt":"2019-11-01T00:52:56","slug":"camera-bullet-tw-3710ab","status":"publish","type":"product","link":"https:\/\/furlanjet.com.br\/?product=camera-bullet-tw-3710ab","title":{"rendered":"C\u00e2mera Bullet TW-3710AB"},"content":{"rendered":"<table>\n<tbody>\n<tr>\n<td width=\"109\"><strong>Modelo<\/strong><\/td>\n<td colspan=\"4\" width=\"311\">TW-3710 AB<\/td>\n<\/tr>\n<tr>\n<td width=\"109\"><strong>Tecnologia<\/strong><\/td>\n<td colspan=\"4\" width=\"311\">AHD<\/td>\n<\/tr>\n<\/tbody>\n<\/table>\n","protected":false},"excerpt":{"rendered":"<table>\n<tbody>\n<tr>\n<td width=\"109\"><strong>Modelo<\/strong><\/td>\n<td colspan=\"4\" width=\"311\">TW-3710 AB<\/td>\n<\/tr>\n<tr>\n<td width=\"109\"><strong>Tecnologia<\/strong><\/td>\n<td colspan=\"4\" width=\"311\">AHD<\/td>\n<\/tr>\n<tr>\n<td width=\"109\"><strong>Uso<\/strong><\/td>\n<td colspan=\"4\" width=\"311\">Interno\/Externo<\/td>\n<\/tr>\n<tr>\n<td width=\"109\"><strong>Material<\/strong><\/td>\n<td colspan=\"4\" width=\"311\">Met\u00e1lico<\/td>\n<\/tr>\n<tr>\n<td width=\"109\"><strong>Sensor de Imagem<\/strong><\/td>\n<td colspan=\"4\" width=\"311\">Digital 1\/3 CMOS<\/td>\n<\/tr>\n<tr>\n<td width=\"109\"><strong>Resolu\u00e7\u00e3o<\/strong><\/td>\n<td colspan=\"4\" width=\"311\">HD 720P<\/td>\n<\/tr>\n<tr>\n<td width=\"109\"><strong>Ilumina\u00e7\u00e3o M\u00ednima<\/strong><\/td>\n<td colspan=\"4\" width=\"311\">0 Lux IR Ligado<\/td>\n<\/tr>\n<tr>\n<td colspan=\"5\" width=\"420\">\n<h3><\/h3>\n<h3><strong>DSP (Processador de sinais digitais)<\/strong><\/h3>\n<\/td>\n<\/tr>\n<tr>\n<td colspan=\"4\" width=\"203\"><strong>AGC(Controle autom\u00e1tico de ganho)<\/strong><\/td>\n<td width=\"217\">Sim<\/td>\n<\/tr>\n<tr>\n<td colspan=\"4\" width=\"203\"><strong>White Balance (Balan\u00e7o de Branco)<\/strong><\/td>\n<td width=\"217\">Sim<\/td>\n<\/tr>\n<tr>\n<td colspan=\"4\" width=\"203\"><strong>Shutter Eletr\u00f4nico<\/strong><\/td>\n<td width=\"217\">Sim<\/td>\n<\/tr>\n<tr>\n<td colspan=\"4\" width=\"203\"><strong>D&amp;N Mode(Modo Dia e noite)<\/strong><\/td>\n<td width=\"217\">Sim<\/td>\n<\/tr>\n<tr>\n<td colspan=\"5\" width=\"420\">\n<h3><\/h3>\n<h3><strong>IR (Infravermelho)<\/strong><\/h3>\n<\/td>\n<\/tr>\n<tr>\n<td colspan=\"3\" width=\"163\"><strong>Quantidade de Leds<\/strong><\/td>\n<td colspan=\"2\" width=\"257\">30<\/td>\n<\/tr>\n<tr>\n<td colspan=\"3\" width=\"163\"><strong>Alcance<\/strong><\/td>\n<td colspan=\"2\" width=\"257\">At\u00e9 25 metros<\/td>\n<\/tr>\n<tr>\n<td colspan=\"5\" width=\"420\">\n<h3><\/h3>\n<h3><strong>Lente<\/strong><\/h3>\n<\/td>\n<\/tr>\n<tr>\n<td colspan=\"2\" width=\"161\"><strong>Tipo<\/strong><\/td>\n<td colspan=\"3\" width=\"259\">Fixa<\/td>\n<\/tr>\n<tr>\n<td colspan=\"2\" width=\"161\"><strong>Tamanho<\/strong><\/td>\n<td colspan=\"3\" width=\"259\">2,8 mil\u00edmetros<\/td>\n<\/tr>\n<\/tbody>\n<\/table>\n","protected":false},"featured_media":22481,"comment_status":"closed","ping_status":"closed","template":"","meta":{"_joinchat":[]},"product_brand":[],"product_cat":[135],"product_tag":[],"class_list":{"0":"post-22480","1":"product","2":"type-product","3":"status-publish","6":"product_cat-cameras","8":"first","9":"instock","10":"taxable","11":"shipping-taxable","12":"product-type-simple"},"_links":{"self":[{"href":"https:\/\/furlanjet.com.br\/index.php?rest_route=\/wp\/v2\/product\/22480","targetHints":{"allow":["GET"]}}],"collection":[{"href":"https:\/\/furlanjet.com.br\/index.php?rest_route=\/wp\/v2\/product"}],"about":[{"href":"https:\/\/furlanjet.com.br\/index.php?rest_route=\/wp\/v2\/types\/product"}],"replies":[{"embeddable":true,"href":"https:\/\/furlanjet.com.br\/index.php?rest_route=%2Fwp%2Fv2%2Fcomments&post=22480"}],"version-history":[{"count":0,"href":"https:\/\/furlanjet.com.br\/index.php?rest_route=\/wp\/v2\/product\/22480\/revisions"}],"wp:featuredmedia":[{"embeddable":true,"href":"https:\/\/furlanjet.com.br\/index.php?rest_route=\/wp\/v2\/media\/22481"}],"wp:attachment":[{"href":"https:\/\/furlanjet.com.br\/index.php?rest_route=%2Fwp%2Fv2%2Fmedia&parent=22480"}],"wp:term":[{"taxonomy":"product_brand","embeddable":true,"href":"https:\/\/furlanjet.com.br\/index.php?rest_route=%2Fwp%2Fv2%2Fproduct_brand&post=22480"},{"taxonomy":"product_cat","embeddable":true,"href":"https:\/\/furlanjet.com.br\/index.php?rest_route=%2Fwp%2Fv2%2Fproduct_cat&post=22480"},{"taxonomy":"product_tag","embeddable":true,"href":"https:\/\/furlanjet.com.br\/index.php?rest_route=%2Fwp%2Fv2%2Fproduct_tag&post=22480"}],"curies":[{"name":"wp","href":"https:\/\/api.w.org\/{rel}","templated":true}]}}