{"id":22469,"date":"2019-10-31T21:26:53","date_gmt":"2019-11-01T00:26:53","guid":{"rendered":"http:\/\/furlanjet.com.br\/?post_type=product&#038;p=22469"},"modified":"2019-10-31T21:26:53","modified_gmt":"2019-11-01T00:26:53","slug":"camera-bullet-metal-ip-tw-1336wb","status":"publish","type":"product","link":"https:\/\/furlanjet.com.br\/?product=camera-bullet-metal-ip-tw-1336wb","title":{"rendered":"C\u00e2mera Bullet Metal IP TW-1336WB"},"content":{"rendered":"<p>Modelo\tTW-1336WB<br \/>\nTecnologia\tIP\/WI-Fi\/Onvif<\/p>\n","protected":false},"excerpt":{"rendered":"<table width=\"100%\">\n<tbody>\n<tr>\n<td width=\"26%\"><strong>Modelo<\/strong><\/td>\n<td colspan=\"4\" width=\"74%\">TW-1336WB<\/td>\n<\/tr>\n<tr>\n<td width=\"26%\"><strong>Tecnologia<\/strong><\/td>\n<td colspan=\"4\" width=\"74%\">IP\/WI-Fi\/Onvif<\/td>\n<\/tr>\n<tr>\n<td width=\"26%\"><strong>Uso<\/strong><\/td>\n<td colspan=\"4\" width=\"74%\">Interno\/Externo<\/td>\n<\/tr>\n<tr>\n<td width=\"26%\"><strong>Material<\/strong><\/td>\n<td colspan=\"4\" width=\"74%\">Met\u00e1lico<\/td>\n<\/tr>\n<tr>\n<td width=\"26%\"><strong>Sensor de Imagem<\/strong><\/td>\n<td colspan=\"4\" width=\"74%\">Digital 1\/3 CMOS<\/td>\n<\/tr>\n<tr>\n<td width=\"26%\"><strong>Resolu\u00e7\u00e3o<\/strong><\/td>\n<td colspan=\"4\" width=\"74%\">1.3 MP<\/td>\n<\/tr>\n<tr>\n<td width=\"26%\"><strong>Ilumina\u00e7\u00e3o M\u00ednima<\/strong><\/td>\n<td colspan=\"4\" width=\"74%\">0 Lux IR Ligado<\/td>\n<\/tr>\n<tr>\n<td colspan=\"5\" width=\"100%\"><strong>Fun\u00e7\u00f5es<\/strong><\/td>\n<\/tr>\n<tr>\n<td colspan=\"4\" width=\"48%\"><strong>AGC(Controle autom\u00e1tico de ganho)<\/strong><\/td>\n<td width=\"51%\">Sim<\/td>\n<\/tr>\n<tr>\n<td colspan=\"4\" width=\"48%\"><strong>White Balance (Balan\u00e7o de Branco)<\/strong><\/td>\n<td width=\"51%\">Sim<\/td>\n<\/tr>\n<tr>\n<td colspan=\"4\" width=\"48%\"><strong>Shutter Eletr\u00f4nico<\/strong><\/td>\n<td width=\"51%\">Sim<\/td>\n<\/tr>\n<tr>\n<td colspan=\"4\" width=\"48%\"><strong>D&amp;N Mode(Modo Dia e noite)<\/strong><\/td>\n<td width=\"51%\">Sim<\/td>\n<\/tr>\n<tr>\n<td colspan=\"4\" width=\"48%\"><strong>Alarme detec\u00e7\u00e3o de movimento<\/strong><\/td>\n<td width=\"51%\">Sim<\/td>\n<\/tr>\n<tr>\n<td colspan=\"5\" width=\"100%\"><strong>IR (Infravermelho)<\/strong><\/td>\n<\/tr>\n<tr>\n<td colspan=\"3\" width=\"38%\"><strong>Quantidade de Leds<\/strong><\/td>\n<td colspan=\"2\" width=\"61%\">36<\/td>\n<\/tr>\n<tr>\n<td colspan=\"5\" width=\"100%\"><strong>Aplicativo<\/strong><\/td>\n<\/tr>\n<tr>\n<td colspan=\"2\" width=\"38%\"><strong>Aplicativo<\/strong><\/td>\n<td colspan=\"3\" width=\"61%\">Android &amp; IOS : CamHI<\/td>\n<\/tr>\n<tr>\n<td colspan=\"5\" width=\"100%\"><strong>Lente<\/strong><\/td>\n<\/tr>\n<tr>\n<td colspan=\"2\" width=\"38%\"><strong>Tipo<\/strong><\/td>\n<td colspan=\"3\" width=\"61%\">Fixa<\/td>\n<\/tr>\n<tr>\n<td colspan=\"2\" width=\"38%\"><strong>Tamanho<\/strong><\/td>\n<td colspan=\"3\" width=\"61%\">3,6mm<\/td>\n<\/tr>\n<\/tbody>\n<\/table>\n","protected":false},"featured_media":22470,"comment_status":"closed","ping_status":"closed","template":"","meta":{"_joinchat":[]},"product_brand":[],"product_cat":[135],"product_tag":[],"class_list":{"0":"post-22469","1":"product","2":"type-product","3":"status-publish","6":"product_cat-cameras","8":"first","9":"instock","10":"taxable","11":"shipping-taxable","12":"product-type-simple"},"_links":{"self":[{"href":"https:\/\/furlanjet.com.br\/index.php?rest_route=\/wp\/v2\/product\/22469","targetHints":{"allow":["GET"]}}],"collection":[{"href":"https:\/\/furlanjet.com.br\/index.php?rest_route=\/wp\/v2\/product"}],"about":[{"href":"https:\/\/furlanjet.com.br\/index.php?rest_route=\/wp\/v2\/types\/product"}],"replies":[{"embeddable":true,"href":"https:\/\/furlanjet.com.br\/index.php?rest_route=%2Fwp%2Fv2%2Fcomments&post=22469"}],"version-history":[{"count":0,"href":"https:\/\/furlanjet.com.br\/index.php?rest_route=\/wp\/v2\/product\/22469\/revisions"}],"wp:featuredmedia":[{"embeddable":true,"href":"https:\/\/furlanjet.com.br\/index.php?rest_route=\/wp\/v2\/media\/22470"}],"wp:attachment":[{"href":"https:\/\/furlanjet.com.br\/index.php?rest_route=%2Fwp%2Fv2%2Fmedia&parent=22469"}],"wp:term":[{"taxonomy":"product_brand","embeddable":true,"href":"https:\/\/furlanjet.com.br\/index.php?rest_route=%2Fwp%2Fv2%2Fproduct_brand&post=22469"},{"taxonomy":"product_cat","embeddable":true,"href":"https:\/\/furlanjet.com.br\/index.php?rest_route=%2Fwp%2Fv2%2Fproduct_cat&post=22469"},{"taxonomy":"product_tag","embeddable":true,"href":"https:\/\/furlanjet.com.br\/index.php?rest_route=%2Fwp%2Fv2%2Fproduct_tag&post=22469"}],"curies":[{"name":"wp","href":"https:\/\/api.w.org\/{rel}","templated":true}]}}