{"id":22365,"date":"2019-10-28T18:40:34","date_gmt":"2019-10-28T21:40:34","guid":{"rendered":"http:\/\/furlanjet.com.br\/?post_type=product&#038;p=22365"},"modified":"2025-03-06T12:58:27","modified_gmt":"2025-03-06T15:58:27","slug":"comercial-g6-digisat","status":"publish","type":"product","link":"https:\/\/furlanjet.com.br\/?product=comercial-g6-digisat","title":{"rendered":"Sistema Comercial Digisat"},"content":{"rendered":"","protected":false},"excerpt":{"rendered":"<h2 class=\"mt-0 mx-5 text-center text-primario text-uppercase\">SISTEMA DESENVOLVIDO PARA CONTROLAR E ASSEGURAR QUE AS ROTINAS EMPRESARIAIS ESTEJAM SEMPRE EM DIA<\/h2>\n<p>O Sistema Comercial organiza e ger\u00eancia as rotinas com muito mais agilidade e praticidade, aumentando a produtividade da sua equipe e garantindo que as tarefas administrativas estejam sempre em dia. Possui interface amig\u00e1vel que unifica diversas informa\u00e7\u00f5es vitais para o bom funcionamento de uma empresa, como cadastros gerais, centro de custos, movimenta\u00e7\u00e3o de entrada e sa\u00edda de mercadorias, movimenta\u00e7\u00f5es fiscais, nota manual, controle de estoque e recebimento de parcelas dos clientes pelo m\u00f3dulo PDV, entre outros. Conte com a tecnologia do nosso sistema para organizar o seu neg\u00f3cio, otimize seus processos, deixe-os mais pr\u00e1ticos, seguros, eficientes, facilite as rotinas da sua empresa.<\/p>\n<p>https:\/\/youtu.be\/uxN6FiKB0xs?list=TLGGuvv0FGNvseEwMzA0MjAyNA<\/p>\n<h2 class=\"d-inline-block font-weight-light text-uppercase pl-0 mt-5\"><img decoding=\"async\" src=\"https:\/\/res.cloudinary.com\/hiwllgdpj\/image\/upload\/f_auto,h_50,q_auto,w_50\/v1562596762\/mvxybjgmjyulghs7cy2z.png\" alt=\"Cadastros\" \/>CADASTROS<\/h2>\n<div class=\"px-0 anim anim-bottom animado\">\n<p><b>M\u00f3dulo Cadastro de Pessoas<\/b><\/p>\n<ul>\n<li>Cadastrar pessoas por CNPJ<\/li>\n<li>Efetua consulta de servi\u00e7o de cr\u00e9dito (Serasa)<\/li>\n<li>Anonimizar cadastro<\/li>\n<li>Cadastro de profiss\u00f5es<\/li>\n<li>Possibilita conversar por WhatsApp via sistema<\/li>\n<li><span style=\"font-family: Helvetica;\">Limite de cr\u00e9dito para o cliente na venda a prazo<\/span><\/li>\n<li>Dia de acerto preferencial do cliente<\/li>\n<li>Cadastro de administradoras de cart\u00f5es<\/li>\n<li>Cashback<\/li>\n<li>Vendedor preferencial do cliente<\/li>\n<li>Cadastro de vendedor e t\u00e9cnico, com percentual, forma de pagamento e base c\u00e1lculo da comiss\u00e3o<\/li>\n<li>Cadastro do contabilista para acesso ao portal do contador<\/li>\n<\/ul>\n<p><b>M\u00f3dulo\u00a0Cadastro de Produtos e Servi\u00e7os<\/b><\/p>\n<ul>\n<li>Cadastro de produtos GLP<\/li>\n<li>Cadastro de produtos derivados de petr\u00f3leo<\/li>\n<li>Duplicar cadastro de produtos e servi\u00e7os<\/li>\n<li>Gerenciamento do ICMS-ST retido<\/li>\n<li>Cadastro de plano de conta cont\u00e1bil para entrada e\u00a0sa\u00edda<\/li>\n<li>Cadastro de unidades de medida (un de controle e tribut\u00e1vel)<\/li>\n<li>Cadastro de produtos de balan\u00e7a<\/li>\n<li>Cadastro de informa\u00e7\u00f5es nutricionais para produtos de balan\u00e7a<\/li>\n<li>Cadastro de \u00edndices para c\u00e1lculo de pre\u00e7o de custo e venda<\/li>\n<li>Consulta de produtos pelo c\u00f3digo de barras (para facilitar o cadastro)<\/li>\n<li>Percentual de Cashback<\/li>\n<li>C\u00f3digos de barras alternativos<\/li>\n<li>Foto do produto<\/li>\n<\/ul>\n<ul>\n<li><b>M\u00f3dulo\u00a0Consulta Tribut\u00e1ria IMendes e Parametriza\/ADV Integra<\/b><\/li>\n<li><b>M\u00f3dulo\u00a0Cadastro de Grupos e Subgrupos<\/b><\/li>\n<li><b>M\u00f3dulo\u00a0Cadastro de Marcas e Moedas<\/b><\/li>\n<li><b>M\u00f3dulo\u00a0Cadastro de Opera\u00e7\u00f5es Fiscais<\/b><\/li>\n<li><b>M\u00f3dulo\u00a0Cadastro de Perfis do Usu\u00e1rio\u00a0<\/b>(permiss\u00f5es)<\/li>\n<li><b>M\u00f3dulo\u00a0Rela\u00e7\u00e3o Produto Fornecedor<\/b><\/li>\n<li><b>M\u00f3dulo\u00a0Cadastro deTributa\u00e7\u00f5es\u00a0<\/b>(municipal, estadual e federal)<\/li>\n<li><b>M\u00f3dulo\u00a0Cadastro de Usu\u00e1rio<\/b><\/li>\n<\/ul>\n<\/div>\n<p>https:\/\/youtu.be\/lmmECdPAaRE?list=TLGG9lZB2ZcAVD8wMzA0MjAyNA<\/p>\n<p>&nbsp;<\/p>\n<h2 class=\"d-inline-block font-weight-light text-uppercase pl-0 mt-5\"><img decoding=\"async\" src=\"https:\/\/res.cloudinary.com\/hiwllgdpj\/image\/upload\/f_auto,h_50,q_auto,w_50\/v1562695622\/xx8wpkxiqvvn1lgijzqo.png\" alt=\"Financeiro\" \/>FINANCEIRO<\/h2>\n<div class=\"px-0 anim anim-bottom animado\">\n<ul>\n<li><b>M\u00f3dulo\u00a0Centro de Custos<\/b><\/li>\n<li><b>M\u00f3dulo\u00a0Plano de Contas<\/b><\/li>\n<\/ul>\n<\/div>\n<p>https:\/\/youtu.be\/VFy_qNQqU9w?list=TLGGlHAl9F1TaBUwMzA0MjAyNA<\/p>\n<p>&nbsp;<\/p>\n<h2 class=\"d-inline-block font-weight-light text-uppercase pl-0 mt-5\"><img decoding=\"async\" src=\"https:\/\/res.cloudinary.com\/hiwllgdpj\/image\/upload\/f_auto,h_50,q_auto,w_50\/v1562596762\/mvxybjgmjyulghs7cy2z.png\" alt=\"Cadastros\" \/>MOVIMENTA\u00c7\u00c3O DE ENTRADA<\/h2>\n<div class=\"px-0 anim anim-bottom animado\">\n<ul>\n<li>Importa\u00e7\u00e3o do XML da nota de compra<\/li>\n<li>Nota de compra<\/li>\n<li>NF-e de entrada<\/li>\n<li>Nota de devolu\u00e7\u00e3o<\/li>\n<li>Nota de produtor rural<\/li>\n<li>Nota de importa\u00e7\u00e3o<\/li>\n<li>Compartilhamento do PDF da NF-e de entrada por whatsApp<\/li>\n<li>M\u00f3dulo\u00a0<b>CTRC de entrada<\/b>\u00a0(registro de conhecimento de frete)<\/li>\n<li><b>M\u00f3dulo\u00a0Fatores de Convers\u00e3o\u00a0<\/b><\/li>\n<li>M\u00f3dulo\u00a0Convers\u00e3o de CST\/CSOSN e CFOP do Fornecedor na Entrada de Produtos<\/li>\n<li>Efetua a convers\u00e3o da rela\u00e7\u00e3o de CFOP, CST\/CSOSN da nota de fornecedor com a CFOP, CST\/CSOSN\u00a0da empresa que est\u00e1 comprando<\/li>\n<\/ul>\n<\/div>\n<p>https:\/\/youtu.be\/dRfOLPnibwQ?list=TLGGZRoHZUA7IUgwMzA0MjAyNA<\/p>\n<p>&nbsp;<\/p>\n<div>\n<div id=\"conteudo\" class=\"mb-4 h-100\">\n<section id=\"recursos\">\n<div class=\"container py-5\">\n<div id=\"carouselExampleControls0\" class=\"carousel slide row\" data-ride=\"false\">\n<div class=\"carousel-inner px-5 col-12 col-md-9 mt-0\">\n<div id=\"movimentacao-de-saida\" class=\"carousel-item text-center active\">\n<div class=\"mx-auto text-left\">\n<h2 class=\"d-inline-block font-weight-light text-uppercase pl-0 mt-5\"><img decoding=\"async\" src=\"https:\/\/res.cloudinary.com\/hiwllgdpj\/image\/upload\/f_auto,h_50,q_auto,w_50\/v1562695724\/ioxn7wd9k6ohxeqejzcj.png\" alt=\"Movimenta\u00e7\u00e3o de Sa\u00edda\" \/>MOVIMENTA\u00c7\u00c3O DE SA\u00cdDA<\/h2>\n<div class=\"px-0 anim anim-bottom animado\">\n<ul>\n<li>NF-e de sa\u00edda<\/li>\n<li>Nota de venda<\/li>\n<li>Nota de devolu\u00e7\u00e3o<\/li>\n<li>Nota de exporta\u00e7\u00e3o<\/li>\n<li>Emiss\u00e3o de nota de produtor rural<\/li>\n<li><b>M\u00f3dulo de Nota Manual\u00a0<\/b>(registros de notas, menos para UF de SC)<\/li>\n<li><b>M\u00f3dulo\u00a0Ponto de venda (PDV)<\/b><\/li>\n<li>Recebimento de parcelas no PDV<\/li>\n<li>Emite cupom fiscal\/NFC-e\/CF-e (S@T\/MFe)<\/li>\n<li>Compartilhamento do PDF da NF-e de sa\u00edda, NFC-e e CFe (S@T\/MF-e) por WhatsApp<\/li>\n<li><b>M\u00f3dulo\u00a0Pedidos do e-commerce (Digisat Conecta)<\/b><\/li>\n<li><b>M\u00f3dulo\u00a0Vale presente<\/b><\/li>\n<\/ul>\n<\/div>\n<\/div>\n<\/div>\n<\/div>\n<\/div>\n<\/div>\n<\/section>\n<\/div>\n<\/div>\n<section class=\"container d-flex justify-content-center\">[embed]https:\/\/youtu.be\/SD8EwZxNdzs?list=TLGG2huqw9FGYEMwMzA0MjAyNA[\/embed]<\/p>\n<\/section>\n<section><\/section>\n<section>\n<h2 class=\"d-inline-block font-weight-light text-uppercase pl-0 mt-5\"><img decoding=\"async\" src=\"https:\/\/res.cloudinary.com\/hiwllgdpj\/image\/upload\/f_auto,h_50,q_auto,w_50\/v1562695988\/jwqxwwuntesxn2psxuyi.png\" alt=\"Recursos Auxiliares\" \/>RECURSOS AUXILIARES<\/h2>\n<div class=\"px-0 anim anim-bottom animado\">\n<ul>\n<li><b>M\u00f3dulo de Configura\u00e7\u00f5es<\/b><\/li>\n<li><b>M\u00f3dulo de Relat\u00f3rios<\/b><\/li>\n<li>Relat\u00f3rio de Pessoas<\/li>\n<li>Relat\u00f3rio de Produtos e Servi\u00e7os<\/li>\n<li>Relat\u00f3rio de Grupos<\/li>\n<li>Relat\u00f3rio de movimenta\u00e7\u00e3o de entrada e sa\u00edda<\/li>\n<li>Relat\u00f3rio de movimenta\u00e7\u00f5es de CTRC (entrada)<\/li>\n<li>Relat\u00f3rio de turnos<\/li>\n<li>Relat\u00f3rio de opera\u00e7\u00f5es fiscais<\/li>\n<li><b>M\u00f3dulo de Altera\u00e7\u00f5es R\u00e1pidas<\/b>\u00a0(para os usu\u00e1rios, suporte e revenda)<\/li>\n<li>M\u00f3dulo\u00a0<b>Gerador de EFD de contribui\u00e7\u00f5es<\/b><\/li>\n<li><b>M\u00f3dulo\u00a0Gerador de invent\u00e1rio<\/b><\/li>\n<li><b>M\u00f3dulo\u00a0Gerador de arquivos para balan\u00e7a<\/b><\/li>\n<li><b>M\u00f3dulo\u00a0Gerador de Sintegra<\/b><\/li>\n<li><b>M\u00f3dulo\u00a0Gerador de SPED Fiscal<\/b><\/li>\n<li><b>M\u00f3dulo de Gest\u00e3o do Portal do Contador<\/b><\/li>\n<li><b>M\u00f3dulo de Inutiliza\u00e7\u00e3o de DF-e<\/b><\/li>\n<li><b>M\u00f3dulo\u00a0Modelos de E-mail<\/b><\/li>\n<li><b>M\u00f3dulo\u00a0Notifica\u00e7\u00f5es<\/b>\u00a0(pedidos que entram do e-commerce)<\/li>\n<li><b>M\u00f3dulo\u00a0Sincroniza\u00e7\u00e3o e-commerce<\/b>\u00a0(Digisat Conecta)<\/li>\n<li><b>M\u00f3dulo\u00a0de Turnos<\/b><\/li>\n<\/ul>\n<\/div>\n<\/section>\n<section>[embed]https:\/\/youtu.be\/nPTZ4i7DH84?list=TLGGHnodib3s7UAwMzA0MjAyNA[\/embed]<\/p>\n<\/section>\n<section><\/section>\n<section><\/section>\n<section><\/section>\n","protected":false},"featured_media":23901,"comment_status":"closed","ping_status":"closed","template":"","meta":{"_joinchat":[]},"product_brand":[],"product_cat":[133],"product_tag":[],"class_list":{"0":"post-22365","1":"product","2":"type-product","3":"status-publish","6":"product_cat-automacao-comercial","7":"product_shipping_class-melhor-envio","9":"first","10":"instock","11":"purchasable","12":"product-type-simple"},"_links":{"self":[{"href":"https:\/\/furlanjet.com.br\/index.php?rest_route=\/wp\/v2\/product\/22365","targetHints":{"allow":["GET"]}}],"collection":[{"href":"https:\/\/furlanjet.com.br\/index.php?rest_route=\/wp\/v2\/product"}],"about":[{"href":"https:\/\/furlanjet.com.br\/index.php?rest_route=\/wp\/v2\/types\/product"}],"replies":[{"embeddable":true,"href":"https:\/\/furlanjet.com.br\/index.php?rest_route=%2Fwp%2Fv2%2Fcomments&post=22365"}],"version-history":[{"count":2,"href":"https:\/\/furlanjet.com.br\/index.php?rest_route=\/wp\/v2\/product\/22365\/revisions"}],"predecessor-version":[{"id":290864,"href":"https:\/\/furlanjet.com.br\/index.php?rest_route=\/wp\/v2\/product\/22365\/revisions\/290864"}],"wp:featuredmedia":[{"embeddable":true,"href":"https:\/\/furlanjet.com.br\/index.php?rest_route=\/wp\/v2\/media\/23901"}],"wp:attachment":[{"href":"https:\/\/furlanjet.com.br\/index.php?rest_route=%2Fwp%2Fv2%2Fmedia&parent=22365"}],"wp:term":[{"taxonomy":"product_brand","embeddable":true,"href":"https:\/\/furlanjet.com.br\/index.php?rest_route=%2Fwp%2Fv2%2Fproduct_brand&post=22365"},{"taxonomy":"product_cat","embeddable":true,"href":"https:\/\/furlanjet.com.br\/index.php?rest_route=%2Fwp%2Fv2%2Fproduct_cat&post=22365"},{"taxonomy":"product_tag","embeddable":true,"href":"https:\/\/furlanjet.com.br\/index.php?rest_route=%2Fwp%2Fv2%2Fproduct_tag&post=22365"}],"curies":[{"name":"wp","href":"https:\/\/api.w.org\/{rel}","templated":true}]}}